{"id":990,"date":"2021-07-13T16:11:46","date_gmt":"2021-07-13T13:11:46","guid":{"rendered":"https:\/\/vana.elus.ee\/?page_id=990"},"modified":"2021-07-13T16:11:46","modified_gmt":"2021-07-13T13:11:46","slug":"elmi-logo","status":"publish","type":"page","link":"https:\/\/vana.elus.ee\/?page_id=990","title":{"rendered":"ELMi logo"},"content":{"rendered":"<p><strong>Eesti looduse m\u00f5ttekoja s\u00fcmboli kavandi konkursi v\u00f5itis Artur Kuus\u00a0<\/strong><\/p>\n<p>Eesti Loodusuurijate Seltsi juurde loodud Eesti looduse m\u00f5ttekoja komisjon kuulutas s\u00fcmboli kavandi konkursi v\u00f5itjaks Artur Kuusi, kes oli oma t\u00f6\u00f6 motiiviks valinud p\u00fcstkoja.<\/p>\n<p>Kavandi loomisel tuli l\u00e4htuda Eestimaa loodusest ja selle p\u00e4randist. \u201eArtur Kuusi t\u00f6\u00f6 t\u00f5usis teiste k\u00f5rval esile professionaalse ja l\u00e4bim\u00f5eldud lahendusega,\u201c kommenteeris v\u00f5idut\u00f6\u00f6d komisjoni esimees Urmas K\u00f5ljalg. \u201eTema loodud kujundust on v\u00f5imalik v\u00e4ga erinevalt kasutada ja just sellist s\u00fcmbolit me otsisimegi.\u201c<\/p>\n<p>Teise ja kolmanda koha v\u00e4\u00e4riliseks hindas komisjon Maria Eliisa Metsise ja Hermes Sarapuu kavandid.<\/p>\n<p>Kavandi konkursi v\u00f5itja Artur Kuus saab auhinnaks ajakirjade Eesti Loodus \u00a0ja Horisont aastatellimuse, teisele ja kolmandale kohale on auhinnaks Eesti Looduse poole aasta tellimus.<\/p>\n<figure id=\"attachment_991\" aria-describedby=\"caption-attachment-991\" style=\"width: 472px\" class=\"wp-caption alignnone\"><a href=\"https:\/\/vana.elus.ee\/wp-content\/uploads\/2021\/07\/Artur-Kuusi-auhinna-\u00fcleandmine-Loodusmuuseumis.jpg\"><img loading=\"lazy\" decoding=\"async\" class=\"wp-image-991 \" src=\"https:\/\/vana.elus.ee\/wp-content\/uploads\/2021\/07\/Artur-Kuusi-auhinna-\u00fcleandmine-Loodusmuuseumis-830x1024.jpg\" alt=\"\" width=\"472\" height=\"582\" srcset=\"https:\/\/vana.elus.ee\/wp-content\/uploads\/2021\/07\/Artur-Kuusi-auhinna-\u00fcleandmine-Loodusmuuseumis-830x1024.jpg 830w, https:\/\/vana.elus.ee\/wp-content\/uploads\/2021\/07\/Artur-Kuusi-auhinna-\u00fcleandmine-Loodusmuuseumis-243x300.jpg 243w, https:\/\/vana.elus.ee\/wp-content\/uploads\/2021\/07\/Artur-Kuusi-auhinna-\u00fcleandmine-Loodusmuuseumis-768x947.jpg 768w, https:\/\/vana.elus.ee\/wp-content\/uploads\/2021\/07\/Artur-Kuusi-auhinna-\u00fcleandmine-Loodusmuuseumis.jpg 1500w\" sizes=\"auto, (max-width: 472px) 100vw, 472px\" \/><\/a><figcaption id=\"caption-attachment-991\" class=\"wp-caption-text\">Artur Kuusi auhinna \u00fcleandmine Loodusmuuseumis<\/figcaption><\/figure>\n<figure id=\"attachment_992\" aria-describedby=\"caption-attachment-992\" style=\"width: 489px\" class=\"wp-caption alignleft\"><a href=\"https:\/\/vana.elus.ee\/wp-content\/uploads\/2021\/07\/elmi-logod-koos.jpg\"><img loading=\"lazy\" decoding=\"async\" class=\"wp-image-992 \" src=\"https:\/\/vana.elus.ee\/wp-content\/uploads\/2021\/07\/elmi-logod-koos-723x1024.jpg\" alt=\"\" width=\"489\" height=\"692\" srcset=\"https:\/\/vana.elus.ee\/wp-content\/uploads\/2021\/07\/elmi-logod-koos-723x1024.jpg 723w, https:\/\/vana.elus.ee\/wp-content\/uploads\/2021\/07\/elmi-logod-koos-212x300.jpg 212w, https:\/\/vana.elus.ee\/wp-content\/uploads\/2021\/07\/elmi-logod-koos-768x1087.jpg 768w, https:\/\/vana.elus.ee\/wp-content\/uploads\/2021\/07\/elmi-logod-koos.jpg 1500w\" sizes=\"auto, (max-width: 489px) 100vw, 489px\" \/><\/a><figcaption id=\"caption-attachment-992\" class=\"wp-caption-text\">ELMi logo<\/figcaption><\/figure>\n","protected":false},"excerpt":{"rendered":"<p>Eesti looduse m\u00f5ttekoja s\u00fcmboli kavandi konkursi v\u00f5itis Artur Kuus\u00a0 Eesti Loodusuurijate Seltsi juurde loodud Eesti looduse m\u00f5ttekoja komisjon kuulutas s\u00fcmboli kavandi konkursi v\u00f5itjaks Artur Kuusi, kes oli oma t\u00f6\u00f6 motiiviks valinud p\u00fcstkoja. Kavandi loomisel tuli l\u00e4htuda Eestimaa loodusest ja selle p\u00e4randist. \u201eArtur Kuusi t\u00f6\u00f6 t\u00f5usis teiste k\u00f5rval esile professionaalse ja l\u00e4bim\u00f5eldud lahendusega,\u201c kommenteeris v\u00f5idut\u00f6\u00f6d komisjoni &hellip; <a href=\"https:\/\/vana.elus.ee\/?page_id=990\" class=\"more-link\">Continue reading <span class=\"screen-reader-text\">ELMi logo<\/span><\/a><\/p>\n","protected":false},"author":1,"featured_media":0,"parent":979,"menu_order":0,"comment_status":"closed","ping_status":"closed","template":"","meta":{"footnotes":""},"class_list":["post-990","page","type-page","status-publish","hentry"],"_links":{"self":[{"href":"https:\/\/vana.elus.ee\/index.php?rest_route=\/wp\/v2\/pages\/990","targetHints":{"allow":["GET"]}}],"collection":[{"href":"https:\/\/vana.elus.ee\/index.php?rest_route=\/wp\/v2\/pages"}],"about":[{"href":"https:\/\/vana.elus.ee\/index.php?rest_route=\/wp\/v2\/types\/page"}],"author":[{"embeddable":true,"href":"https:\/\/vana.elus.ee\/index.php?rest_route=\/wp\/v2\/users\/1"}],"replies":[{"embeddable":true,"href":"https:\/\/vana.elus.ee\/index.php?rest_route=%2Fwp%2Fv2%2Fcomments&post=990"}],"version-history":[{"count":3,"href":"https:\/\/vana.elus.ee\/index.php?rest_route=\/wp\/v2\/pages\/990\/revisions"}],"predecessor-version":[{"id":995,"href":"https:\/\/vana.elus.ee\/index.php?rest_route=\/wp\/v2\/pages\/990\/revisions\/995"}],"up":[{"embeddable":true,"href":"https:\/\/vana.elus.ee\/index.php?rest_route=\/wp\/v2\/pages\/979"}],"wp:attachment":[{"href":"https:\/\/vana.elus.ee\/index.php?rest_route=%2Fwp%2Fv2%2Fmedia&parent=990"}],"curies":[{"name":"wp","href":"https:\/\/api.w.org\/{rel}","templated":true}]}}