{"id":984,"date":"2021-07-13T15:49:44","date_gmt":"2021-07-13T12:49:44","guid":{"rendered":"https:\/\/vana.elus.ee\/?page_id=984"},"modified":"2021-07-13T16:30:21","modified_gmt":"2021-07-13T13:30:21","slug":"eesti-looduse-mottekoja-loengusari-tutvustab-loodusteaduslikke-doktoritoid","status":"publish","type":"page","link":"https:\/\/vana.elus.ee\/?page_id=984","title":{"rendered":"M\u00f5ttekojast"},"content":{"rendered":"<p><strong>Mai l\u00f5pus alustas Eesti looduse m\u00f5ttekoja loengusari, mis tutvustab laiemale avalikkusele Eesti \u00fclikoolides kaitstud loodusteaduslikke doktorit\u00f6id. Kaks korda kuus toimuvates 45-minutilistes loengutes esitlevad oma teadust\u00f6id Tartu \u00dclikooli, Eesti Maa\u00fclikooli, Tallinna \u00dclikooli ja TalTechi doktorandid.\u00a0<\/strong><\/p>\n<p>\u201eMeie k\u00f5rgkoolides kaitstakse suurep\u00e4raseid teadust\u00f6id,\u201c r\u00e4\u00e4kis Loodusuurijate Seltsi (LUS) president ja Eesti looduse m\u00f5ttekoja \u00fcks eestvedajaid, akadeemik Urmas K\u00f5ljalg. \u201eTahaksime, et nendest saaks osa v\u00f5imalikult suur hulk inimesi ja just selleks olemegi uue sarja ellu kutsunud. Loengute lisav\u00e4\u00e4rtuseks on eestikeelse teaduskeele ja terminoloogia areng, mille osas teeme tihedat koost\u00f6\u00f6d Eesti Keele Instituudiga.\u201c<\/p>\n<p>K\u00f5iki loenguid saab vaadata nii reaalajas otse\u00fclekandena kui ka hiljem salvestusena UTTV arhiivist. Loengusarja \u00fche koost\u00f6\u00f6partneri, Tartu \u00dclikooli raamatukogu abiga andmebaasistatakse k\u00f5ik doktorit\u00f6\u00f6des kasutatud eestikeelsed terminid ning tehakse samuti avaandmetena k\u00f5igile k\u00e4ttesaadavaks.<br \/>\n\u201eLoodame v\u00e4ga, et meie teaduse saavutused j\u00f5uavad loengute abil paremini ka innovatsiooniga tegelevate ettev\u00f5tjateni,\u201c s\u00f5nas K\u00f5ljalg. \u201eKindlasti v\u00e4\u00e4rivad meie noorte teadlaste t\u00f6\u00f6d edasisi arutelusid, sest potentsiaali aidata kaasa uutele, meie riiki ja \u00fchiskonda edasiviivatele lahendustele on neis igal juhul. Meie aitame noortel teadlastel oma saavutusi tutvustada.\u201c<\/p>\n<p>Loengusarja avaettekande tegi 27. mail 2021 Elin Soomets Tartu \u00dclikoolist, kes r\u00e4\u00e4kis oma doktorit\u00f6\u00f6st \u201eSuunisliigid m\u00e4rgalakoosluste taastamisel\u201c (\u201eFocal species in wetland restoration\u201c), mille ta kaitses 11. septembril 2020. Esimesed loengud toimusid Tartu \u00dclikooli raamatukogu konverentsikeskuse suures saalis. Peale LUSi maja taasavamist j\u00e4tkuvad loengud juba sealsetes ruumides. Tallinnas saab reaalajas esitlusi ja \u00fclekandeid \u00a0j\u00e4lgida Tallinna \u00dclikooli Akadeemilise Raamatukogu peamajas, Uno-saalis (R\u00e4vala pst. 10).<\/p>\n<p>Lisaks Tartu \u00dclikoolile, Eesti Maa\u00fclikoolile, Tallinna \u00dclikoolile, TalTech\u00b4ile ning Eesti nelja suuremat \u00fclikooli \u00fchendav doktorikoolile tehakse projekti k\u00e4igus koost\u00f6\u00f6d ka Teaduste Akadeemia, Tartu linna ja \u00a0Kunstiakadeemiaga.<\/p>\n<p>Lisateave:<br \/>\nMaris Hindrikson<br \/>\n<a href=\"mailto:maris.hindrikson@ut.ee\">maris.hindrikson@ut.ee<\/a><br \/>\n5542532<\/p>\n","protected":false},"excerpt":{"rendered":"<p>Mai l\u00f5pus alustas Eesti looduse m\u00f5ttekoja loengusari, mis tutvustab laiemale avalikkusele Eesti \u00fclikoolides kaitstud loodusteaduslikke doktorit\u00f6id. Kaks korda kuus toimuvates 45-minutilistes loengutes esitlevad oma teadust\u00f6id Tartu \u00dclikooli, Eesti Maa\u00fclikooli, Tallinna \u00dclikooli ja TalTechi doktorandid.\u00a0 \u201eMeie k\u00f5rgkoolides kaitstakse suurep\u00e4raseid teadust\u00f6id,\u201c r\u00e4\u00e4kis Loodusuurijate Seltsi (LUS) president ja Eesti looduse m\u00f5ttekoja \u00fcks eestvedajaid, akadeemik Urmas K\u00f5ljalg. \u201eTahaksime, et &hellip; <a href=\"https:\/\/vana.elus.ee\/?page_id=984\" class=\"more-link\">Continue reading <span class=\"screen-reader-text\">M\u00f5ttekojast<\/span><\/a><\/p>\n","protected":false},"author":1,"featured_media":0,"parent":979,"menu_order":0,"comment_status":"closed","ping_status":"closed","template":"","meta":{"footnotes":""},"class_list":["post-984","page","type-page","status-publish","hentry"],"_links":{"self":[{"href":"https:\/\/vana.elus.ee\/index.php?rest_route=\/wp\/v2\/pages\/984","targetHints":{"allow":["GET"]}}],"collection":[{"href":"https:\/\/vana.elus.ee\/index.php?rest_route=\/wp\/v2\/pages"}],"about":[{"href":"https:\/\/vana.elus.ee\/index.php?rest_route=\/wp\/v2\/types\/page"}],"author":[{"embeddable":true,"href":"https:\/\/vana.elus.ee\/index.php?rest_route=\/wp\/v2\/users\/1"}],"replies":[{"embeddable":true,"href":"https:\/\/vana.elus.ee\/index.php?rest_route=%2Fwp%2Fv2%2Fcomments&post=984"}],"version-history":[{"count":6,"href":"https:\/\/vana.elus.ee\/index.php?rest_route=\/wp\/v2\/pages\/984\/revisions"}],"predecessor-version":[{"id":1010,"href":"https:\/\/vana.elus.ee\/index.php?rest_route=\/wp\/v2\/pages\/984\/revisions\/1010"}],"up":[{"embeddable":true,"href":"https:\/\/vana.elus.ee\/index.php?rest_route=\/wp\/v2\/pages\/979"}],"wp:attachment":[{"href":"https:\/\/vana.elus.ee\/index.php?rest_route=%2Fwp%2Fv2%2Fmedia&parent=984"}],"curies":[{"name":"wp","href":"https:\/\/api.w.org\/{rel}","templated":true}]}}