{"id":979,"date":"2021-07-13T15:45:00","date_gmt":"2021-07-13T12:45:00","guid":{"rendered":"https:\/\/vana.elus.ee\/?page_id=979"},"modified":"2021-07-13T16:02:37","modified_gmt":"2021-07-13T13:02:37","slug":"eesti-looduse-mottekoda","status":"publish","type":"page","link":"https:\/\/vana.elus.ee\/?page_id=979","title":{"rendered":"Eesti looduse m\u00f5ttekoda"},"content":{"rendered":"<p><a href=\"https:\/\/vana.elus.ee\/wp-content\/uploads\/2021\/07\/elm-logo-veeb-500.jpg\"><img loading=\"lazy\" decoding=\"async\" class=\"alignnone size-medium wp-image-976\" src=\"https:\/\/vana.elus.ee\/wp-content\/uploads\/2021\/07\/elm-logo-veeb-500-300x86.jpg\" alt=\"\" width=\"300\" height=\"86\" srcset=\"https:\/\/vana.elus.ee\/wp-content\/uploads\/2021\/07\/elm-logo-veeb-500-300x86.jpg 300w, https:\/\/vana.elus.ee\/wp-content\/uploads\/2021\/07\/elm-logo-veeb-500.jpg 500w\" sizes=\"auto, (max-width: 300px) 100vw, 300px\" \/><\/a><\/p>\n<p>Eesti looduse m\u00f5ttekoda (ELM) on LUSi poolt ellu kutsutud loengusari, kus tutvustatakse laiemale avalikkusele Eesti \u00fclikoolides kaitstud doktorit\u00f6id.<\/p>\n<p>K\u00f5iki loenguid saab vaadata nii reaalajas otse\u00fclekandena kui ka hiljem salvestusena UTTV arhiivist.<\/p>\n","protected":false},"excerpt":{"rendered":"<p>Eesti looduse m\u00f5ttekoda (ELM) on LUSi poolt ellu kutsutud loengusari, kus tutvustatakse laiemale avalikkusele Eesti \u00fclikoolides kaitstud doktorit\u00f6id. K\u00f5iki loenguid saab vaadata nii reaalajas otse\u00fclekandena kui ka hiljem salvestusena UTTV arhiivist.<\/p>\n","protected":false},"author":1,"featured_media":0,"parent":92,"menu_order":1,"comment_status":"closed","ping_status":"closed","template":"","meta":{"footnotes":""},"class_list":["post-979","page","type-page","status-publish","hentry"],"_links":{"self":[{"href":"https:\/\/vana.elus.ee\/index.php?rest_route=\/wp\/v2\/pages\/979","targetHints":{"allow":["GET"]}}],"collection":[{"href":"https:\/\/vana.elus.ee\/index.php?rest_route=\/wp\/v2\/pages"}],"about":[{"href":"https:\/\/vana.elus.ee\/index.php?rest_route=\/wp\/v2\/types\/page"}],"author":[{"embeddable":true,"href":"https:\/\/vana.elus.ee\/index.php?rest_route=\/wp\/v2\/users\/1"}],"replies":[{"embeddable":true,"href":"https:\/\/vana.elus.ee\/index.php?rest_route=%2Fwp%2Fv2%2Fcomments&post=979"}],"version-history":[{"count":3,"href":"https:\/\/vana.elus.ee\/index.php?rest_route=\/wp\/v2\/pages\/979\/revisions"}],"predecessor-version":[{"id":989,"href":"https:\/\/vana.elus.ee\/index.php?rest_route=\/wp\/v2\/pages\/979\/revisions\/989"}],"up":[{"embeddable":true,"href":"https:\/\/vana.elus.ee\/index.php?rest_route=\/wp\/v2\/pages\/92"}],"wp:attachment":[{"href":"https:\/\/vana.elus.ee\/index.php?rest_route=%2Fwp%2Fv2%2Fmedia&parent=979"}],"curies":[{"name":"wp","href":"https:\/\/api.w.org\/{rel}","templated":true}]}}