{"id":97,"date":"2015-10-02T13:20:48","date_gmt":"2015-10-02T10:20:48","guid":{"rendered":"https:\/\/vana.elus.ee\/?page_id=97"},"modified":"2025-04-16T10:58:02","modified_gmt":"2025-04-16T07:58:02","slug":"ettekandekoosolekud","status":"publish","type":"page","link":"https:\/\/vana.elus.ee\/?page_id=97","title":{"rendered":"Ettekandekoosolekud"},"content":{"rendered":"<p>Eesti LUS korraldab\u00a0septembrist juuni l\u00f5puni iga kuu viimasel neljap\u00e4eval ettekannetega \u00fcldkoosolekuid.<\/p>\n<p>2025. aastal toimunud ettekandekoosolekud:<\/p>\n<ul>\n<li>30. jaanuar. <strong>Eesti kirjanduse p\u00e4ev<\/strong>. <strong>Tuul Sepp<\/strong> tutvustas oma loomingut. <strong>Marko M\u00e4gi<\/strong>: \u201eTiigielu&#8221;<\/li>\n<li>3. m\u00e4rts. <strong>Baeri p\u00e4ev<\/strong>. <strong>Eve Veromann<\/strong>: \u201eKahjurikindel p\u00f5llumajandusmaastik \u2013 kas see on v\u00f5imalik?\u201c. <strong>Thea Kull<\/strong> ja <strong>Erki Tammiksaar<\/strong>: \u201eBaeri herbaariumi r\u00e4nnakud\u201c<\/li>\n<li>27. m\u00e4rts. Aruannete kinnitamine. <strong>Heikki Luhamaa<\/strong>: \u201eKaasp\u00fc\u00fcgist kalanduses\u201c<\/li>\n<\/ul>\n<p>2024. aastal toimusid j\u00e4rgmised ettekandekoosolekud:<\/p>\n<ul>\n<li>25. jaanuar. <strong>Arvi Freiberg<\/strong>: \u201e<a href=\"https:\/\/www.youtube.com\/watch?v=-G8ndfY9XEU\">S\u00e4\u00e4stvat arengut toetav teaduste dekaad: reaalne plaan v\u00f5i (seni) pelgalt ambitsioon?<\/a>\u201c<\/li>\n<li>29. veebruar. <strong>Martti Helde<\/strong>: kohtumine filmi \u201eVara k\u00fcps\u201c re\u017eiss\u00f6\u00f6riga<\/li>\n<li>21. m\u00e4rts. <strong>Kurmo Konsa<\/strong>: \u201e<a href=\"https:\/\/www.youtube.com\/watch?v=UH-8ebFqJZE\">Informatsiooni m\u00f5istest bioloogias \u2013 ajalooline vaade<\/a>\u201c<\/li>\n<li>25. aprill. <strong>Ants Tull<\/strong> ja <strong>Maris Kruuse<\/strong>:\u00a0\u201eUlukid ja rohesillad: millised liigid ja kui sageli \u00f6kodukte kasutavad?\u201c<\/li>\n<li>30. mai. <strong>Kristjan T\u00f5nisson<\/strong>: \u201e\u00dclevaade elupaikade taastamist\u00f6\u00f6dest RMKs\u201c<\/li>\n<li>6. juuli. Looduseuurijate p\u00e4eva ettekanded Lahemaal Oja\u00e4\u00e4rse loodusmajas<\/li>\n<li>31. oktoober. <strong>Remek Meel<\/strong>: \u201eReisimuljed kolmes Zimbabwe rahvuspargis\u201c<\/li>\n<li>28. november. <strong>Erik Puura<\/strong>:\u00a0\u201eEesti fosforiidi lugu\u201c<\/li>\n<li>19. detsember: <strong>Polina Degtjarenko<\/strong>: \u201eEesti kaitsealuste liikide nimekirjade kaasajastamine\u201c<\/li>\n<\/ul>\n<p>2023. aastal toimusid j\u00e4rgmised ettekandekoosolekud:<\/p>\n<ul>\n<li>26. jaanuar. <strong>T\u00f5nu Viik<\/strong> ja <strong>Sulev Kuuse<\/strong>: \u201eMart Viikmaa elulooraamatu esitlus\u201c<\/li>\n<li>9. m\u00e4rts. <strong>Baeri p\u00e4ev<\/strong>. <strong>Erki Tammiksaar<\/strong>: \u201eTeadusjooniste koht Karl E. von Baeri loomingus\u201c. <strong>Oive Tinn<\/strong>: \u201eL\u00f5petamata lugu maailma k\u00f5ige kuulsamatest fossiilidest (jutt ei ole dinosaurustest)\u201c.<\/li>\n<li>30. m\u00e4rts. <strong>Kadri P\u00e4rtel<\/strong>: \u201eMillised on kevadised tiksikud?\u201c<\/li>\n<li>27. aprill. <strong>Ivar Sibul<\/strong>: \u201eUudsed ja keskkonnas\u00e4\u00e4stlikud metsakaitsemeetodid m\u00e4nnik\u00e4rsakate vastu\u201c<\/li>\n<li>25. mai. <strong>Peep J\u00fcrmann<\/strong>: \u201eKAURi keskkonnaanal\u00fc\u00fcsi osakonna tutvustus\u201c<\/li>\n<li>28. september. <strong>Tarmo Evestus<\/strong>: \u201eMetsaelupaigad majandamise ja kaitse t\u00f5mbetuules\u201c<\/li>\n<li>26. oktoober. LUS 170. juubeli t\u00e4histamine. <strong>T\u00f5nu Viik<\/strong>: \u201eLUS 2010ndatel\u201c<\/li>\n<li>30. november. <strong>Arne Sellin<\/strong>: \u201eKliimamuutuste m\u00f5ju meie metsadele \u00f6kof\u00fcsioloogilisest vaatenurgast\u201c<\/li>\n<li>21. detsember. <strong>Andrei Miljutin<\/strong>: \u201eRoti fenomen: \u00fche m\u00fcstilise saladuse lahendamise lugu\u201c<\/li>\n<\/ul>\n<p>2022. aastal toimus 10 \u00fcldkoosolekut:<\/p>\n<ul>\n<li>27. jaanuar.\u00a0<strong><a href=\"https:\/\/www.youtube.com\/watch?v=SZnlEB7qecA&amp;t=2s\">Uudo Timm: <\/a><\/strong><a href=\"https:\/\/www.youtube.com\/watch?v=SZnlEB7qecA&amp;t=2s\">\u201eRannikute ja kallaste elustik\u201c<\/a>,<strong>\u00a0<a href=\"https:\/\/www.youtube.com\/watch?v=jdYKkkwetDY&amp;t=2s\">Lauri Klein: <\/a><\/strong><a href=\"https:\/\/www.youtube.com\/watch?v=jdYKkkwetDY&amp;t=2s\">\u201eRanna- ja kaldaala planeeringud ja nende m\u00f5ju elustikule\u201c<\/a><\/li>\n<li>10. m\u00e4rts.\u00a0<strong>Baeri p\u00e4ev. Erki Tammiksaar: <\/strong>\u201eKarl Ernst von Baer taime- ja loomaliikidest, liikide v\u00e4ljasuremisest ja kogumisest\u201c,\u00a0<strong>Olavi Kurina:<\/strong> \u201eLiikide kirjeldamine: traditsioonid ja t\u00e4nap\u00e4ev\u201c,\u00a0<strong>Erki \u00d5unap:<\/strong> \u201eVana ja uue s\u00fcnergia taksonoomias:\u00a0<em>Nola Estonica\u00a0<\/em>leidmise lugu\u201c<\/li>\n<li>31. m\u00e4rts. <strong>Lembit Maamets<\/strong>: \u201eRaiemahud t\u00e4naste s\u00fcndmuste valguses\u201c<\/li>\n<li>28. aprill. <strong>Velle Toll<\/strong>: \u201eMaa kliima tulevik \u00dcRO kiliimamuutuste paneeli 6. raporti p\u00f5hjal\u201c<\/li>\n<li>26. mai. <strong>Ivo Kruusam\u00e4gi<\/strong>: \u201eKuidas tuua teadus Vikipeediasse?\u201c<\/li>\n<li>16. juuni. <strong>Madli Linder<\/strong> \u201eNEOBIOTA 2022 konverentsi tutvustus\u201c. Urmas K\u00f5ljalg: \u201eLUSi esmase tegevuskava tutvustus\u201c<\/li>\n<li>29. september. <strong>Eike Tammek\u00e4nd<\/strong>: \u201eL\u00fchi\u00fclevaade v\u00f5\u00f5rliikide t\u00f5rjest Eestis\u201c. <strong>Madli Linder<\/strong>: \u201eNEOBIOTA 2022 konverentsi kokkuv\u00f5te\u201c<\/li>\n<li>27. oktoober. <strong>Egle Tammeleht<\/strong>: \u201eAasta loom 2022 \u2013 pruunkaru\u201c<\/li>\n<li>24. november. <strong>K\u00e4tlin Weinzierl<\/strong>: <a href=\"https:\/\/www.youtube.com\/watch?v=Tp5gC1OaZ4s&amp;t=1s\">\u201eEesti globaalse keskkonnaandmestiku algatuse DEAL tutvustus\u201c<\/a><\/li>\n<li>22. detsember. <strong>Ain Piir<\/strong>: \u201eKagu-Eesti p\u00e4evaliblikad\u201c<\/li>\n<\/ul>\n<p>2021. aastal toimus 9 \u00fcldkoosolekut:<\/p>\n<ul>\n<li><span data-contrast=\"auto\">28. jaanuar. <strong>Ants Tull<\/strong>: \u201eLinnaloomadega levivad zoonootilised parasiidid\u201c<\/span><span data-ccp-props=\"{&quot;201341983&quot;:0,&quot;335559739&quot;:160,&quot;335559740&quot;:259}\"><br \/>\n<\/span><\/li>\n<li><span data-contrast=\"auto\">25. veebruar.\u00a0<strong>Anto\u00a0Aasa<\/strong>: \u201eMobiilpositsioneerimise andmete kasutamine koroonaviiruse leviku uurimisel\u201c<\/span><span data-ccp-props=\"{&quot;201341983&quot;:0,&quot;335559739&quot;:160,&quot;335559740&quot;:259}\"><br \/>\n<\/span><\/li>\n<li><span data-contrast=\"auto\">25 m\u00e4rts. <strong>Veljo Runnel<\/strong>: \u201e11000 loodusvaatluse lugu<\/span><span data-ccp-props=\"{&quot;201341983&quot;:0,&quot;335559739&quot;:160,&quot;335559740&quot;:259}\">\u201c<br \/>\n<\/span><\/li>\n<li>30. aprill.\u00a0<b>Urmas K\u00f5ljalg<\/b>: \u201eElurikkuse andmete haldurid: kes nad on ja millega tegelevad?\u201c<\/li>\n<li><span data-contrast=\"auto\">29. juuni. <strong>Veljo Runnel<\/strong>: \u201eLoodusvaatluste maratoni tulemused ja Eestile leitud uus liik\u201c\u00a0<\/span><span data-ccp-props=\"{&quot;201341983&quot;:0,&quot;335559739&quot;:160,&quot;335559740&quot;:259}\"><br \/>\n<\/span><\/li>\n<li><span data-contrast=\"auto\">30. september.<strong> Ivika\u00a0Ostonen-M\u00e4rtin<\/strong>: \u201eTaimekoosluste maa-alune pool: juurtest, mullast ja kliimast<\/span><span data-ccp-props=\"{&quot;201341983&quot;:0,&quot;335559739&quot;:160,&quot;335559740&quot;:259}\">\u201c<br \/>\n<\/span><\/li>\n<li><span data-contrast=\"auto\">28. oktoober.\u00a0<strong>Renno\u00a0Nellis<\/strong>: \u201eV\u00e4\u00e4riselupaikade\u00a0inventuuri arengutest\u201c <\/span><span data-ccp-props=\"{&quot;201341983&quot;:0,&quot;335559739&quot;:160,&quot;335559740&quot;:259}\"><br \/>\n<\/span><\/li>\n<li><span data-contrast=\"auto\">25. november. <strong>Triin\u00a0Veber<\/strong>: \u201eKliimamuutuste m\u00f5ju tervisele\u201c <\/span><span data-ccp-props=\"{&quot;201341983&quot;:0,&quot;335559739&quot;:160,&quot;335559740&quot;:259}\"><br \/>\n<\/span><\/li>\n<li><span data-contrast=\"auto\">16. detsember. <\/span><span data-ccp-props=\"{&quot;201341983&quot;:0,&quot;335559739&quot;:160,&quot;335559740&quot;:259}\"><a href=\"https:\/\/www.youtube.com\/watch?v=-QMjE17mBas\"><strong>Hannes T\u00f5nisson:<\/strong> \u201eRannikule ehitamise v\u00f5lud ja valud\u00a0\u2013 loodusteaduste vaatenurk\u201c<\/a><\/span><\/li>\n<\/ul>\n<p>&nbsp;<\/p>\n","protected":false},"excerpt":{"rendered":"<p>Eesti LUS korraldab\u00a0septembrist juuni l\u00f5puni iga kuu viimasel neljap\u00e4eval ettekannetega \u00fcldkoosolekuid. 2025. aastal toimunud ettekandekoosolekud: 30. jaanuar. Eesti kirjanduse p\u00e4ev. Tuul Sepp tutvustas oma loomingut. Marko M\u00e4gi: \u201eTiigielu&#8221; 3. m\u00e4rts. Baeri p\u00e4ev. Eve Veromann: \u201eKahjurikindel p\u00f5llumajandusmaastik \u2013 kas see on v\u00f5imalik?\u201c. Thea Kull ja Erki Tammiksaar: \u201eBaeri herbaariumi r\u00e4nnakud\u201c 27. m\u00e4rts. Aruannete kinnitamine. Heikki Luhamaa: &hellip; <a href=\"https:\/\/vana.elus.ee\/?page_id=97\" class=\"more-link\">Continue reading <span class=\"screen-reader-text\">Ettekandekoosolekud<\/span><\/a><\/p>\n","protected":false},"author":1,"featured_media":0,"parent":0,"menu_order":0,"comment_status":"closed","ping_status":"closed","template":"","meta":{"footnotes":""},"class_list":["post-97","page","type-page","status-publish","hentry"],"_links":{"self":[{"href":"https:\/\/vana.elus.ee\/index.php?rest_route=\/wp\/v2\/pages\/97","targetHints":{"allow":["GET"]}}],"collection":[{"href":"https:\/\/vana.elus.ee\/index.php?rest_route=\/wp\/v2\/pages"}],"about":[{"href":"https:\/\/vana.elus.ee\/index.php?rest_route=\/wp\/v2\/types\/page"}],"author":[{"embeddable":true,"href":"https:\/\/vana.elus.ee\/index.php?rest_route=\/wp\/v2\/users\/1"}],"replies":[{"embeddable":true,"href":"https:\/\/vana.elus.ee\/index.php?rest_route=%2Fwp%2Fv2%2Fcomments&post=97"}],"version-history":[{"count":20,"href":"https:\/\/vana.elus.ee\/index.php?rest_route=\/wp\/v2\/pages\/97\/revisions"}],"predecessor-version":[{"id":2303,"href":"https:\/\/vana.elus.ee\/index.php?rest_route=\/wp\/v2\/pages\/97\/revisions\/2303"}],"wp:attachment":[{"href":"https:\/\/vana.elus.ee\/index.php?rest_route=%2Fwp%2Fv2%2Fmedia&parent=97"}],"curies":[{"name":"wp","href":"https:\/\/api.w.org\/{rel}","templated":true}]}}