{"id":87,"date":"2015-10-02T11:29:58","date_gmt":"2015-10-02T08:29:58","guid":{"rendered":"https:\/\/vana.elus.ee\/?page_id=87"},"modified":"2015-10-02T11:41:05","modified_gmt":"2015-10-02T08:41:05","slug":"projektid","status":"publish","type":"page","link":"https:\/\/vana.elus.ee\/?page_id=87","title":{"rendered":"Projektid"},"content":{"rendered":"<div><b><span style=\"font-size: large;\">2012. aastal<\/span><\/b><\/div>\n<div><\/div>\n<div>\n<table style=\"height: 142px;\" width=\"708\">\n<tbody>\n<tr>\n<td>Rahastaja<\/td>\n<td>Projekti nr<\/td>\n<td>Projekti nimi<\/td>\n<\/tr>\n<tr>\n<td>SA KIK<\/td>\n<td>4876<\/td>\n<td>Suurkiskjate kaitse- ja ohjamise tegevuskava avaldamine; <a href=\"http:\/\/elus.edicypages.com\/files\/Suurkiskjate%20kava_EST.pdf\">EST<\/a>; <a href=\"http:\/\/elus.edicypages.com\/files\/Suurkiskjate%20kaitse-%20ja%20ohjamise%20tegevuskava_ENG.pdf\">ENG<\/a><\/td>\n<\/tr>\n<\/tbody>\n<\/table>\n<\/div>\n<div><\/div>\n<div><span style=\"font-size: large;\"><b>2011. aastal<\/b><\/span><\/div>\n<div><\/div>\n<div>\n<table>\n<tbody>\n<tr>\n<td>Rahastaja<\/td>\n<td>Projekt<\/td>\n<\/tr>\n<tr>\n<td>SA KIK<\/td>\n<td>Elurikkuse evolutsioon:\u00dcRO Rahvusvahelise elurikkuse aasta teavitustegevused<\/td>\n<\/tr>\n<tr>\n<td>Keskkonnaamet<\/td>\n<td>Nahkhiirte kaitse tegevuskava 2012-2016<\/td>\n<\/tr>\n<tr>\n<td>SA KIK<\/td>\n<td>Lendorava pesapakud III<\/td>\n<\/tr>\n<tr>\n<td>SA KIK<\/td>\n<td>Unilaste pesakastid III<\/td>\n<\/tr>\n<tr>\n<td>SA KIK<\/td>\n<td>Terioloogia s\u00fcgiskool<\/td>\n<\/tr>\n<tr>\n<td>SA KIK<\/td>\n<td>Loodusvaatluste andmebaasi avalikule kaardirakendusele uute funktsionaalsuste arendamine ja tutvustamine<\/td>\n<\/tr>\n<tr>\n<td>Tallinna Botaanikaaed<\/td>\n<td>Samblike, sammalde ja puuseente p\u00fcsin\u00e4itus<\/td>\n<\/tr>\n<tr>\n<td>Keskkonnaamet<\/td>\n<td>Riikliku eluslooduse mitmekesisuse ja maastike seire alamprogrammi &#8220;Lendorav&#8221; t\u00e4itmine<\/td>\n<\/tr>\n<tr>\n<td>SA KIK<\/td>\n<td>Loodusuurijate p\u00e4ev Lahemaa rahvuspargis<\/td>\n<\/tr>\n<\/tbody>\n<\/table>\n<\/div>\n<div><\/div>\n<div><span style=\"font-size: large;\"><b>2010. aastal<\/b><\/span><\/div>\n<div><\/div>\n<div>\n<table>\n<tbody>\n<tr>\n<td>Rahastaja<\/td>\n<td>Projekt<\/td>\n<\/tr>\n<tr>\n<td>SA KIK<\/td>\n<td>Lendorava pesapakud II<\/td>\n<\/tr>\n<tr>\n<td>SA KIK<\/td>\n<td>Unilaste pesakastid II<\/td>\n<\/tr>\n<tr>\n<td>SA KIK<\/td>\n<td>Terioloogia s\u00fcgiskool<\/td>\n<\/tr>\n<tr>\n<td>SA KIK<\/td>\n<td>Teoreetilise bioloogia kevadkool ja kogumik Schola Biotheoretica 36<\/td>\n<\/tr>\n<tr>\n<td>SA KIK<\/td>\n<td>Kuues geoloogia s\u00fcgiskool ja kogumik Schola geologica 6<\/td>\n<\/tr>\n<tr>\n<td>Keskkonnaamet<\/td>\n<td>Riikliku eluslooduse mitmekesisuse ja maastike seire alamprogrammi &#8220;Lendorav&#8221; t\u00e4itmine<\/td>\n<\/tr>\n<tr>\n<td>Tallinna Botaanikaaed<\/td>\n<td>\u00d5ppekaval p\u00f5hinev loodus\u00f5pe<\/td>\n<\/tr>\n<tr>\n<td>Keskkonnaamet<\/td>\n<td>V\u00f5tikvere looduskaitseala kaitsekorralduskava perioodiks 2011-2020<\/td>\n<\/tr>\n<tr>\n<td>Keskkonnaamet<\/td>\n<td>Koolituste korraldamine Hiiumaal<\/td>\n<\/tr>\n<tr>\n<td>Keskkonnaamet<\/td>\n<td>Apteegikaani tegevuskava t\u00e4itmine 2010 aastal<\/td>\n<\/tr>\n<tr>\n<td>Keskkonnaamet<\/td>\n<td>Lendorava kaitse tegevuskava t\u00e4itmine 2010<\/td>\n<\/tr>\n<tr>\n<td>Keskkonnaamet<\/td>\n<td>Keskkonnaameti spetsialistide koolitus ranna- ja lamminiitude elupaikade inventeerimise koolitus<\/td>\n<\/tr>\n<tr>\n<td>P\u00e4randkoosluste Kaitse \u00dching<\/td>\n<td>3 teabep\u00e4eva l\u00e4biviimine L\u00e4\u00e4nemaal Haeskas, Puhtus ja Valgamaal Taheva k\u00fclas<\/td>\n<\/tr>\n<tr>\n<td>SA KIK<\/td>\n<td>Loodusvaatluste andmebaasi tehniline arendamine ja tutvustamine<\/td>\n<\/tr>\n<tr>\n<td>Tallinna Botaanikaaed<\/td>\n<td>\u00d5ppekaval p\u00f5hinev loodus\u00f5pe<\/td>\n<\/tr>\n<\/tbody>\n<\/table>\n<\/div>\n<div><\/div>\n<div><b><span style=\"font-size: large;\">2009. aastal<\/span><\/b><\/div>\n<div><\/div>\n<div>\n<table>\n<tbody>\n<tr>\n<td>Rahastaja<\/td>\n<td>Projekt<\/td>\n<\/tr>\n<tr>\n<td>Tallinna Botaanikaaed<\/td>\n<td>\u00d5ppekaval p\u00f5hinev loodus\u00f5pe<\/td>\n<\/tr>\n<tr>\n<td>SA KIK<\/td>\n<td>Terioloogia s\u00fcgiskool<\/td>\n<\/tr>\n<tr>\n<td>SA KIK<\/td>\n<td>Viies geoloogia s\u00fcgiskool ja kogumik Schola Geologica 5<\/td>\n<\/tr>\n<tr>\n<td>SA KIK<\/td>\n<td>Teoreetilise Bioloogia Kevadkool ja kogumik Schola Biotheoretica 35<\/td>\n<\/tr>\n<tr>\n<td>Metsakaitse- ja Metsauuenduskeskus<\/td>\n<td>Rakendusuuringu \u201eK\u00e4hrikkoera territooriumi suurus ja elupaiga kasutus\u201c<\/td>\n<\/tr>\n<tr>\n<td>Keskkonnaamet<\/td>\n<td>Maastike seire alaprogramm &#8211; \u201eLendorav&#8221;<\/td>\n<\/tr>\n<tr>\n<td>Avatud Eesti Fond<\/td>\n<td>Eesti Looduseuurijate Seltsi v\u00f5imekuse arendamine erialateabe pakkujana<\/td>\n<\/tr>\n<tr>\n<td>Eesti Terminoloogia \u00dching<\/td>\n<td>Botaanilise terminoloogia komisjoni tegevuse toetus<\/td>\n<\/tr>\n<tr>\n<td>Keskkonnaamet<\/td>\n<td>Raadi looduskaitseala kaitse alla v\u00f5tmise p\u00f5hjendatuse ja piirangute otstarbekuse ekspertiisi ning NATURA 2000 loodusdirektiivi elupaigat\u00fc\u00fcpide inventeerimine<\/td>\n<\/tr>\n<tr>\n<td>Keskkonnaamet<\/td>\n<td>Ontika MKA, Udria MKA, Smolnitsa MKA ja Iisaku parkmetsa taimkatte inventuur<\/td>\n<\/tr>\n<tr>\n<td>Eesti Terminoloogia \u00dching<\/td>\n<td>Eestikeelse \u00f6koloogia terminoloogia komisjoni tegevuse rahastamine<\/td>\n<\/tr>\n<tr>\n<td>MT\u00dc L\u00e4\u00e4nemaa Linnuklubi<\/td>\n<td>K\u00e4ntu-Kastja hoiuala loodusdirektiivi elupaigat\u00fc\u00fcpide inventuuri poollooduslike koosluste osas ning kaitstavate taimeliikide inventuur<\/td>\n<\/tr>\n<tr>\n<td>Keskkonnaamet<\/td>\n<td>Lendorava tegevuskava t\u00e4itmine 2009. a.<\/td>\n<\/tr>\n<tr>\n<td>Tallinna Botaanikaaed<\/td>\n<td>TBA samblike, sammalde ja puuseente p\u00fcsin\u00e4ituse brosh\u00fc\u00fcri koostamine<\/td>\n<\/tr>\n<tr>\n<td>Maanteeamet<\/td>\n<td>Loomal\u00e4bip\u00e4\u00e4sude rajamise juhendi koostamine<\/td>\n<\/tr>\n<\/tbody>\n<\/table>\n<p><b><span style=\"font-size: large;\">2008. aastal\u00a0<\/span><\/b><\/p>\n<\/div>\n<div>\n<table>\n<tbody>\n<tr>\n<td>Rahastaja<\/td>\n<td>Projekt<\/td>\n<\/tr>\n<tr>\n<td>SA KIK<\/td>\n<td>UNESCO Planeet maa Aasta haridus- ja teavitusprogramm<\/td>\n<\/tr>\n<tr>\n<td>SA KIK<\/td>\n<td>Rahvusvahelise Planeet Maa Aasta teavitusprogramm<\/td>\n<\/tr>\n<tr>\n<td>Metsakaitse- ja Metsauuenduskeskus<\/td>\n<td>K\u00e4hrikkoera territooriumi suurus ja elupaiga kasutus<\/td>\n<\/tr>\n<tr>\n<td>Metsakaitse- ja Metsauuenduskeskus<\/td>\n<td>M\u00e4gra linnakute inventuur Harju- ja P\u00f5lvamaal<\/td>\n<\/tr>\n<tr>\n<td>Riiklik Looduskaitsekeskus<\/td>\n<td>Kaitsealuste taimede leiuinfo kontrollimise ja pideva ajakohastamise metoodika<\/td>\n<\/tr>\n<tr>\n<td>Riiklik Looduskaitsekeskus<\/td>\n<td>Muraka lka, Aseri mka, P\u00e4ite mka ja Kurtna mka soontaimede ja Muraka lka sammalde inventuur<\/td>\n<\/tr>\n<tr>\n<td>Riiklik Looduskaitsekeskus<\/td>\n<td>Vapram\u00e4e maastikukaitseala kaitsekorralduskava<\/td>\n<\/tr>\n<tr>\n<td>SA KIK<\/td>\n<td>Loodusvaatluste andmebaasi tehniline arendamine ja tutvustamine<\/td>\n<\/tr>\n<tr>\n<td>Eesti Terminoloogia \u00dching<\/td>\n<td>Eestikeelsete taimenimede komisjoni rahastamine<\/td>\n<\/tr>\n<tr>\n<td>Sihtasutus Tuuru<\/td>\n<td>Interreg L\u00f5una-L\u00e4\u00e4nemere ja Kesk-L\u00e4\u00e4nemere programmi n\u00f5udmistele vastavad koost\u00f6\u00f6projektide visandid vastavalt Hiiumaa partnerseminaril kokku lepitud projekti tegevuskavale.<\/td>\n<\/tr>\n<tr>\n<td>Euroopa Majanduspiirkonna finantsmehhanismi ja Norra finantsmehhanismi projekt<\/td>\n<td>Eesti eluslooduse\u00a0 mitmekesisuse andmebaasi ja infov\u00f5rgustiku toetus Natura 2000<\/td>\n<\/tr>\n<\/tbody>\n<\/table>\n<p><b><span style=\"font-size: large;\">2007. aastal<\/span><\/b><\/p>\n<\/div>\n<div><b>Looduseuurijate p\u00e4ev \u201cP\u00f5hja-Eesti klint\u201d. (2007)<\/b><\/div>\n<p>Looduseuurijate p\u00e4eva pikaajalise traditsiooni eesm\u00e4rk on erinevate Eesti regioonide looduse tundma\u00f5ppimine. Seoses algavate Rahvusvahelise Maateaduste Aasta \u00fcritustega on t\u00e4navu Looduseuurijate p\u00e4eva teema geoloogiline. Toimuv konverents ja ilmuv kogumik kajastavad uuemaid andmeid uuritava regiooni kohta. T\u00e4navu on teemaks P\u00f5hja-Eesti klint. J\u00e4tkuvad ettevalmistused klindi esitamiseks UNESCO maailmap\u00e4randi nimekirja lisavad vastava valdkonna ettekannetele kaalukust ja ilmuv kogumik v\u00e4\u00e4rtuslikku informatsiooni nii klindi geoloogiliste kui looduskaitseliste aspektide kohta.<br \/>\nGeomorfoloogia ja looduskaitseliste aspektide k\u00f5rval p\u00fc\u00fctakse koondada informatsiooni ka seni v\u00e4hem t\u00e4helepanu p\u00e4lvinud klindi v\u00e4\u00e4rtuste, sealhulgas klindiseinas kajastuva elu ajaloo ning regiooni geoloogilise ajaloo kohta.<br \/>\nLooduseuurijate p\u00e4eva kogumikus avatakse ja tehakse eesti keeles k\u00e4ttesaadavaks need teadusp\u00f5hised tekstid, mis saavad olla aluseks nii populariseerimisel kui P\u00f5hja-Eesti klindi kaitse<br \/>\n<a href=\"https:\/\/vana.elus.ee\/?do=21&amp;id=7\"><br \/>\n<\/a><\/p>\n<p><b>Learning Biodiversity: a Key for Implementation of UNECE Strategy for Education for Sustainable Development in Estonia. (2005-2006 a.)<\/b><\/p>\n<p>Projekti rahastab Euroopa Liit programmi &#8220;Valitsusv\u00e4liste organisatsioonide keskkonnaprojektide edendamine \u00fchiskonna tugevdamiseks ja keskkonnaalase EL seadusandluse rakendamiseks Eestis&#8221; kaudu. Kogu projekti maksumus on 32 570 eurot. Phare poolt finantseeritav summa on 20 808 eurot. \u00dclej\u00e4\u00e4nud osa kaetakse Keskkonnainvesteeringute Keskuse, Eesti LUSi ja Tartumaa Omavalitsuste Liidu vahenditest. Projekti partnerid on Eesti Looduseuurijate Selts, Karula Hoiu \u00dching, Bioloogia- ja Geograafia \u00d5petajate Liit ja Tartumaa Omavalitsuste Liit.<\/p>\n<p><b>Tallinna keskkonnahariduse kontseptsiooni ja tegevuskava v\u00e4ljat\u00f6\u00f6tamine. (2006.-2007. a)<\/b><\/p>\n<p>Tallinnas puudub loodus- ja keskkonnahariduskeskus. Uute tegevussuundade ja \u00fcldeesm\u00e4rkide p\u00fcstitamiseks on vaja Tallinna keskkonnahariduse eesm\u00e4rgistatud suunamist. Eelduseks on:<br \/>\n1. Keskonnaharidus on Tallinnas v\u00e4\u00e4rtustatud, selle r\u00f5huasetusi muudetakse vastavalt vajadustele \u00f5igusaktide, strateegiliste dokumentide ning eelarvete abil.<br \/>\n2. Tallinn on korraldanud keskkonna- ja loodushariduse omandamise v\u00f5imalused viisil, mis on koosk\u00f5las rahvusvaheliselt v\u00f5etud kohustustega, Eesti strateegiate ja \u00f5igusaktidega<br \/>\n3. Igal eagrupil on v\u00f5imalus saada talle vajalikku keskkonnahariduslikku teavet ja kujundada s\u00e4\u00e4stva eluviisi kujunemiseks vajalikud oskused, hoiakud ja k\u00e4itumisnormid<br \/>\n4. Keskkonnaharidus on k\u00f5igile haridustasanditele ja sihtgruppidele k\u00e4ttesaadav.<br \/>\nTallinna keskkonnahariduse tegevuskava annab \u00fclevaate Keskkonnahariduse kontseptsiooni ellurakendamisest.<br \/>\nTallinna keskkonnahariduse kontseptsioon valmib novembris 2006 ja tegevuskava m\u00e4rtsis 2007.<\/p>\n<p><b>Interreg IIIB Bird projekti kokkuv\u00f5te. (2007)<\/b><\/p>\n<p>Eesti Looduseuurijate Seltsi korraldusel tegeldakse m\u00e4rgalade kaitsekorralduse olukorra selgitamisega ja aruandlusega projekti alade kohta. Lepingu kestus: 1. august 2005-30. juuni 2007. &#8230;<\/p>\n<p><b>Hariliku kobarpea (Ligularia sibirica), I kaitsekategooria taimeliigi, kaitse tegevuskava. (2007)<\/b><\/p>\n<p>Hariliku kobarpea kaitse tegevuskava sisaldab j\u00e4rgmist informatsiooni:<br \/>\n1. liigi levik ja arvukus Euroopas ja Eestis ning levikukaardid;<br \/>\n2. liigi bioloogia;<br \/>\n3. elupaigad (\u00fclevaade elupaigan\u00f5udlustest);<br \/>\n4. liigi kaitse \u00f6koloogilised alused;<br \/>\n5. ohutegurid ja nende m\u00f5ju;<br \/>\n6. hinnang eelmise tegevuskava t\u00e4itmisele ja selle tulemustele;<br \/>\n7. kaitse korraldamine;<br \/>\n8. kaitsekorralduskava rakendamise ajakava ja eelarve.<br \/>\nT\u00f6\u00f6 l\u00f5ppt\u00e4htaeg on 12. detsember 2007.<\/p>\n<p><b>Keskkonnafilosoofia ja loodusm\u00f5te Balti kultuuriruumis.\u00a0<\/b><br \/>\nS\u00fcmpoosionil &#8220;Keskkonnafilosoofia ja loodusm\u00f5te Balti kultuuriruumis&#8221; n\u00e4ol on tegemist sarja &#8220;Rahvusvahelised baltisaksa kirjakultuuri s\u00fcmoosionid&#8221; kuuluva kolmep\u00e4evase rahvusvahelise teadus\u00fcritusega. K\u00e4sitletakse balti kultuuriruumile iseloomulikku keskkonnakogemust, sellest sirguvat kultuuriloomingut, teadustegevust ja loodusm\u00f5tet.<br \/>\n\u00dcrituse korraldajateks on Underi ja Tuglase Kirjanduskeskus, Tartu \u00dclikooli (T\u00dc) semiootikaosakond ja Jakob von Uexk\u00fclli keskus. Jakob von Uexk\u00fclli keskus koos T\u00dc semiootikaosakonnaga viib l\u00e4bi t\u00f6\u00f6 sektsioonis &#8220;\u00d6kokriitika meetodid ja teoreetilised v\u00e4ljavaated&#8221;.<br \/>\nToimumisaeg 27.-29. septembrini 2007.<\/p>\n<p><b>Vormsi Natura 2000 alade kaitstavate linnu- ja taimeliikide inventuur. Leping 2007. a.<\/b><br \/>\nLepingu t\u00e4itmisel viiakse l\u00e4bi:<br \/>\n-kaitstavate taimeliikide varasemate andmete koondamine, kogutud andmete anal\u00fc\u00fcs ning digiteerimine;<br \/>\n&#8211; v\u00e4lit\u00f6\u00f6d kaitstavate taimeliikide leviku selgitamiseks, mille juures on p\u00f5hit\u00e4helepanu I ja II kaitsekategooria liikidel.<br \/>\nT\u00f6\u00f6 teostamise l\u00f5ppt\u00e4htaeg on 21. september 2007.<\/p>\n<p><b>Apteegikaani bioloogia ja kaitse. (Leping 2007. a)<\/b><br \/>\nLepingu t\u00e4itmisel viiakse l\u00e4bi j\u00e4rgmised t\u00f6\u00f6d apteegikaani uurimisel:<br \/>\n1. Elupaikade m\u00e4\u00e4ratlemine erilise v\u00e4\u00e4rtusega p\u00fcsielupaikadena.<br \/>\n2. Kaasaegsete elupaikade v\u00e4ljaselgitamine.<br \/>\n3. Arvukuse ja populatsiooni struktuuri seire.<br \/>\n4. Elupaigan\u00f5udluse ja toitumise uurimine.<br \/>\n5. Elupaigan\u00f5udlusega arvestamine kaitsealade kaitse-eeskirjade jas kaitsekorralduskavade koostamisel.<br \/>\n6. Bioloogiat ja kaitset tutvustava info avaldamine meedias.<br \/>\n7. Bioloogiat ja kaitset tutvustava tr\u00fckise koostamine.<\/p>\n<p><b>Ulukite 2007. aasta ruutloenduse andmete anal\u00fc\u00fcs (2007. a).<\/b><br \/>\nEesm\u00e4rgiks on v\u00f5tta kokku \u00fclevabariigiliselt toimuva ulukite 2007 aasta ruutloenduse andmed ning nende anal\u00fc\u00fcsimine. Oodatav tulemus on mitmete erinevate ulukiliikide asustustiheduse erinevuse v\u00e4ljatoomine riigi erinevates piirkondades. Piirkondades, kus on loendust l\u00e4bi viidud juba mitu aastat, oodatakse ka hinnangut vaadeldavate liikide arvukuse muutustele. Aruanne esitatakse 2007. aasta oktoobri l\u00f5pus.<\/p>\n<p><b>Elustiku mitmekesisuse ja maastike seire. Lendorav. Nahkhiired. Maismaalimused.<\/b> Leping Eesti Maa\u00fclikooli ja Eesti Looduseuurijate Seltsi vahel. (2007)<br \/>\nEesm\u00e4rgid:<br \/>\nElustiku mitmekesisuse ja maastike (sh kaitsealuste ja ohustatud liikide ja elupaikade) seisundi hindamine ja muutuste prognoosimine.<br \/>\nPikkade andmeridade j\u00e4tkumise tagamine ja s\u00e4ilimine keskkonnaregistris<br \/>\nInfo saamine elustiku mitmekesisuse ja maastike seisundist s\u00f5ltuvalt rakendatud meetmetest ning soovituste saamine vajalike edaspidiste kaitsemeetmete rakendamiseks.<br \/>\nLepingu t\u00e4itjateks on Uudo Timm, Piret Kiristaja, Matti Masing.<\/p>\n<p><b>Eestikeelsete taimenimede ja botaanilise terminoloogia komisjoni rahastamise leping. 2007.-2008.a<\/b><br \/>\nEesti terminoloogia \u00dchingu ja Eesti Looduseuurijate Seltsi vahelise lepingu kohaselt rahastatakse osaliselt eestikeelsete taimenimede ja botaanilise terminoloogia komisjoni s\u00fcstemaatilist t\u00f6\u00f6d.<br \/>\nToimub t\u00f6\u00f6 andmebaasiga, mille tulemusel on uuendused veebis \u00fcldiselt k\u00e4ttesaadavad. Materjalide ettevalmistamiseks on kavandatud neli koosolekut. T\u00f6\u00f6vahenditest ostetakse komisjonile s\u00fclearvuti ja k\u00e4siraamatute kogu. Sisulise tegevuse ja kuluaruanne esitatakse 10. jaanuariks 2008.<\/p>\n<p><b>Kolmas geoloogia s\u00fcgiskool ja kogumik Scola Geologica 3. (2007 a.)<\/b><br \/>\nEesti LUS&#8217;i organiseerimisel viiakse l\u00e4bi 3. geoloogia s\u00fcgiskool ning antakse v\u00e4lja kogumik Scola Geologica 3. Geoloogia s\u00fcgiskoolide sari on t\u00e4iendus laiema kandepinnaga geoloogia\u00fcritustele (EGK aprillikonverentsid, EGEOSe kokkutulekud). \u00dcritus kuulub Rahvusvahelise Planeet Maa Aasta \u00fcrituste sarja. Geoloogia s\u00fcgiskoolide eesm\u00e4rgiks on geoteaduste-alane emakeelne suhtlemine ning materjalide avaldamine, mis on \u00fcheks Keskkonnainvesteeringute Keskuse maap\u00f5ue alamprogrammi prioriteediks<br \/>\nGeoloogia s\u00fcgiskoolide peamiseks sihtgrupiks on \u00fcli\u00f5pilased, varasemad s\u00fcgiskoolid on paljuski toimunud just t\u00e4nu \u00fcli\u00f5pilaste initsiatiivile. Emakeelsed teaduslikud \u00fclevaateartiklid on abiks ka \u00f5petajatele, ol\u00fcmpiaadideks valmistuvatele ja teistele huvilistele \u00f5pilastele, aidates kaasa geoloogia eriala populaarsuse t\u00f5usule. Geoloogia s\u00fcgiskoolid aitavad kaasa geoteaduste laiemale populariseerimisele. Projekti rahastab SA Keskkonnainvesteeringute Keskus.<\/p>\n<p><b>UNESCO Planeet Maa Aasta haridus- ja teavitusprogramm. (2007 &#8211; 2008)<\/b><br \/>\nProjekti eesm\u00e4rgiks on \u00fchiskonnale maateadusi tutvustavad tegevused UNESCO ja IUGS poolt v\u00e4ljakuulutatud Planeet Maa Aasta haridus- ja teavitusprogrammi raames. 2007-2009 aastal toimuva rahvusvahelise kampaania motoks on &#8220;Maa-teadustelt \u00fchiskonnale&#8221;. Materjalidega saab tutvuda veebiaadressil www.planeetmaa.org. K\u00e4esoleva projekti raames teadusasutuste ja erialaseltside v\u00f5rgustiku poolt 2007. aastal l\u00e4biviidavad tegevused h\u00f5lmavad eesti- ja inglisekeelseid veebip\u00f5hiseid materjale &#8220;Maa ja elu areng ning selle uurimislugu&#8221;. Inglisekeelsed materjalid tutvustavad Eesti maa- ja eluteadusi ja nende ajalugu. Korraldatakse kaks seminari orgaanilise vormi teemal, kus vaatluse all on 21. sajandi evolutsiooniteoorias oluliseks muutunud Baeri ideed organismide arengust. Projekti k\u00e4igus loodavad materjalid on avalikkusele k\u00e4ttesaadavad ning kasutatavad maateaduste-teemalistes haridusprogrammides erinevatele sihtgruppidele.<\/p>\n<p><b>Eesti putukaliikide levikuatlas 3. Kaardid 166-219. Kiilid. (2007. a)<\/b><br \/>\nAvaldatakse sarja &#8220;Eesti putukate levikuatlas&#8221; kolmas vihik. Tr\u00fckis on k\u00e4siraamat looduskaitsega tegelevatele teadlastele, seirespetsialistidele, ametnikele, \u00f5petajatele ja teistele loodusehuvilistele. K\u00e4siraamat v\u00f5imaldab tutvuda kiilide, nende hulgas NATURA 2000 kaitsealuste liikide, levikuga 10&#215;10 km ruutudes. Digitaalsele kujule viiakse Tartu \u00dclikooli Zooloogiamuuseumi, Eesti LUS&#8217;i, endise ZBI ning mitmete erakollektsioonide kataloogid. Edaspidi on v\u00f5imalik kaardivihikut kasutada detailsemaks kaitsealuste liikide leviku fikseerimiseks ja liigi seisundi hindamiseks. Projekt on aluseks ka looduskaitseteemalise andmebaasi EELIS arendamisel ja t\u00e4iendamisel. Projekti rahastamine toimub SA Keskkonnainvesteeringute Keskuse poolt. Projekti l\u00e4biviimise aeg: 1. juuli &#8211; 31. detsember 2007<\/p>\n<p><b>Eesti LUS &#8211; J\u00e4rvekomisjon 100 (2005-2007 a)<\/b><br \/>\nProjekti eesm\u00e4rk on korraldada teaduslike ettekannete p\u00e4ev, millega antakse \u00fclevaade j\u00e4rvede ja j\u00f5gede uurijate viimaste aastate t\u00f6\u00f6dest. Temaatilise haridusliku plakatiga &#8220;Eesti j\u00e4rvede t\u00fc\u00fcbid&#8221; m\u00e4rgitakse \u00e4ra 100 aasta m\u00f6\u00f6dumine pidevast veekogude uurimisest Eestis. Ettekannete p\u00e4eval k\u00e4sitletavad teemad langevad kokku J\u00e4rvekomisjoni uurimisteemadega komisjoni algaegadest peale: zooloogiline, botaaniline, geoloogiline ja f\u00fc\u00fcsikalis-keemiline uuring ja praktiline kalakasvatus. Ettekanded avaldatakse tr\u00fckisena &#8220;J\u00e4rvekomisjon 100&#8221;. Projekti l\u00e4biviimise l\u00e4bi suureneb \u00fcldine keskkonnateadlikkus, laieneb \u00f5pilaste silmaring. Paraneb ka teadlaste ja harrastuslooduseuurijate infovahetus. Artiklite kogumik &#8220;J\u00e4rvekomisjon 100&#8221; on kasutatav loodusainete \u00f5petajate, harrastusloodusvaatlejate ja \u00fcli\u00f5pilaste poolt.<br \/>\nProjekti toimumise aeg: 01.04.-01.10.2005. Tr\u00fckis avaldatud 2007. a.<\/p>\n<p><b>Lendorava elupaikade raadiotelemeetriline uuring. (2007)<\/b><br \/>\nProjekti tulemusel selgitatakse v\u00e4lja mitmeid aspekte lendorava bioloogia kohta, mis on h\u00e4davajalikud lendorava ja tema elupaikade kaitse korraldamiseks. P\u00fc\u00fctakse teada saada, milliseid metsi lendoravad liikumiseks kasutavad. Saadud info v\u00f5imaldab hinnata elupaikadevahelist isoleeritust. Kodupiirkondade ja nende struktuuri selgitamine annab infot erinevalt majandatud metsade sobivuse kohta. Sellest tulenevalt on v\u00f5imalik kavandada sobivaid majandusv\u00f5tteid lendoravate elupaikades. Lendorava raadiotelemeetrilise uuringu l\u00e4biviimiseks on vaja soetada raadiom\u00e4rgised ja katta t\u00f6\u00f6de l\u00e4biviimisega seotud kulud. Projekti rahastab SA Keskkonnainvesteeringute Keskus. Projekt kestab 1. jaanuarist kuni 15. detsembrini 2007.<\/p>\n<p><b>Terioloogia s\u00fcgiskooli korraldamine. (2007)<\/b><br \/>\nEesti Terioloogia Seltsi poolt korraldatava s\u00fcgiskooli eesm\u00e4rgiks on l\u00e4bi viia praktilised \u00f5ppused imetajate ja nende tegevusj\u00e4lgede tundma\u00f5ppimiseks. Samuti korraldatakse ettekannete ja arutelude sessioonid k\u00e4sitlemaks imetajatega seotud p\u00e4evakohaseid probleeme, imetajate majandamise ja kaitse v\u00f5imalusi ning perspektiive. Projekti eesm\u00e4rgiks on t\u00f5sta jahimeeste ja imetajate uurimise ning kaitse korraldamisega tegelevate sihtgruppide loodusalast teadlikkust ja levitada uuemat terioloogia-alast teavet. Sihtgrupiks on jahimehed \u2013 eelk\u00f5ige noorjahimehed, jahikorraldusega seotud inimesed, jahindusbioloogiast huvitatud tudengid jt. Projekti rahastab SA Keskkonnainvesteeringute Keskus.<br \/>\nS\u00fcgiskoolis saadud teavet kasutatakse ulukite kaitse ja kasutamise planeerimisel ja jahimeeste teadlikkuse t\u00f5stmisel riiklikus ja erasektoris. Oluline on \u00fcli\u00f5pilaste kaasamine. Projekt kestab 1. novembrini 2007<\/p>\n<p><b>Teoreetilise Bioloogia Kevadkool ja kogumik Schola Biotheoretica 33. (2007)<\/b><br \/>\nTeoreetilise bioloogia kevadkoole korraldatakse eesm\u00e4rgiga soodustada Eesti loodusteadlaste interdistsiplinaarset suhtlemist. Sarjas &#8220;Schola Biotheoretica&#8221; ilmuvates kogumikes eestikeelsete materjalide avaldamisega arendatakse emakeelset terminoloogiat. Avaldatud materjalid on leidnud kasutamist loodusainete \u00f5petajate t\u00e4iendkoolituses, loodusteaduste \u00f5petamisel k\u00f5rgkoolides ning \u00f5pilaste poolt abimaterjalina ol\u00fcmpiaadideks valmistumisel. Kogumikes avaldatud materjalide vastu tunnevad huvi ka keskkonnateenistuste ja kaitsealade t\u00f6\u00f6tajad. Ilmunud kogumikud on ka aastaid hiljem pakkumas vajalikku informatsiooni, olles k\u00e4ttesaadavad nii Eesti kui maailma raamatukogudes. Projekti rahastab SA Keskkonnainvesteeringute Keskus. Projekt kestab 20. m\u00e4rtsist kuni 30. juunini 2007.<\/p>\n<p><b>Eesti Looduseuurijate Seltsi loodusvaatluste andmebaasi arendamine ja tutvustamine. (2007)<\/b><br \/>\nLoodusvaatluste andmebaas on v\u00e4lja t\u00f6\u00f6tatud koost\u00f6\u00f6s bioloogilise mitmekesisuse teabev\u00f5rgustikuga. Eesm\u00e4rgiks on andmebaasi edasi arendada parandades seni ilmnenud vead. Kasutajaliides muudetakse kasutajas\u00f5bralikumaks, materjali esitamine informatiivsemaks ja vajaliku info k\u00e4ttesaamine kergemaks. Kavas on andmebaasi tutvustamine laiemale kasutajaskonnale. Mitterahalise panusega osalejal, Keskkonnaministeeriumi Info- ja Tehnokeskusel, on n\u00f5uandev roll m\u00e4gra aasta tutvustamisel, andmete kogumisel ja andmebaasi arendamisel. Kui projektis kavandatud tegevused saavad ellu viidud, on loodusvaatluste andmebaas suuremate v\u00f5imalustega. Palju lihtsam on leida vajalikke andmeid, mida \u00fcle viia Eesti Looduse Infos\u00fcsteemi, sest selle struktuuriga on andmebaasi loomisel arvestatud. Andmebaas on hea ja huvitav \u00f5ppevahend koolides ja looduskeskustes. Andmebaasi saavad kasutada k\u00f5ik, kellel on vaja liikide leviku kohta infot &#8211; kooli\u00f5pilased, looduskaitset\u00f6\u00f6tajad, ametnikud.<\/p>\n","protected":false},"excerpt":{"rendered":"<p>2012. aastal Rahastaja Projekti nr Projekti nimi SA KIK 4876 Suurkiskjate kaitse- ja ohjamise tegevuskava avaldamine; EST; ENG 2011. aastal Rahastaja Projekt SA KIK Elurikkuse evolutsioon:\u00dcRO Rahvusvahelise elurikkuse aasta teavitustegevused Keskkonnaamet Nahkhiirte kaitse tegevuskava 2012-2016 SA KIK Lendorava pesapakud III SA KIK Unilaste pesakastid III SA KIK Terioloogia s\u00fcgiskool SA KIK Loodusvaatluste andmebaasi avalikule kaardirakendusele &hellip; <a href=\"https:\/\/vana.elus.ee\/?page_id=87\" class=\"more-link\">Continue reading <span class=\"screen-reader-text\">Projektid<\/span><\/a><\/p>\n","protected":false},"author":1,"featured_media":0,"parent":0,"menu_order":0,"comment_status":"closed","ping_status":"closed","template":"","meta":{"footnotes":""},"class_list":["post-87","page","type-page","status-publish","hentry"],"_links":{"self":[{"href":"https:\/\/vana.elus.ee\/index.php?rest_route=\/wp\/v2\/pages\/87","targetHints":{"allow":["GET"]}}],"collection":[{"href":"https:\/\/vana.elus.ee\/index.php?rest_route=\/wp\/v2\/pages"}],"about":[{"href":"https:\/\/vana.elus.ee\/index.php?rest_route=\/wp\/v2\/types\/page"}],"author":[{"embeddable":true,"href":"https:\/\/vana.elus.ee\/index.php?rest_route=\/wp\/v2\/users\/1"}],"replies":[{"embeddable":true,"href":"https:\/\/vana.elus.ee\/index.php?rest_route=%2Fwp%2Fv2%2Fcomments&post=87"}],"version-history":[{"count":2,"href":"https:\/\/vana.elus.ee\/index.php?rest_route=\/wp\/v2\/pages\/87\/revisions"}],"predecessor-version":[{"id":91,"href":"https:\/\/vana.elus.ee\/index.php?rest_route=\/wp\/v2\/pages\/87\/revisions\/91"}],"wp:attachment":[{"href":"https:\/\/vana.elus.ee\/index.php?rest_route=%2Fwp%2Fv2%2Fmedia&parent=87"}],"curies":[{"name":"wp","href":"https:\/\/api.w.org\/{rel}","templated":true}]}}