{"id":747,"date":"2019-01-14T17:14:34","date_gmt":"2019-01-14T14:14:34","guid":{"rendered":"https:\/\/vana.elus.ee\/?page_id=747"},"modified":"2022-09-29T10:33:16","modified_gmt":"2022-09-29T07:33:16","slug":"vaariselupaikade-inventuur-eestis","status":"publish","type":"page","link":"https:\/\/vana.elus.ee\/?page_id=747","title":{"rendered":"V\u00e4\u00e4riselupaikade inventuur Eestis"},"content":{"rendered":"<p><strong>NB! 29.09.2022 ilmus <a href=\"https:\/\/vana.elus.ee\/index.php\/2022\/09\/29\/vaariselupaikade-inventuuri-kokkuvote\/\">v\u00e4\u00e4riselupaikade inventuuri kokkuv\u00f5te<\/a>!<\/strong><\/p>\n<p><b>Projektist<\/b><\/p>\n<p><span style=\"font-weight: 400;\">Eesti Looduseuurijate Selts asus 2018. a s\u00fcgisel riigimaadel asuvates metsades v\u00e4\u00e4riselupaiku kaardistama. Eksperdid plaanivad laialdase inventuuri k\u00e4igus \u00fcles leida ja registreerida mitu tuhat hektarit v\u00e4\u00e4riselupaiku \u00fcle Eesti. 2020. oktoobri seisuga on kaardistatud pea 5000 hekratit uusi v\u00e4\u00e4riselupaiku.\u00a0<\/span><span style=\"font-weight: 400;\">\u00a0Toimumisa<\/span>eg: 2018-2020<\/p>\n<figure id=\"attachment_723\" aria-describedby=\"caption-attachment-723\" style=\"width: 641px\" class=\"wp-caption alignnone\"><a href=\"https:\/\/vana.elus.ee\/wp-content\/uploads\/2019\/01\/lammimets.jpg\"><img loading=\"lazy\" decoding=\"async\" class=\"wp-image-723\" src=\"https:\/\/vana.elus.ee\/wp-content\/uploads\/2019\/01\/lammimets-300x225.jpg\" alt=\"\" width=\"641\" height=\"481\" srcset=\"https:\/\/vana.elus.ee\/wp-content\/uploads\/2019\/01\/lammimets-300x225.jpg 300w, https:\/\/vana.elus.ee\/wp-content\/uploads\/2019\/01\/lammimets-768x576.jpg 768w, https:\/\/vana.elus.ee\/wp-content\/uploads\/2019\/01\/lammimets-1024x768.jpg 1024w\" sizes=\"auto, (max-width: 641px) 100vw, 641px\" \/><\/a><figcaption id=\"caption-attachment-723\" class=\"wp-caption-text\">V\u00e4\u00e4riselupaik. Foto: Triinu Leetmaa<\/figcaption><\/figure>\n<p><b>Mis on v\u00e4\u00e4riselupaik?<\/b><\/p>\n<p><span style=\"font-weight: 400;\">V\u00e4\u00e4riselupaigad (VEP) on m\u00f5ne hektari suurused metsaosad,enamasti loodusmetsad t\u00fckid, kust leiab suure t\u00f5en\u00e4osusega haruldasi ja ohustatud liike &#8211; \u00a0<\/span><span style=\"font-weight: 400;\">sestap vajavad need alad kaitset. Selliseid v\u00e4ga k\u00f5rge looduskaitselise v\u00e4\u00e4rtusega ja mitmekesise metsaelustikuga kohti leidub Eesti metsades ainult 1,3 % metsamaast.<\/span><span style=\"font-weight: 400;\"><br \/>\n<\/span><span style=\"font-weight: 400;\"><br \/>\n<\/span><span style=\"font-weight: 400;\">Vaata ka VEPide kohta<\/span><\/p>\n<p><span style=\"font-weight: 400;\">&#8211; https:\/\/vana.elus.ee\/index.php\/2019\/02\/07\/vaariselupaikade-seminari-ettekanded\/<br \/>\n<\/span><span style=\"font-weight: 400;\">&#8211;\u00a0<a href=\"https:\/\/www.keskkonnaamet.ee\/et\/eesmargid-tegevused\/metsandus\/mis-vaariselupaik-vep\">https:\/\/www.keskkonnaamet.ee\/et\/eesmargid-tegevused\/metsandus\/mis-vaariselupaik-vep<br \/>\n&#8211;\u00a0<\/a><\/span><a href=\"https:\/\/www.envir.ee\/et\/vaariselupaikade-kaitse\"><span style=\"font-weight: 400;\">https:\/\/www.envir.ee\/et\/vaariselupaikade-kaitse<br \/>\n<\/span><\/a><\/p>\n<p><b>Miks on tarvis v\u00e4\u00e4riselupaiku inventeerida?<\/b><\/p>\n<p><span style=\"font-weight: 400;\">Eesti metsades on \u00a0veel leidmata tuhandeid hektareid k\u00f5rge kaitsev\u00e4\u00e4rtusega vana loodusmetsa kilde, mis aitavad meie metsade elurikkust hoida. Kuna need alad asuvad sageli nn raiek\u00fcpsetes metsades, siis raiesurve nendele aladele on suur \u2013 kogemus n\u00e4itab, et iga aastaga j\u00e4\u00e4b selliseid kohti \u00fcha v\u00e4hemaks.<\/span><span style=\"font-weight: 400;\"> \u00a0<\/span><span style=\"font-weight: 400;\"><br \/>\n<\/span><span style=\"font-weight: 400;\"><br \/>\n<\/span><span style=\"font-weight: 400;\">Eestis inventeeriti viimati VEPe s\u00fcstemaatiliselt aastatel 1999-2002. Asjatundjate hinnangul leiti toonase inventuuri k\u00e4igus vaid kuni 50% olemasolevatest VEPidest, kuid \u00fclej\u00e4\u00e4nud j\u00e4id registreerimata ning vahepeal toimunud raietest puutumata alad on seni veel kaitseta.<\/span><span style=\"font-weight: 400;\"> \u00a0<\/span><\/p>\n<p><span style=\"font-weight: 400;\">Peamised projekti tegevused:<\/span><\/p>\n<p><span style=\"font-weight: 400;\">&#8211; V\u00e4\u00e4riselupaikade inventeerimine riigimetsas (plaanis leida v\u00e4hemalt 2000 ha VEPe)<\/span><\/p>\n<p><span style=\"font-weight: 400;\">&#8211; Ekspertide koolitamine\u00a0 (v\u00f5imalusel)<br \/>\n<\/span>&#8211; Tutvustavad seminarid (2 tk), esiene seminar leidis aset 24.01.19, vt<a href=\"https:\/\/vana.elus.ee\/index.php\/2019\/02\/07\/vaariselupaikade-seminari-ettekanded\/\"> ettekandeid !<\/a><br \/>\n&#8211; Kodulehe loomine<\/p>\n<p><b><br \/>\n<\/b><b>Kuidas k\u00e4ib inventeerimine?<\/b><b><br \/>\n<\/b><span style=\"font-weight: 400;\"><br \/>\n<\/span><span style=\"font-weight: 400;\">Inventuuri viivad Eesti Looduseuurijate Seltsi eestvedamisel l\u00e4bi v\u00e4\u00e4riselupaikade m\u00e4\u00e4ramise tunnistust omavad spetsialistid, kes k\u00e4ivad metsas kohapeal paiku kaardistamas. <\/span><span style=\"font-weight: 400;\">Eelvalik tehakse riigimetsa takseerandmete, GIS mudeldamise ja v\u00e4rske ortofoto alusel. Inventeeritakse k\u00f5ige vanemaid v\u00f5i mitmekesise struktuuriga metsasid, kus v\u00e4\u00e4riselupaikade esinemise t\u00f5en\u00e4osus on k\u00f5ige suurem. <\/span><span style=\"font-weight: 400;\"><br \/>\n<\/span><span style=\"font-weight: 400;\"><br \/>\n<\/span><span style=\"font-weight: 400;\">Vastavalt v\u00e4\u00e4riselupaikade m\u00e4\u00e4rusele kontrollivad andmeid Keskkonnaameti spetsialistid, kes edastavad need Keskkonnaagentuurile registrisse kandmiseks. \u00a0<\/span><span style=\"font-weight: 400;\"><br \/>\n<\/span><span style=\"font-weight: 400;\"><br \/>\n<\/span><span style=\"font-weight: 400;\">Riigimaadel on keskkonnaregistrisse kantud v\u00e4\u00e4riselupaigad l\u00e4htuvalt keskkonnaministri m\u00e4\u00e4rusest ja FSC sertifikaadi p\u00f5him\u00f5tetest automaatselt kaitstud. K\u00e4esolev v\u00e4\u00e4riselupaikade inventuur keskendub riigimaadele, kus on ka k\u00f5ige rohkem v\u00e4\u00e4riselupaiku s\u00e4ilinud.<\/span><\/p>\n<p><b>Projekti rahastus<\/b><\/p>\n<p>Aastatel 2018-2020 l\u00e4biviidavat v\u00e4\u00e4riselupaikade inventuuri projekti toetab <a href=\"http:\/\/www.baltcf.org\/history\/\">Baltic Sea\u00a0Conservation Foundation (BALTCF). <\/a>Fond loodi 2014. aastal Saksamaa keskkonna\u00fchenduste BUND Mecklenburg-Western Pomerania ja WWF Saksamaa ning ettev\u00f5tte Nord Stream AG kokkuleppe tulemusena. Loodud fond on \u00fcks Nord Streami gaasitoru keskkonnam\u00f5ju kompensatsioonimehhanisme L\u00e4\u00e4nemere piirkonnas. Uuri l\u00e4hemalt fondi ja selle tekkeloo kohta<a href=\"http:\/\/www.baltcf.org\/history\/\"> SIIT!<\/a><\/p>\n<p><span style=\"font-weight: 400;\">Eelarve kokku on 238 260 eurot, sellest 207 760 rahastab BALTCF.<\/span><\/p>\n<p><a href=\"https:\/\/vana.elus.ee\/wp-content\/uploads\/2019\/01\/LUS_logo_v\u00e4ike.jpg\"><img loading=\"lazy\" decoding=\"async\" class=\"alignnone wp-image-729\" src=\"https:\/\/vana.elus.ee\/wp-content\/uploads\/2019\/01\/LUS_logo_v\u00e4ike-300x65.jpg\" alt=\"\" width=\"342\" height=\"74\" srcset=\"https:\/\/vana.elus.ee\/wp-content\/uploads\/2019\/01\/LUS_logo_v\u00e4ike-300x65.jpg 300w, https:\/\/vana.elus.ee\/wp-content\/uploads\/2019\/01\/LUS_logo_v\u00e4ike.jpg 678w\" sizes=\"auto, (max-width: 342px) 100vw, 342px\" \/><\/a><span style=\"font-weight: 400;\"><br \/>\n<\/span><span style=\"font-weight: 400;\"><br \/>\n<\/span><b>Vaata ka:<\/b><\/p>\n<p>&#8211; <a href=\"https:\/\/vana.elus.ee\/index.php\/2020\/10\/15\/elusi-vastulause-maalehe-metsakaitse-artikkel-oli-eksitav-ja-pahatahtlik\/\">ELUSi vastulause: Maalehe metsakaitse artikkel oli eksitav ja pahatahtlik<br \/>\n<\/a>&#8211; Renno Nellise <a href=\"https:\/\/etv.err.ee\/1144415\/vaariselupaigad\">intervjuu Terevisioonis<br \/>\n<\/a><a href=\"https:\/\/etv.err.ee\/1144415\/vaariselupaigad\">&#8211;\u00a0<\/a><a href=\"https:\/\/vana.elus.ee\/index.php\/2020\/10\/07\/vaariselupaikade-inventuuri-kaigus-on-riigimetsast-leitud-kumneid-haruldasi-liike\/\">V\u00e4\u00e4riselupaikade inventuuri k\u00e4igus on riigimetsast leitud k\u00fcmneid haruldasi liike (07.10.2020);<br \/>\n<\/a>&#8211;\u00a0<a href=\"https:\/\/www.err.ee\/1079186\/looduseuurijad-on-eestis-kirja-pannud-ligi-5000-hektari-jagu-uusi-vaariselupaiku\">ERR:\u00a0<\/a>Looduseuurijad on Eestis kirja pannud ligi 5000 hektari jagu uusi v\u00e4\u00e4riselupaiku<br \/>\n<span style=\"font-weight: 400;\"><a href=\"https:\/\/vana.elus.ee\/index.php\/2020\/04\/17\/eksperdid-on-riigimetsas-kaardistanud-4800-ha-uusi-vaariselupaiku\/\">&#8211; Vahekokkuv\u00f5te:\u00a0Eksperdid on riigimetsas kaardistanud 4800 ha uusi v\u00e4\u00e4riselupaiku<\/a><br \/>\n<\/span><span style=\"font-weight: 400;\">&#8211; <a href=\"https:\/\/vana.elus.ee\/index.php\/2018\/12\/12\/eksperdid-plaanivad-riigimaadel-kaardistada-mitu-tuhat-hektarit-vaariselupaiku\/\">Projekti tutvustav pressiteade;<\/a><\/span><span style=\"font-weight: 400;\"><br \/>\n<\/span><span style=\"font-weight: 400;\">&#8211; <a href=\"https:\/\/vana.elus.ee\/index.php\/2019\/01\/08\/vep-seminar\/\">Projekti avaseminari infot<\/a>;<\/span><a href=\"https:\/\/vana.elus.ee\/index.php\/2019\/01\/08\/vep-seminar\/\"><span style=\"font-weight: 400;\"><br \/>\n<\/span><\/a><span style=\"font-weight: 400;\">&#8211; <a href=\"https:\/\/maaelu.postimees.ee\/6475280\/eksperdid-kaardistavad-riigimaadel-mitu-tuhat-hektarit-vaariselupaiku\">Artiklit Postimehes<\/a>;<br \/>\n<\/span><span style=\"font-weight: 400;\">&#8211;<a href=\"https:\/\/www.err.ee\/884562\/vaariselupaiku-pole-eestis-sustemaatiliselt-inventeeritud-sajandi-algsest-saadik\"> ERR intervjuud<\/a>;<\/span><span style=\"font-weight: 400;\"><br \/>\n<\/span><span style=\"font-weight: 400;\">&#8211; <a href=\"https:\/\/ekspress.delfi.ee\/autor\/84875307\">Eesti Ekspressi artikkel ja videolugu<\/a>;<br \/>\n<\/span><span style=\"font-weight: 400;\">&#8211;\u00a0<a href=\"https:\/\/baltcf.org\/project\/woodland-key-habitats\/\">Projekti ingliskeelne tutvustus rahastaja lehe<\/a>l.\u00a0<\/span><span style=\"font-weight: 400;\"><br \/>\n<\/span><\/p>\n<p>&nbsp;<\/p>\n<p><b>Rohkem infot:<\/b><\/p>\n<p><span style=\"font-weight: 400;\">Renno Nellis<br \/>\n<\/span>V\u00e4\u00e4riselupaikade inventuuri projektijuht<br \/>\nEesti Looduseuurijate Selts<br \/>\nE-post: renno.nellis@gmail.com<br \/>\nTel: +372 53 021 377<\/p>\n<p>&nbsp;<\/p>\n<p>&nbsp;<\/p>\n","protected":false},"excerpt":{"rendered":"<p>NB! 29.09.2022 ilmus v\u00e4\u00e4riselupaikade inventuuri kokkuv\u00f5te! Projektist Eesti Looduseuurijate Selts asus 2018. a s\u00fcgisel riigimaadel asuvates metsades v\u00e4\u00e4riselupaiku kaardistama. Eksperdid plaanivad laialdase inventuuri k\u00e4igus \u00fcles leida ja registreerida mitu tuhat hektarit v\u00e4\u00e4riselupaiku \u00fcle Eesti. 2020. oktoobri seisuga on kaardistatud pea 5000 hekratit uusi v\u00e4\u00e4riselupaiku.\u00a0\u00a0Toimumisaeg: 2018-2020 Mis on v\u00e4\u00e4riselupaik? V\u00e4\u00e4riselupaigad (VEP) on m\u00f5ne hektari suurused metsaosad,enamasti &hellip; <a href=\"https:\/\/vana.elus.ee\/?page_id=747\" class=\"more-link\">Continue reading <span class=\"screen-reader-text\">V\u00e4\u00e4riselupaikade inventuur Eestis<\/span><\/a><\/p>\n","protected":false},"author":1,"featured_media":0,"parent":0,"menu_order":0,"comment_status":"closed","ping_status":"closed","template":"","meta":{"footnotes":""},"class_list":["post-747","page","type-page","status-publish","hentry"],"_links":{"self":[{"href":"https:\/\/vana.elus.ee\/index.php?rest_route=\/wp\/v2\/pages\/747","targetHints":{"allow":["GET"]}}],"collection":[{"href":"https:\/\/vana.elus.ee\/index.php?rest_route=\/wp\/v2\/pages"}],"about":[{"href":"https:\/\/vana.elus.ee\/index.php?rest_route=\/wp\/v2\/types\/page"}],"author":[{"embeddable":true,"href":"https:\/\/vana.elus.ee\/index.php?rest_route=\/wp\/v2\/users\/1"}],"replies":[{"embeddable":true,"href":"https:\/\/vana.elus.ee\/index.php?rest_route=%2Fwp%2Fv2%2Fcomments&post=747"}],"version-history":[{"count":15,"href":"https:\/\/vana.elus.ee\/index.php?rest_route=\/wp\/v2\/pages\/747\/revisions"}],"predecessor-version":[{"id":1810,"href":"https:\/\/vana.elus.ee\/index.php?rest_route=\/wp\/v2\/pages\/747\/revisions\/1810"}],"wp:attachment":[{"href":"https:\/\/vana.elus.ee\/index.php?rest_route=%2Fwp%2Fv2%2Fmedia&parent=747"}],"curies":[{"name":"wp","href":"https:\/\/api.w.org\/{rel}","templated":true}]}}