{"id":67,"date":"2015-10-02T10:52:06","date_gmt":"2015-10-02T07:52:06","guid":{"rendered":"https:\/\/vana.elus.ee\/?page_id=67"},"modified":"2017-06-15T14:18:05","modified_gmt":"2017-06-15T11:18:05","slug":"eesti-lus-maja","status":"publish","type":"page","link":"https:\/\/vana.elus.ee\/?page_id=67","title":{"rendered":"Eesti LUS maja"},"content":{"rendered":"<p><a href=\"https:\/\/vana.elus.ee\/wp-content\/uploads\/2017\/06\/LUS_Maja.jpg\"><img loading=\"lazy\" decoding=\"async\" class=\"alignnone size-medium wp-image-462\" src=\"https:\/\/vana.elus.ee\/wp-content\/uploads\/2017\/06\/LUS_Maja-300x225.jpg\" alt=\"\" width=\"300\" height=\"225\" srcset=\"https:\/\/vana.elus.ee\/wp-content\/uploads\/2017\/06\/LUS_Maja-300x225.jpg 300w, https:\/\/vana.elus.ee\/wp-content\/uploads\/2017\/06\/LUS_Maja.jpg 605w\" sizes=\"auto, (max-width: 300px) 100vw, 300px\" \/><\/a><\/p>\n<p>Struve 2 krunt asub alal, mille krundistik ja t\u00e4navate v\u00f5rk kujunes v\u00e4lja 18. sajandi jooksul. Eeslinna puithooned h\u00e4vitati korduvalt, olgu siis s\u00f5dade k\u00e4igus v\u00f5i h\u00e4visid need kahjutules, kuid ehitati alati \u00fcles. Vallikraavi S-kaldal Liivam\u00e4el (Sandberg) asuv praegune LUSi maja ja aia ala kuulus nn Riia eeslinna ning siin oli \u00fcsna varajasest ajast teada peamiselt eestlastest koosnev elanikkond. Maa-ala kuulus Tartu linnale ning selle eest maksti renti.<br \/>\n1758. aasta revisjoniraamatu andmetel elas Struve 2 krundile ehitatud puitmajas Liva Pedo lesk ning 1760date aastate linnaplaanilt on n\u00e4ha, et maa-alal on 2 hoonet. 1775. aasta suures tulekahjus see piirkond kannatada ei saanud ja hoonestus ei h\u00e4vinud. 1778 aastal oli krunt t\u00e4is ehitatud ning kuulus voorimees Pedo Hansule.<br \/>\n19. sajandi alguses anti Toomem\u00e4gi ning seda \u00fcmbritsevad alad \u00fclikooli kasutusse. Struve 2 krunt jagati osadeks &#8211; \u00fcks osa j\u00e4i praeguse maja, teine t\u00f5llakuuri alla &#8211; ning \u00fche osa kasutaja maksis renti linnale, teine \u00fclikoolile. 1800. aastal ostis Kitsa t\u00e4nava pool olnud hoone t\u00f5llassepp H. Weber ning ehitas selle \u00fcmber. Teise hoone, mis j\u00e4i praeguse Struve tn poole, omandas parukameister J.G.Drewing.<br \/>\nAjavahemikus 1803-1805 asus Drewingile kuuluvas majas \u00fclikooli esimene anatoomikum, Drewingist sai anatoomikumi teenija ning sellega seoses on teada ka suuremamahulised \u00fcmberehitused maja sees. 1828. aasta hoonete hindamise j\u00e4rgi v\u00f5ib oletada, et Drewing lasi praegust Struve 2 hoonet oma eluajal k\u00f5vasti \u00fcmber ehitada. 1814. aastal ostis Drewing enampakkumisel \u00e4ra ka Weberi osa krundist, mis toona koosnes puidust elamust, kaevust, saunast ja aiaplatsist.<br \/>\n1826. aastal, p\u00e4rast Drewingi surma, ostis kinnistu parun G. von Nolcken, kes kasutas elamut \u00fc\u00fcrimajana. 1829. aastal asus majja elama Tartu \u00fclikooli kasvandik meditsiinidoktor ja f\u00fc\u00fcsikaprofessor J.F.Parrot, kes ostis 1832. aastal maja endale ning elas siin oma surmani. 1849. aastal m\u00fc\u00fcs lesk maja Ch. von Gavelile, kelle perekonna omanduses oli hoone 1876. aastani. Suuremaid \u00fcmberehitusi sel ajal ei tehtud.<br \/>\nAjavahemikus 1876.-1907. vahetas kinnistu veel mitu korda omanikku. Planeeriti ja osaliselt teostati mitmeid juurde- ja \u00fcmberehitamisi, 1880datel on ehitatud ka Kitsa t\u00e4nava servas paiknev t\u00f5llakuur.<br \/>\n1904. aastal juurdeehitustega sai maja l\u00f5puks oma praeguse v\u00e4lisilme.<br \/>\nPeale II Maailmas\u00f5da oli Struve 2 p\u00e4ris pikka aega lasteaia kasutuses. 1980datel aastatel aga asus majas Vabariikliku Tartu Kliinilise Ps\u00fchhonaeuroloogia Haigla narkoloogia osakond.<br \/>\n1985. aastal p\u00f6\u00f6rdus toonane LUSi president prof. Hans Trass EKP Tartu Linnakommitee poole ettepanekuga kaaluda Struwe 2 kujundamist Tartu loodusteaduste majaks.<\/p>\n","protected":false},"excerpt":{"rendered":"<p>Struve 2 krunt asub alal, mille krundistik ja t\u00e4navate v\u00f5rk kujunes v\u00e4lja 18. sajandi jooksul. Eeslinna puithooned h\u00e4vitati korduvalt, olgu siis s\u00f5dade k\u00e4igus v\u00f5i h\u00e4visid need kahjutules, kuid ehitati alati \u00fcles. Vallikraavi S-kaldal Liivam\u00e4el (Sandberg) asuv praegune LUSi maja ja aia ala kuulus nn Riia eeslinna ning siin oli \u00fcsna varajasest ajast teada peamiselt eestlastest &hellip; <a href=\"https:\/\/vana.elus.ee\/?page_id=67\" class=\"more-link\">Continue reading <span class=\"screen-reader-text\">Eesti LUS maja<\/span><\/a><\/p>\n","protected":false},"author":1,"featured_media":0,"parent":0,"menu_order":0,"comment_status":"closed","ping_status":"closed","template":"","meta":{"footnotes":""},"class_list":["post-67","page","type-page","status-publish","hentry"],"_links":{"self":[{"href":"https:\/\/vana.elus.ee\/index.php?rest_route=\/wp\/v2\/pages\/67","targetHints":{"allow":["GET"]}}],"collection":[{"href":"https:\/\/vana.elus.ee\/index.php?rest_route=\/wp\/v2\/pages"}],"about":[{"href":"https:\/\/vana.elus.ee\/index.php?rest_route=\/wp\/v2\/types\/page"}],"author":[{"embeddable":true,"href":"https:\/\/vana.elus.ee\/index.php?rest_route=\/wp\/v2\/users\/1"}],"replies":[{"embeddable":true,"href":"https:\/\/vana.elus.ee\/index.php?rest_route=%2Fwp%2Fv2%2Fcomments&post=67"}],"version-history":[{"count":3,"href":"https:\/\/vana.elus.ee\/index.php?rest_route=\/wp\/v2\/pages\/67\/revisions"}],"predecessor-version":[{"id":464,"href":"https:\/\/vana.elus.ee\/index.php?rest_route=\/wp\/v2\/pages\/67\/revisions\/464"}],"wp:attachment":[{"href":"https:\/\/vana.elus.ee\/index.php?rest_route=%2Fwp%2Fv2%2Fmedia&parent=67"}],"curies":[{"name":"wp","href":"https:\/\/api.w.org\/{rel}","templated":true}]}}