{"id":64,"date":"2015-10-02T10:51:21","date_gmt":"2015-10-02T07:51:21","guid":{"rendered":"https:\/\/vana.elus.ee\/?page_id=64"},"modified":"2015-10-02T10:51:21","modified_gmt":"2015-10-02T07:51:21","slug":"sumboolika","status":"publish","type":"page","link":"https:\/\/vana.elus.ee\/?page_id=64","title":{"rendered":"S\u00fcmboolika"},"content":{"rendered":"<p>Eesti Looduseuurijate Seltsil on embleem nimel\u00fchendiga &#8220;Eesti LUS&#8221;, aukirjad ja rinnam\u00e4rgid. Kasutamise kord m\u00e4\u00e4ratakse kindlaks \u00fcldkoosoleku poolt kinnitatud p\u00f5him\u00e4\u00e4rusega.<\/p>\n","protected":false},"excerpt":{"rendered":"<p>Eesti Looduseuurijate Seltsil on embleem nimel\u00fchendiga &#8220;Eesti LUS&#8221;, aukirjad ja rinnam\u00e4rgid. Kasutamise kord m\u00e4\u00e4ratakse kindlaks \u00fcldkoosoleku poolt kinnitatud p\u00f5him\u00e4\u00e4rusega.<\/p>\n","protected":false},"author":1,"featured_media":0,"parent":0,"menu_order":0,"comment_status":"closed","ping_status":"closed","template":"","meta":{"footnotes":""},"class_list":["post-64","page","type-page","status-publish","hentry"],"_links":{"self":[{"href":"https:\/\/vana.elus.ee\/index.php?rest_route=\/wp\/v2\/pages\/64","targetHints":{"allow":["GET"]}}],"collection":[{"href":"https:\/\/vana.elus.ee\/index.php?rest_route=\/wp\/v2\/pages"}],"about":[{"href":"https:\/\/vana.elus.ee\/index.php?rest_route=\/wp\/v2\/types\/page"}],"author":[{"embeddable":true,"href":"https:\/\/vana.elus.ee\/index.php?rest_route=\/wp\/v2\/users\/1"}],"replies":[{"embeddable":true,"href":"https:\/\/vana.elus.ee\/index.php?rest_route=%2Fwp%2Fv2%2Fcomments&post=64"}],"version-history":[{"count":1,"href":"https:\/\/vana.elus.ee\/index.php?rest_route=\/wp\/v2\/pages\/64\/revisions"}],"predecessor-version":[{"id":66,"href":"https:\/\/vana.elus.ee\/index.php?rest_route=\/wp\/v2\/pages\/64\/revisions\/66"}],"wp:attachment":[{"href":"https:\/\/vana.elus.ee\/index.php?rest_route=%2Fwp%2Fv2%2Fmedia&parent=64"}],"curies":[{"name":"wp","href":"https:\/\/api.w.org\/{rel}","templated":true}]}}