{"id":638,"date":"2018-01-22T17:14:19","date_gmt":"2018-01-22T14:14:19","guid":{"rendered":"https:\/\/vana.elus.ee\/?page_id=638"},"modified":"2025-11-19T14:55:11","modified_gmt":"2025-11-19T11:55:11","slug":"eesti-harrastusteaduse-uhing","status":"publish","type":"page","link":"https:\/\/vana.elus.ee\/?page_id=638","title":{"rendered":"Eesti Harrastusteaduse \u00dching"},"content":{"rendered":"<p><strong>Uudis:<\/strong><\/p>\n<p>2024. aastal toetab Eesti Teadusagentuur 2024.a. alanud TeaMe 3.0 programmi tegevuste raames harrastus- ehk kodanikuteaduse edendamist ja v\u00f5rgustiku loomist. Selleks on l\u00e4hiaastatel plaanis korraldada seminare, koolitusi, arutelusid jm. Algatuseks on loodud list <a href=\"mailto:harrastusteadus@list.etag.ee\">harrastusteadus@list.etag.ee<\/a>, mis on avatud k\u00f5igile, kes on huvitatud harrastusteaduse edendamisest ja arendamisest, projektide ja algatuste elluviimisest, avalikkuse kaasamisest teadustegevusse v\u00f5i enda t\u00e4iendamisest ja teemaga kursis hoidmisest. List on \u00fcrituste ja algatuste info ning huvitavate v\u00f5i kasulike viidete ja materjalide jagamiseks, m\u00f5tete vahetamiseks ja aruteluks. Listiga liitumiseks tuleb oma soovist teada anda aadressil\u00a0<a href=\"mailto:riho.kinks@etag.ee\">riho.kinks@etag.ee<\/a>.<\/p>\n<p><strong>\u00dchingust<\/strong><\/p>\n<p>24. novembril 2017 loodi Eesti Looduseuurijate Seltsi juurde Eesti Harrastusteaduste \u00dching. Eesti Harrastusteaduse \u00dching (EHT\u00dc) koondab isikuid, kes soovivad kaasa l\u00fc\u00fca harrastusteaduse arendamisel ja tugevdamisel.\u00a0Esimene \u00fcmarlaud toimus LUSis 8. veebruaril 2018, Struve 2.<\/p>\n<p><em>Harrastusteadus &#8211; vabatahtlike kaasal\u00f6\u00f6misel l\u00e4bi viidav teadustegevus v\u00f5i teadust toetav tegevus. <\/em><\/p>\n<p><em>Harrastusteadlane &#8211; harrastajana teadusega tegelev isik.<\/em><\/p>\n<p>Missioon:<\/p>\n<ul>\n<li>Harrastusteaduse edendamine.<\/li>\n<li>Laiendada \u00fchiskonna v\u00f5imalusi uute teadmiste saamisel ja toetada erinevate teemade k\u00e4sitlemist teaduslike meetoditega.<\/li>\n<li>Teadlaste ja harrastusteadlaste vahelise koost\u00f6\u00f6v\u00f5rgustiku loomine ning edendamine.<\/li>\n<li>Teadlaste ja harrastusteadlaste vahelise koost\u00f6\u00f6 vormide kujundamine ja selleks vajaliku metoodika v\u00e4ljat\u00f6\u00f6tamine ja t\u00e4iustamine.<\/li>\n<li>Andmete avalikustamise, avatud juurdep\u00e4\u00e4su ja erinevate huvigruppide poolt andmete kasutamise toetamine.<\/li>\n<li>Looduses toimuvate muutuste kohta teabe kogumine, andmete anal\u00fc\u00fcsimine ja j\u00e4relduste tegemine kohalikul ja rahvusvahelisel tasandil.<\/li>\n<\/ul>\n<p>Visioon:<\/p>\n<p>Teadlaste ja harrastusteadlaste koost\u00f6\u00f6na kogutud teave on tunnustatud, ajakohane ning vabalt k\u00e4ttesaadav. See omab laiemat \u00fchiskondlikku toetust ning m\u00f5jutab loodust ja keskkonda puudutavate otsuste langetamist.<\/p>\n<p>Kontaktisikud: Veljo Runnel,\u00a0<a href=\"mailto:veljo.runnel@ut.ee\">veljo.runnel@ut.ee<\/a><br \/>\nPolina Degtjarenko, polina.degtjarenko@ut.ee, 5342 0729<\/p>\n<p>&nbsp;<\/p>\n","protected":false},"excerpt":{"rendered":"<p>Uudis: 2024. aastal toetab Eesti Teadusagentuur 2024.a. alanud TeaMe 3.0 programmi tegevuste raames harrastus- ehk kodanikuteaduse edendamist ja v\u00f5rgustiku loomist. Selleks on l\u00e4hiaastatel plaanis korraldada seminare, koolitusi, arutelusid jm. Algatuseks on loodud list harrastusteadus@list.etag.ee, mis on avatud k\u00f5igile, kes on huvitatud harrastusteaduse edendamisest ja arendamisest, projektide ja algatuste elluviimisest, avalikkuse kaasamisest teadustegevusse v\u00f5i enda t\u00e4iendamisest &hellip; <a href=\"https:\/\/vana.elus.ee\/?page_id=638\" class=\"more-link\">Continue reading <span class=\"screen-reader-text\">Eesti Harrastusteaduse \u00dching<\/span><\/a><\/p>\n","protected":false},"author":1,"featured_media":0,"parent":0,"menu_order":0,"comment_status":"closed","ping_status":"closed","template":"","meta":{"footnotes":""},"class_list":["post-638","page","type-page","status-publish","hentry"],"_links":{"self":[{"href":"https:\/\/vana.elus.ee\/index.php?rest_route=\/wp\/v2\/pages\/638","targetHints":{"allow":["GET"]}}],"collection":[{"href":"https:\/\/vana.elus.ee\/index.php?rest_route=\/wp\/v2\/pages"}],"about":[{"href":"https:\/\/vana.elus.ee\/index.php?rest_route=\/wp\/v2\/types\/page"}],"author":[{"embeddable":true,"href":"https:\/\/vana.elus.ee\/index.php?rest_route=\/wp\/v2\/users\/1"}],"replies":[{"embeddable":true,"href":"https:\/\/vana.elus.ee\/index.php?rest_route=%2Fwp%2Fv2%2Fcomments&post=638"}],"version-history":[{"count":7,"href":"https:\/\/vana.elus.ee\/index.php?rest_route=\/wp\/v2\/pages\/638\/revisions"}],"predecessor-version":[{"id":2391,"href":"https:\/\/vana.elus.ee\/index.php?rest_route=\/wp\/v2\/pages\/638\/revisions\/2391"}],"wp:attachment":[{"href":"https:\/\/vana.elus.ee\/index.php?rest_route=%2Fwp%2Fv2%2Fmedia&parent=638"}],"curies":[{"name":"wp","href":"https:\/\/api.w.org\/{rel}","templated":true}]}}