{"id":620,"date":"2017-12-21T16:25:40","date_gmt":"2017-12-21T13:25:40","guid":{"rendered":"https:\/\/vana.elus.ee\/?page_id=620"},"modified":"2019-05-16T15:20:04","modified_gmt":"2019-05-16T12:20:04","slug":"toetajad","status":"publish","type":"page","link":"https:\/\/vana.elus.ee\/?page_id=620","title":{"rendered":"Toetajad"},"content":{"rendered":"<p>T\u00e4name k\u00f5iki, kes seltsi toetuseks oma panuse on andnud!<\/p>\n<p>Tartu linnavalitsus<\/p>\n<p>Haridus- ja Teadusministeerium<\/p>\n<p>Natur O\u00dc (ettev\u00f5ttes Natur O\u00dc on tehtud LUSi saali toolid)<\/p>\n<p>&nbsp;<\/p>\n<p>Aari Talve<\/p>\n<p>Ain Malm<\/p>\n<p>Aino Kalda<\/p>\n<p>Aino Raudvassar<\/p>\n<p>Aivo Tamm<\/p>\n<p>Alar L\u00e4\u00e4nelaid<\/p>\n<p>Aleksei Lotman<\/p>\n<p>Andres Koppel<\/p>\n<p>Andres Tarand<\/p>\n<p>Andrus Ristkok<\/p>\n<p>Anne Luil<\/p>\n<p>Anneli Palo<\/p>\n<p>Astrid Saava<\/p>\n<p>Eevi Maiste<\/p>\n<p>Erik Leibak<\/p>\n<p>Eve Runno-Paurson<\/p>\n<p>Heino \u00d5unap<\/p>\n<p>Heldur Sander<\/p>\n<p>Helje Kaarma<\/p>\n<p>Henn Timm<\/p>\n<p>Hillar Kala<\/p>\n<p>Imbi Tehver<\/p>\n<p>Jaan Kaplinski<\/p>\n<p>Jaan Liira<\/p>\n<p>Jaanus Paal<\/p>\n<p>Jane Frey<\/p>\n<p>J\u00fcri T\u00f5nisson<\/p>\n<p>Kaarel Orviku<\/p>\n<p>Kadri Kuusksalu<\/p>\n<p>Kairi Kiik<\/p>\n<p>Kalevi Kull<\/p>\n<p>Kaljo Voolma<\/p>\n<p>Karmen S\u00fcld<\/p>\n<p>Katri Ling<\/p>\n<p>Kaupo Kohv<\/p>\n<p>Ken Kalling<\/p>\n<p>Lauri\u00a0 Laanisto<\/p>\n<p>Lauri Klein<\/p>\n<p>Lea Vaher Lundin<\/p>\n<p>Lee P\u00f5llumaa<\/p>\n<p>Leiu Heapost<\/p>\n<p>Maie Thetloff<\/p>\n<p>Malle Leht<\/p>\n<p>Mare Leis<\/p>\n<p>Maret Kaljulaid<\/p>\n<p>Margit Aasamaa<\/p>\n<p>Mari Reitalu<\/p>\n<p>Mari-Liis Viilmann<\/p>\n<p>Mart K\u00fclk<\/p>\n<p>Mart Lintsi<\/p>\n<p>Mart M\u00f6lder<\/p>\n<p>Martin Kolnes<\/p>\n<p>Martin Zobel<\/p>\n<p>Mati Martin<\/p>\n<p>M\u00e4rt Potter<\/p>\n<p>Oive Tinn<\/p>\n<p>Olav Renno<\/p>\n<p>Parik J\u00fcri<\/p>\n<p>Peedu Saar<\/p>\n<p>Peep M\u00e4nnil<\/p>\n<p>Ragne Oja<\/p>\n<p>Reet Laugaste<\/p>\n<p>Reigo Roasto<\/p>\n<p>Riho Marja<\/p>\n<p>Riin Magnus<\/p>\n<p>Ronald Laarmaa<\/p>\n<p>Marek Sammul<\/p>\n<p>Siiri Liiv<\/p>\n<p>Silvia Lotman<\/p>\n<p>Sirje Vilbaste<\/p>\n<p>Taimi Paal<\/p>\n<p>Taivo Kastep\u00f5ld<\/p>\n<p>Tarmo Timm<\/p>\n<p>Tiina Elvisto<\/p>\n<p>Tiina Nurmela<\/p>\n<p>Tiina N\u00f5ges<\/p>\n<p>Tiit Paaver<\/p>\n<p>Tiit Randveer<\/p>\n<p>Tiiu Kull<\/p>\n<p>Tiiu Kupper<\/p>\n<p>Toomas Frey<\/p>\n<p>Toomas J\u00fcriado<\/p>\n<p>Toomas Kukk<\/p>\n<p>Toomas Kukk<\/p>\n<p>tundmatu annetaja<\/p>\n<p>T\u00f5nu Viik<\/p>\n<p>Vaike Hang<\/p>\n<p>Veiko Uri<\/p>\n<p>Vello Kadakas<\/p>\n<p>Vello Liiv<\/p>\n<p>Volli Kalm<\/p>\n<p>\u00dclle Reier<\/p>\n","protected":false},"excerpt":{"rendered":"<p>T\u00e4name k\u00f5iki, kes seltsi toetuseks oma panuse on andnud! Tartu linnavalitsus Haridus- ja Teadusministeerium Natur O\u00dc (ettev\u00f5ttes Natur O\u00dc on tehtud LUSi saali toolid) &nbsp; Aari Talve Ain Malm Aino Kalda Aino Raudvassar Aivo Tamm Alar L\u00e4\u00e4nelaid Aleksei Lotman Andres Koppel Andres Tarand Andrus Ristkok Anne Luil Anneli Palo Astrid Saava Eevi Maiste Erik Leibak &hellip; <a href=\"https:\/\/vana.elus.ee\/?page_id=620\" class=\"more-link\">Continue reading <span class=\"screen-reader-text\">Toetajad<\/span><\/a><\/p>\n","protected":false},"author":1,"featured_media":0,"parent":0,"menu_order":0,"comment_status":"closed","ping_status":"closed","template":"","meta":{"footnotes":""},"class_list":["post-620","page","type-page","status-publish","hentry"],"_links":{"self":[{"href":"https:\/\/vana.elus.ee\/index.php?rest_route=\/wp\/v2\/pages\/620","targetHints":{"allow":["GET"]}}],"collection":[{"href":"https:\/\/vana.elus.ee\/index.php?rest_route=\/wp\/v2\/pages"}],"about":[{"href":"https:\/\/vana.elus.ee\/index.php?rest_route=\/wp\/v2\/types\/page"}],"author":[{"embeddable":true,"href":"https:\/\/vana.elus.ee\/index.php?rest_route=\/wp\/v2\/users\/1"}],"replies":[{"embeddable":true,"href":"https:\/\/vana.elus.ee\/index.php?rest_route=%2Fwp%2Fv2%2Fcomments&post=620"}],"version-history":[{"count":10,"href":"https:\/\/vana.elus.ee\/index.php?rest_route=\/wp\/v2\/pages\/620\/revisions"}],"predecessor-version":[{"id":816,"href":"https:\/\/vana.elus.ee\/index.php?rest_route=\/wp\/v2\/pages\/620\/revisions\/816"}],"wp:attachment":[{"href":"https:\/\/vana.elus.ee\/index.php?rest_route=%2Fwp%2Fv2%2Fmedia&parent=620"}],"curies":[{"name":"wp","href":"https:\/\/api.w.org\/{rel}","templated":true}]}}