{"id":58,"date":"2015-10-02T10:49:37","date_gmt":"2015-10-02T07:49:37","guid":{"rendered":"https:\/\/vana.elus.ee\/?page_id=58"},"modified":"2017-09-15T10:32:43","modified_gmt":"2017-09-15T07:32:43","slug":"presidendid","status":"publish","type":"page","link":"https:\/\/vana.elus.ee\/?page_id=58","title":{"rendered":"Presidendid"},"content":{"rendered":"<div>Urmas K\u00f5ljalg (alates 2017)<\/div>\n<div>Oive Tinn (2014-2017)<\/div>\n<p>T\u00f5nu Viik (2008-2014)<br \/>\nMarek Sammul (2004-2008)<br \/>\nT\u00f5nu M\u00f6ls (1994-2004)<br \/>\nKalevi Kull (1991-1994)<br \/>\nKuulo Kalamees (1976-1985)<br \/>\nErast Parmasto (1973-1976)<br \/>\nHans-Voldemar Trass (1964-1973 ja 1985-1991)<br \/>\nEerik Kumari (1954-1964)<br \/>\nHarald Haberman (1952-1954)<br \/>\nKarl Orviku (1946-1952)<br \/>\nArmin \u00d6pik (1944)<br \/>\nTeodor Lippmaa (1939-1942)<br \/>\nHugo Kaho (1936-1939)<br \/>\nPaul Nikolai Kogerman (1929-1936)<br \/>\nJohannes Piiper (1923-1929)<br \/>\nGeorg Rudolf Wilhelm Landesen (1918-1923)<br \/>\nBoriss Izmailovit\u0161 Sreznevski (1918)<br \/>\nJevgeni Aleksejevit\u0161 \u0160epilevski (1911-1918)<br \/>\nNikolai Ivanovit\u0161 Kuznetsov (1905-1911)<br \/>\nGrigori Vassiljevit\u0161 Levitski (1901-1905)<br \/>\nKarl Gottfried Constantin Dehio (1899-1901)<br \/>\nJulius Thomas von Kennel (1898-1899)<br \/>\nEdmund August Friedrich Russow (1895-1897)<br \/>\nCarl Ernst Heinrich Schmidt (1894)<br \/>\nJohann Georg No\u0117l Dragendorff (1890-1893)<br \/>\nGeorg Friedrich Karl Heinrich Bidder (1877-1890)<br \/>\nKarl Ernst von Baer (1869-1876)<br \/>\nCarl Johann von Seidlitz (1868-1869)<br \/>\nGuido Hermann von Samson-Himmelstiern (1862-1868)<br \/>\nCarl Eduard von Liphardt (1853-1862)<\/p>\n","protected":false},"excerpt":{"rendered":"<p>Urmas K\u00f5ljalg (alates 2017) Oive Tinn (2014-2017) T\u00f5nu Viik (2008-2014) Marek Sammul (2004-2008) T\u00f5nu M\u00f6ls (1994-2004) Kalevi Kull (1991-1994) Kuulo Kalamees (1976-1985) Erast Parmasto (1973-1976) Hans-Voldemar Trass (1964-1973 ja 1985-1991) Eerik Kumari (1954-1964) Harald Haberman (1952-1954) Karl Orviku (1946-1952) Armin \u00d6pik (1944) Teodor Lippmaa (1939-1942) Hugo Kaho (1936-1939) Paul Nikolai Kogerman (1929-1936) Johannes Piiper (1923-1929) &hellip; <a href=\"https:\/\/vana.elus.ee\/?page_id=58\" class=\"more-link\">Continue reading <span class=\"screen-reader-text\">Presidendid<\/span><\/a><\/p>\n","protected":false},"author":1,"featured_media":0,"parent":0,"menu_order":0,"comment_status":"closed","ping_status":"closed","template":"","meta":{"footnotes":""},"class_list":["post-58","page","type-page","status-publish","hentry"],"_links":{"self":[{"href":"https:\/\/vana.elus.ee\/index.php?rest_route=\/wp\/v2\/pages\/58","targetHints":{"allow":["GET"]}}],"collection":[{"href":"https:\/\/vana.elus.ee\/index.php?rest_route=\/wp\/v2\/pages"}],"about":[{"href":"https:\/\/vana.elus.ee\/index.php?rest_route=\/wp\/v2\/types\/page"}],"author":[{"embeddable":true,"href":"https:\/\/vana.elus.ee\/index.php?rest_route=\/wp\/v2\/users\/1"}],"replies":[{"embeddable":true,"href":"https:\/\/vana.elus.ee\/index.php?rest_route=%2Fwp%2Fv2%2Fcomments&post=58"}],"version-history":[{"count":2,"href":"https:\/\/vana.elus.ee\/index.php?rest_route=\/wp\/v2\/pages\/58\/revisions"}],"predecessor-version":[{"id":589,"href":"https:\/\/vana.elus.ee\/index.php?rest_route=\/wp\/v2\/pages\/58\/revisions\/589"}],"wp:attachment":[{"href":"https:\/\/vana.elus.ee\/index.php?rest_route=%2Fwp%2Fv2%2Fmedia&parent=58"}],"curies":[{"name":"wp","href":"https:\/\/api.w.org\/{rel}","templated":true}]}}