{"id":55,"date":"2015-10-02T10:48:05","date_gmt":"2015-10-02T07:48:05","guid":{"rendered":"https:\/\/vana.elus.ee\/?page_id=55"},"modified":"2024-12-02T11:10:09","modified_gmt":"2024-12-02T08:10:09","slug":"juhtimine","status":"publish","type":"page","link":"https:\/\/vana.elus.ee\/?page_id=55","title":{"rendered":"Juhtimine"},"content":{"rendered":"<p>Eesti Looduseuurijate Seltsi juhtimise organeiks on Eesti Looduseuurijate Seltsi \u00fcldkoosolek ja selle poolt valitud Eesti Looduseuurijate Seltsi presiidium.<\/p>\n<p>Eesti Looduseuurijate Seltsi k\u00f5rgeimaks organiks on \u00fcldkoosolek.<br \/>\n\u00dcldkoosolekuid kutsub kokku presiidium vastavalt vajadusele oma algatusel v\u00f5i revisjonikomisjoni v\u00f5i v\u00e4hemalt 1\/10 tegevliikmete n\u00f5udmisel. \u00dcldkoosoleku aeg, koht ja p\u00e4evakord teatatakse liikmetele v\u00e4hemalt 7 p\u00e4eva enne \u00fcldkoosolekut.<\/p>\n<p>\u00dcldkoosolek on otsustusv\u00f5imeline, kui koos on v\u00e4hemalt 1\/20 Eesti Looduseuurijate Seltsi h\u00e4\u00e4le\u00f5iguslikest liikmetest. Au- ja tegevliikmete valimisel kvoorumin\u00f5uet ei rakendata.<\/p>\n<p>\u00dcldkoosolek teeb otsuseid h\u00e4\u00e4le\u00f5iguslike liikmete \u00fclepoolse h\u00e4\u00e4lteenamusega, v\u00e4lja arvatud Eesti Looduseuurijate Seltsi p\u00f5hikirja muutmine ja kinnitamine, mis otsustatakse h\u00e4\u00e4le\u00f5iguslike koosolijate v\u00e4hemalt 2\/3 h\u00e4\u00e4lteenamusega. Eesti Looduseuurijate Seltsi tegevuse l\u00f5petamise otsustamine vajab v\u00e4hemalt 100 h\u00e4\u00e4le\u00f5igusliku liikme kohalolekut.<br \/>\nEesti Looduseuurijate Seltsi \u00fcldkoosolekut juhatab president, asepresident v\u00f5i presiidiumi liige, v\u00e4lja arvatud Eesti Looduseuurijate Seltsi presiidiumi ja revisjonikomisjoni valimise protseduur, mida juhatab \u00fcldkoosoleku poolt valitud Eesti Looduseuurijate Seltsi presiidiumi mittekuuluv liige.<\/p>\n<p>\u00dcldkoosolek<\/p>\n<ul>\n<li>arutab ja kinnitab lahtisel h\u00e4\u00e4letusel Eesti Looduseuurijate Seltsi p\u00f5hikirja, selle muudatused ning all\u00fcksuste kodukorrad ja p\u00f5hikirjad;<\/li>\n<li>otsustab Eesti Looduseuurijate Seltsi p\u00f5hilisi organisatsioonilisi aluseid ja tegevust puudutavaid k\u00fcsimusi;<\/li>\n<li>valib kinnisel h\u00e4\u00e4letusel Eesti Looduseuurijate Seltsi presiidiumi liikmed, revisjonikomisjoni ja Eesti Looduseuurijate Seltsi liikmed ning teatab all\u00fcksuste ja haru\u00fchingute esimeeste valimisest;<\/li>\n<li>arutab l\u00e4bi ja kinnitab Eesti Looduseuurijate Seltsi presiidiumi ja revisjonikomisjoni poolt esitatud t\u00f6\u00f6plaanid ning aruanded;<\/li>\n<li>otsustab Eesti Looduseuurijate Seltsi tegevuse l\u00f5petamisega seotud k\u00fcsimusi.<\/li>\n<\/ul>\n<p>Eesti Looduseuurijate Seltsi \u00fcldkoosolekul on \u00f5igus valida aupresident Eesti Looduseuurijate Seltsi tegevuse juhtimisel eriti silma paistnud isikute hulgast. Aupresidendi staatus on eluaegne. Eesti Looduseuurijate Seltsi aupresident kuulub t\u00e4iendavalt Eesti Looduseuurijate Seltsi presiidiumi koosseisu otsustava h\u00e4\u00e4le\u00f5igusega.<\/p>\n<p>Eesti Looduseuurijate Seltsi tegevuse juhtimiseks valib \u00fcldkoosolek seitsmeliikmelise presiidiumi, mis koosneb presidendist, kahest asepresidendist, sekret\u00e4rist ja presiidiumi liikmetest. Presidendi v\u00f5i rohkem kui kahe presiidiumi liikme v\u00e4ljalangemisel toimuvad t\u00e4iendavad valimised. Vajadusel v\u00f5idakse presiidiumi valida t\u00e4iendavaid liikmeid. Presiidium valitakse kinnisel h\u00e4\u00e4letusel kolmeks aastaks koosolevate liikmete \u00fclepoolse h\u00e4\u00e4lteenamusega au- ja tegevliikmete hulgast, kes viibivad koosolekul v\u00f5i on andnud kirjaliku n\u00f5usoleku kandideerimiseks Eesti Looduseuurijate Seltsi presiidiumi. Valimise tulemustest informeeritakse Eesti Teaduste Akadeemiat.<\/p>\n<p>Eesti Looduseuurijate Seltsi presiidiumi koosolek on otsustusv\u00f5imeline, kui koos on v\u00e4hemalt pool liikmetest, nende seas president v\u00f5i asepresident. Presiidium otsustab k\u00fcsimusi lihth\u00e4\u00e4lteenamusega. H\u00e4\u00e4lte poolekslangemisel on otsustav koosoleku juhataja h\u00e4\u00e4l.<\/p>\n<p>Presiidium:<\/p>\n<ul>\n<li>juhib Eesti Looduseuurijate Seltsi tegevust Eesti Looduseuurijate Seltsi p\u00f5hikirja, \u00fcldkoosoleku otsuste ja viimase poolt kinnitatud t\u00f6\u00f6plaani alusel;<\/li>\n<li>koostab Eesti Looduseuurijate Seltsi t\u00f6\u00f6plaani, eelarve projekti ning tegevuse aruande ja esitab need kinnitamiseks Eesti Looduseuurijate Seltsi \u00fcldkoosolekule.<\/li>\n<li>esitab vajaduse korral \u00fclevaateid Eesti Looduseuurijate Seltsi tegevusest Eesti Teaduste Akadeemiale;<\/li>\n<li>valitseb Eesti Looduseuurijate Seltsi materiaalseid ja rahalisi varasid;<\/li>\n<li>otsustab Eesti Looduseuurijate Seltsi raamatukogu t\u00f6\u00f6sse puutuvaid k\u00fcsimusi;<\/li>\n<li>kutsub kokku \u00fcldkoosolekuid;<\/li>\n<li>autasustab Eestui Looduseuurijate Seltsi au- ja t\u00e4nukirjaga vastavalt kinnitatud p\u00f5him\u00e4\u00e4rusele;<\/li>\n<li>suunab oma otsusega tr\u00fckkimisele Eesti Looduseuurijate Seltsi v\u00e4ljaannete k\u00e4sikirju;<\/li>\n<li>moodustab ja likvideerib Eesti Looduseuurijate Seltsi all\u00fcksusi kui seltsi osi, kinnitab nende kodukorrad ja p\u00f5hikirjad ning juhib ja koordineerib nende tegevust;<\/li>\n<li>s\u00f5lmib lepinguid haruseltsidega;<\/li>\n<li>moodustab vajaduse korral seltsi t\u00f6\u00f6 juhtimiseks ajutisi komisjone.<\/li>\n<\/ul>\n<p>Eesti Looduseuurijate Seltsi presiidiumi liikmed jagavad omavahel t\u00f6\u00f6\u00fclesanded vastavalt vajadusele. T\u00e4htsamate k\u00fcsimuste arutamiseks kutsutakse presiidiumi koosolekule kas Auliikmete kogu v\u00f5i Eesti Looduseuurijate Seltsi all\u00fcksuste ja revisjonikomisjoni esimehed ning haruseltside esindajad.<br \/>\nEesti Looduseuurijate Seltsi presidendil (ja tema \u00e4raolekul asepresidentidel) on: 1) k\u00e4skkirja \u00f5igus, 2) \u00f5igus s\u00f5lmida ja Eesti Looduseuurijate Seltsi nimel alla kirjutada Eesti Looduseuurijate Seltsi tegevusse puutuvaile lepinguile ja kohustustele, 3) \u00f5igus esindada Eesti Looduseuurijate Seltsi Eesti Teaduste Akadeemias ja teistes asutustes, organisatsioonides ning kohtutes.<\/p>\n<p>Eesti Looduseuurijate Seltsi teaduslikku tegevust ja asjaajamist korraldab koosseisuline teaduslik sekret\u00e4r, kes kuulub t\u00e4iendavalt presiidiumi koosseisu otsustava h\u00e4\u00e4le\u00f5igusega.<br \/>\nEesti Looduseuurijate Seltsi all\u00fcksused (sektsioonid, komisjonid jms) ja haruseltsid valivad oma tegevuse juhtimiseks juhatused. Valimisest teatatakse Eesti Looduseuurijate Seltsi presiidiumile.<\/p>\n<p><strong>Eesti LUSi presiidiumi koosseis:<\/strong><br \/>\nPresident &#8211; dr Urmas K\u00f5ljalg<br \/>\nAsepresident &#8211; Toomas Kukk<br \/>\nAsepresident &#8211; Lennart Lennuk<br \/>\nTeadussekret\u00e4r &#8211; Hannes Rohtsalu<br \/>\nLiikmed: dr Tiina Elvisto, dr Lauri Laanisto, Madli Linder, Sigrid Ots<\/p>\n<p>&nbsp;<\/p>\n","protected":false},"excerpt":{"rendered":"<p>Eesti Looduseuurijate Seltsi juhtimise organeiks on Eesti Looduseuurijate Seltsi \u00fcldkoosolek ja selle poolt valitud Eesti Looduseuurijate Seltsi presiidium. Eesti Looduseuurijate Seltsi k\u00f5rgeimaks organiks on \u00fcldkoosolek. \u00dcldkoosolekuid kutsub kokku presiidium vastavalt vajadusele oma algatusel v\u00f5i revisjonikomisjoni v\u00f5i v\u00e4hemalt 1\/10 tegevliikmete n\u00f5udmisel. \u00dcldkoosoleku aeg, koht ja p\u00e4evakord teatatakse liikmetele v\u00e4hemalt 7 p\u00e4eva enne \u00fcldkoosolekut. \u00dcldkoosolek on otsustusv\u00f5imeline, &hellip; <a href=\"https:\/\/vana.elus.ee\/?page_id=55\" class=\"more-link\">Continue reading <span class=\"screen-reader-text\">Juhtimine<\/span><\/a><\/p>\n","protected":false},"author":1,"featured_media":0,"parent":0,"menu_order":0,"comment_status":"closed","ping_status":"closed","template":"","meta":{"footnotes":""},"class_list":["post-55","page","type-page","status-publish","hentry"],"_links":{"self":[{"href":"https:\/\/vana.elus.ee\/index.php?rest_route=\/wp\/v2\/pages\/55","targetHints":{"allow":["GET"]}}],"collection":[{"href":"https:\/\/vana.elus.ee\/index.php?rest_route=\/wp\/v2\/pages"}],"about":[{"href":"https:\/\/vana.elus.ee\/index.php?rest_route=\/wp\/v2\/types\/page"}],"author":[{"embeddable":true,"href":"https:\/\/vana.elus.ee\/index.php?rest_route=\/wp\/v2\/users\/1"}],"replies":[{"embeddable":true,"href":"https:\/\/vana.elus.ee\/index.php?rest_route=%2Fwp%2Fv2%2Fcomments&post=55"}],"version-history":[{"count":9,"href":"https:\/\/vana.elus.ee\/index.php?rest_route=\/wp\/v2\/pages\/55\/revisions"}],"predecessor-version":[{"id":2225,"href":"https:\/\/vana.elus.ee\/index.php?rest_route=\/wp\/v2\/pages\/55\/revisions\/2225"}],"wp:attachment":[{"href":"https:\/\/vana.elus.ee\/index.php?rest_route=%2Fwp%2Fv2%2Fmedia&parent=55"}],"curies":[{"name":"wp","href":"https:\/\/api.w.org\/{rel}","templated":true}]}}