{"id":52,"date":"2015-10-02T10:43:15","date_gmt":"2015-10-02T07:43:15","guid":{"rendered":"https:\/\/vana.elus.ee\/?page_id=52"},"modified":"2024-11-19T16:24:32","modified_gmt":"2024-11-19T13:24:32","slug":"liikmed","status":"publish","type":"page","link":"https:\/\/vana.elus.ee\/?page_id=52","title":{"rendered":"Liikmed"},"content":{"rendered":"<p>Eesti Looduseuurijate Seltsi liikmeskond koosneb tegevliikmetest, kelle seas on ka eluaegse staatusega liikmed (50+ a liikmelisust v\u00f5i tasutud 30 aasta liikmemaks ette) ja auliikmed (m\u00e4\u00e4rab LUSi presiidium eriliste teenete eest). Vanemast ajast (kui liikmeks saamise eelduseks oli bioloogia-alane k\u00f5rgharidus) on s\u00e4ilinud usaldusmeeste kategooria, mida praegu ei uuendata.<\/p>\n<p>Eesti Looduseuurijate Seltsi\u00a0tegevliikmeks\u00a0v\u00f5ib \u00fcldjuhul olla k\u00f5rgharidusega isik v\u00f5i harrastusuurija, kes tegutseb aktiivselt loodusteaduste alal, esitab oma t\u00f6\u00f6 tulemusi teaduslike ettekannetena, avaldab tr\u00fckis teaduslikke t\u00f6id, v\u00f5i kes oma tegevusega aitab oluliselt kaasa Eesti Looduseuurijate Seltsi \u00fclesannete t\u00e4itmisele.<br \/>\nEesti Looduseuurijate Seltsi tegevliige valitakse kandidaadi kirjaliku sooviavalduse ja kahe tegevliikme soovitusel \u00fcldkoosoleku poolt kinnisel h\u00e4\u00e4letusel. Tegevliikme kandidaadid tehakse teatavaks varasemal \u00fcldkoosolekul.<br \/>\nEesti Looduseuurijate Seltsi\u00a0tegevliikmed maksavad iga-aastast liikmemaksu \u00fcldkoosoleku poolt kindlaksm\u00e4\u00e4ratud suuruses. Liikmemaksu suurus on alates 2024. aastast:<\/p>\n<p><b>tegevliikmed ja doktorandid 40 EUR<\/b><\/p>\n<p><strong>pension\u00e4rid ja \u00fcli\u00f5pilased 10\u00a0<\/strong><b>EUR<\/b><\/p>\n<p>Erandjuhtudel ja arvestatavatel p\u00f5hjustel v\u00f5ib Eesti Looduseuurijate Seltsi presiidium \u00fcksikuid liikmeid liikmemaksu tasumisest vabastada. Liikmemaksu tasumata j\u00e4tmisel rohkem kui kolme aasta jooksul v\u00f5ib presiidium Eesti Looduseuurijate Seltsi liikme nimekirjast kustutada. Sellest teatatakse Eesti Looduseuurijate Seltsi \u00fcldkoosolekul.<\/p>\n<p>Eesti Looduseuurijate Seltsi\u00a0eluaegseks liikmeks\u00a0saab tegevliige, kellele Eesti Looduseuurijate Seltsi presiidium annab selle staatuse\u00a0\u00fcle 50 aasta Eesti Looduseuurijate Seltsi liikmeks oleku aja eest\u00a0v\u00f5i kes\u00a0tasub parajasti kehtiva liikmemaksu kolmek\u00fcmnekordses v\u00e4\u00e4rtuses.<\/p>\n<p>Eesti Looduseuurijate Seltsi\u00a0auliikmeks\u00a0valitakse isikuid alates 50. eluaastast, kellel on erilisi teeneid loodusteaduste arendamisel v\u00f5i kes oma kauaaegse viljaka tegevusega Eesti Looduseuurijate Seltsis on osutanud sellele suuri teeneid. Auliikmele antakse vastav diplom. Auliikmed moodustavad Auliikmete kogu. Eesti Looduseuurijate Seltsi auliige valitakse Eesti Looduseuurijate Seltsi presiidiumi ettepanekul kas presiidiumi, Eesti Looduseuurijate Seltsi all\u00fcksuse v\u00f5i v\u00e4hemalt viie tegevliikme motiveeritud esitise p\u00f5hjal \u00fcldkoosoleku poolt kinnisel h\u00e4\u00e4letusel.<\/p>\n<p>Eesti Looduseuurijate Seltsi au- ja tegevliikmetel on \u00f5igus valida ja olla valitud k\u00f5igisse Eesti Looduseuurijate Seltsi organeisse ning neil on otsustav h\u00e4\u00e4le\u00f5igus Eesti Looduseuurijate Seltsi \u00fcldkoosolekutel.<\/p>\n<p>Eesti Looduseuurijate Seltsi\u00a0usaldusmeheks\u00a0v\u00f5ib olla vanusepiiranguta loodusehuviline, kes aitab kaasa Eesti Looduseuurijate Seltsi p\u00f5hitegevusele. Usaldusmeestele antakse presiidiumi poolt<br \/>\nkinnitatud vormi kohane liikmepilet. Eesti Looduseuurijate Seltsi usaldusmeheks vastuv\u00f5tmine ja<br \/>\nusaldusmeeste nimekirjast kustutamine toimub Eesti Looduseuurijate Seltsi presiidiumi otsusega Eesti Looduseuurijate Seltsi all\u00fcksuse ettepanekul.<\/p>\n<p>Eesti Looduseuurijate Seltsi au- ja tegevliikmetel ning usaldusmeestel on \u00f5igus osa v\u00f5tta k\u00f5igist Eesti Looduseuurijate Seltsi \u00fcritustest, avaldada oma kirjutisi Eesti Looduseuurijate Seltsi v\u00e4ljaannetes ja kasutada Eesti Looduseuurijate Seltsi raamatukogu selleks kinnitatud korra kohaselt. Usaldusmeestel on \u00f5igus saada konsultatsioone ja juhendmaterjale loodusvaatlusteks.<\/p>\n<p>Eesti Looduseuurijate Seltsi tegevliikmed ja usaldusmehed on kohustatud aktiivselt osa v\u00f5tma Eesti Looduseuurijate Seltsi t\u00f6\u00f6st ja t\u00e4itma p\u00f5hikirja n\u00f5udeid.<\/p>\n<p>Eesti Looduseuurijate Seltsi\u00a0toetajaliikmeks\u00a0saab isik v\u00f5i organisatsioon, kes toetab Eesti Looduseuurijate Seltsi kas rahalise v\u00f5i materiaalse annetusega. Toetajaliikme staatus kehtib \u00fche aasta. Toetajaliikmete nimekiri avaldatakse Eesti Looduseuurijate Seltsi v\u00e4ljaannetes.<\/p>\n<p>Eesti Looduseuurijate Seltsi liige v\u00f5ib igal ajal liikmeskonnast v\u00e4lja astuda, olles eelnevalt likvideerinud oma v\u00f5lgnevused seltsi ees ning esitades kirjaliku avalduse Eesti Looduseuurijate Seltsi presiidiumile, kes sellest informeerib j\u00e4rgmist \u00fcldkoosolekut.<\/p>\n","protected":false},"excerpt":{"rendered":"<p>Eesti Looduseuurijate Seltsi liikmeskond koosneb tegevliikmetest, kelle seas on ka eluaegse staatusega liikmed (50+ a liikmelisust v\u00f5i tasutud 30 aasta liikmemaks ette) ja auliikmed (m\u00e4\u00e4rab LUSi presiidium eriliste teenete eest). Vanemast ajast (kui liikmeks saamise eelduseks oli bioloogia-alane k\u00f5rgharidus) on s\u00e4ilinud usaldusmeeste kategooria, mida praegu ei uuendata. Eesti Looduseuurijate Seltsi\u00a0tegevliikmeks\u00a0v\u00f5ib \u00fcldjuhul olla k\u00f5rgharidusega isik v\u00f5i &hellip; <a href=\"https:\/\/vana.elus.ee\/?page_id=52\" class=\"more-link\">Continue reading <span class=\"screen-reader-text\">Liikmed<\/span><\/a><\/p>\n","protected":false},"author":1,"featured_media":0,"parent":0,"menu_order":0,"comment_status":"closed","ping_status":"closed","template":"","meta":{"footnotes":""},"class_list":["post-52","page","type-page","status-publish","hentry"],"_links":{"self":[{"href":"https:\/\/vana.elus.ee\/index.php?rest_route=\/wp\/v2\/pages\/52","targetHints":{"allow":["GET"]}}],"collection":[{"href":"https:\/\/vana.elus.ee\/index.php?rest_route=\/wp\/v2\/pages"}],"about":[{"href":"https:\/\/vana.elus.ee\/index.php?rest_route=\/wp\/v2\/types\/page"}],"author":[{"embeddable":true,"href":"https:\/\/vana.elus.ee\/index.php?rest_route=\/wp\/v2\/users\/1"}],"replies":[{"embeddable":true,"href":"https:\/\/vana.elus.ee\/index.php?rest_route=%2Fwp%2Fv2%2Fcomments&post=52"}],"version-history":[{"count":6,"href":"https:\/\/vana.elus.ee\/index.php?rest_route=\/wp\/v2\/pages\/52\/revisions"}],"predecessor-version":[{"id":2222,"href":"https:\/\/vana.elus.ee\/index.php?rest_route=\/wp\/v2\/pages\/52\/revisions\/2222"}],"wp:attachment":[{"href":"https:\/\/vana.elus.ee\/index.php?rest_route=%2Fwp%2Fv2%2Fmedia&parent=52"}],"curies":[{"name":"wp","href":"https:\/\/api.w.org\/{rel}","templated":true}]}}