{"id":431,"date":"2017-06-13T23:02:22","date_gmt":"2017-06-13T20:02:22","guid":{"rendered":"https:\/\/vana.elus.ee\/?page_id=431"},"modified":"2024-02-01T16:15:17","modified_gmt":"2024-02-01T13:15:17","slug":"astu-liikmeks","status":"publish","type":"page","link":"https:\/\/vana.elus.ee\/?page_id=431","title":{"rendered":"Astu liikmeks"},"content":{"rendered":"<p>Eesti Looduseuurijate Seltsi\u00a0tegevliikmeks\u00a0v\u00f5ib olla isik, kes tegutseb aktiivselt loodusteaduste alal, esitab oma t\u00f6\u00f6 tulemusi teaduslike ettekannetena, avaldab tr\u00fckis teaduslikke t\u00f6id, v\u00f5i kes oma tegevusega aitab oluliselt kaasa Eesti Looduseuurijate Seltsi \u00fclesannete t\u00e4itmisele.<\/p>\n<p>Seltsi liikmeks astumisel palume esitada kirjaliku sooviavalduse koos\u00a0kahe tegevliikme soovitusega.<\/p>\n<p>Eesti Looduseuurijate Seltsi\u00a0tegevliikmed maksavad iga-aastast liikmemaksu \u00fcldkoosoleku poolt kindlaksm\u00e4\u00e4ratud suuruses.<\/p>\n<p><strong>Liikmemaksu suurus<\/strong> <strong>on alates 2024. aastast:<\/strong><\/p>\n<p>tegevliikmed 40.- EUR, pension\u00e4rid ja \u00fcli\u00f5pilased (v.a. doktorandid) 10.-\u00a0EUR<\/p>\n<p><span style=\"text-decoration: underline;\"><a href=\"https:\/\/vana.elus.ee\/wp-content\/uploads\/2017\/07\/LUS_AVALDUS.doc\">LIIKMEAVALDUS<\/a><\/span><\/p>\n<p>Eesti Looduseuurijate Seltsi tegevliige valitakse kandidaadi kirjaliku sooviavalduse ja kahe tegevliikme soovitusel \u00fcldkoosoleku poolt kinnisel h\u00e4\u00e4letusel. Tegevliikme kandidaadid tehakse teatavaks varasemal \u00fcldkoosolekul.<\/p>\n<p>&nbsp;<\/p>\n","protected":false},"excerpt":{"rendered":"<p>Eesti Looduseuurijate Seltsi\u00a0tegevliikmeks\u00a0v\u00f5ib olla isik, kes tegutseb aktiivselt loodusteaduste alal, esitab oma t\u00f6\u00f6 tulemusi teaduslike ettekannetena, avaldab tr\u00fckis teaduslikke t\u00f6id, v\u00f5i kes oma tegevusega aitab oluliselt kaasa Eesti Looduseuurijate Seltsi \u00fclesannete t\u00e4itmisele. Seltsi liikmeks astumisel palume esitada kirjaliku sooviavalduse koos\u00a0kahe tegevliikme soovitusega. Eesti Looduseuurijate Seltsi\u00a0tegevliikmed maksavad iga-aastast liikmemaksu \u00fcldkoosoleku poolt kindlaksm\u00e4\u00e4ratud suuruses. Liikmemaksu suurus on &hellip; <a href=\"https:\/\/vana.elus.ee\/?page_id=431\" class=\"more-link\">Continue reading <span class=\"screen-reader-text\">Astu liikmeks<\/span><\/a><\/p>\n","protected":false},"author":1,"featured_media":0,"parent":0,"menu_order":0,"comment_status":"closed","ping_status":"closed","template":"","meta":{"footnotes":""},"class_list":["post-431","page","type-page","status-publish","hentry"],"_links":{"self":[{"href":"https:\/\/vana.elus.ee\/index.php?rest_route=\/wp\/v2\/pages\/431","targetHints":{"allow":["GET"]}}],"collection":[{"href":"https:\/\/vana.elus.ee\/index.php?rest_route=\/wp\/v2\/pages"}],"about":[{"href":"https:\/\/vana.elus.ee\/index.php?rest_route=\/wp\/v2\/types\/page"}],"author":[{"embeddable":true,"href":"https:\/\/vana.elus.ee\/index.php?rest_route=\/wp\/v2\/users\/1"}],"replies":[{"embeddable":true,"href":"https:\/\/vana.elus.ee\/index.php?rest_route=%2Fwp%2Fv2%2Fcomments&post=431"}],"version-history":[{"count":7,"href":"https:\/\/vana.elus.ee\/index.php?rest_route=\/wp\/v2\/pages\/431\/revisions"}],"predecessor-version":[{"id":2056,"href":"https:\/\/vana.elus.ee\/index.php?rest_route=\/wp\/v2\/pages\/431\/revisions\/2056"}],"wp:attachment":[{"href":"https:\/\/vana.elus.ee\/index.php?rest_route=%2Fwp%2Fv2%2Fmedia&parent=431"}],"curies":[{"name":"wp","href":"https:\/\/api.w.org\/{rel}","templated":true}]}}