{"id":225,"date":"2015-10-06T10:24:39","date_gmt":"2015-10-06T07:24:39","guid":{"rendered":"https:\/\/vana.elus.ee\/?page_id=225"},"modified":"2021-12-16T17:21:41","modified_gmt":"2021-12-16T14:21:41","slug":"schola-geologica","status":"publish","type":"page","link":"https:\/\/vana.elus.ee\/?page_id=225","title":{"rendered":"Schola Geologica"},"content":{"rendered":"<p>V\u00e4ljaannete veebiversioonid on leitavad siin: <a href=\"http:\/\/sygiskool.ee\/2014\/?page_id=11\">Schola Geologica kogumikud | XVI geoloogia s\u00fcgiskool (sygiskool.ee)<\/a><\/p>\n<p>Tr\u00fckitud eksemplarid on saadaval LUSi raamatukogus, Struve tn 2.<\/p>\n","protected":false},"excerpt":{"rendered":"<p>V\u00e4ljaannete veebiversioonid on leitavad siin: Schola Geologica kogumikud | XVI geoloogia s\u00fcgiskool (sygiskool.ee) Tr\u00fckitud eksemplarid on saadaval LUSi raamatukogus, Struve tn 2.<\/p>\n","protected":false},"author":1,"featured_media":0,"parent":0,"menu_order":0,"comment_status":"closed","ping_status":"closed","template":"","meta":{"footnotes":""},"class_list":["post-225","page","type-page","status-publish","hentry"],"_links":{"self":[{"href":"https:\/\/vana.elus.ee\/index.php?rest_route=\/wp\/v2\/pages\/225","targetHints":{"allow":["GET"]}}],"collection":[{"href":"https:\/\/vana.elus.ee\/index.php?rest_route=\/wp\/v2\/pages"}],"about":[{"href":"https:\/\/vana.elus.ee\/index.php?rest_route=\/wp\/v2\/types\/page"}],"author":[{"embeddable":true,"href":"https:\/\/vana.elus.ee\/index.php?rest_route=\/wp\/v2\/users\/1"}],"replies":[{"embeddable":true,"href":"https:\/\/vana.elus.ee\/index.php?rest_route=%2Fwp%2Fv2%2Fcomments&post=225"}],"version-history":[{"count":3,"href":"https:\/\/vana.elus.ee\/index.php?rest_route=\/wp\/v2\/pages\/225\/revisions"}],"predecessor-version":[{"id":1227,"href":"https:\/\/vana.elus.ee\/index.php?rest_route=\/wp\/v2\/pages\/225\/revisions\/1227"}],"wp:attachment":[{"href":"https:\/\/vana.elus.ee\/index.php?rest_route=%2Fwp%2Fv2%2Fmedia&parent=225"}],"curies":[{"name":"wp","href":"https:\/\/api.w.org\/{rel}","templated":true}]}}