{"id":182,"date":"2015-10-02T13:40:58","date_gmt":"2015-10-02T10:40:58","guid":{"rendered":"https:\/\/vana.elus.ee\/?page_id=182"},"modified":"2025-03-13T10:50:00","modified_gmt":"2025-03-13T07:50:00","slug":"elektrooniline-postiloend","status":"publish","type":"page","link":"https:\/\/vana.elus.ee\/?page_id=182","title":{"rendered":"Meililist"},"content":{"rendered":"<p>Suur osa seltsi infovahetusest toimub listi kaudu &#8211; seltsid.elus@lists.ut.ee<br \/>\nListi temaatika on Eesti looduseuuurijate seltsi info ja loodusteaduslikud m\u00f5ttevahetused.<\/p>\n<p>Listi haldab Toomas Kukk, tomkukk@gmail.com<\/p>\n<p>Aadressile seltsid.elus@lists.ut.ee saadetud kiri l\u00e4heb k\u00f5ikidele LUSi liikmetele, kes on listiga liitunud. Listi saavad kirjutada vaid listi saajad ning ainult nendelt meiliaadressidelt, millele listikirju saadetakse.<\/p>\n","protected":false},"excerpt":{"rendered":"<p>Suur osa seltsi infovahetusest toimub listi kaudu &#8211; seltsid.elus@lists.ut.ee Listi temaatika on Eesti looduseuuurijate seltsi info ja loodusteaduslikud m\u00f5ttevahetused. Listi haldab Toomas Kukk, tomkukk@gmail.com Aadressile seltsid.elus@lists.ut.ee saadetud kiri l\u00e4heb k\u00f5ikidele LUSi liikmetele, kes on listiga liitunud. Listi saavad kirjutada vaid listi saajad ning ainult nendelt meiliaadressidelt, millele listikirju saadetakse.<\/p>\n","protected":false},"author":1,"featured_media":0,"parent":0,"menu_order":0,"comment_status":"closed","ping_status":"closed","template":"","meta":{"footnotes":""},"class_list":["post-182","page","type-page","status-publish","hentry"],"_links":{"self":[{"href":"https:\/\/vana.elus.ee\/index.php?rest_route=\/wp\/v2\/pages\/182","targetHints":{"allow":["GET"]}}],"collection":[{"href":"https:\/\/vana.elus.ee\/index.php?rest_route=\/wp\/v2\/pages"}],"about":[{"href":"https:\/\/vana.elus.ee\/index.php?rest_route=\/wp\/v2\/types\/page"}],"author":[{"embeddable":true,"href":"https:\/\/vana.elus.ee\/index.php?rest_route=\/wp\/v2\/users\/1"}],"replies":[{"embeddable":true,"href":"https:\/\/vana.elus.ee\/index.php?rest_route=%2Fwp%2Fv2%2Fcomments&post=182"}],"version-history":[{"count":6,"href":"https:\/\/vana.elus.ee\/index.php?rest_route=\/wp\/v2\/pages\/182\/revisions"}],"predecessor-version":[{"id":2279,"href":"https:\/\/vana.elus.ee\/index.php?rest_route=\/wp\/v2\/pages\/182\/revisions\/2279"}],"wp:attachment":[{"href":"https:\/\/vana.elus.ee\/index.php?rest_route=%2Fwp%2Fv2%2Fmedia&parent=182"}],"curies":[{"name":"wp","href":"https:\/\/api.w.org\/{rel}","templated":true}]}}