{"id":172,"date":"2015-10-02T13:38:19","date_gmt":"2015-10-02T10:38:19","guid":{"rendered":"https:\/\/vana.elus.ee\/?page_id=172"},"modified":"2015-10-02T13:38:19","modified_gmt":"2015-10-02T10:38:19","slug":"loodusteaduste-ajaloo-komisjon","status":"publish","type":"page","link":"https:\/\/vana.elus.ee\/?page_id=172","title":{"rendered":"Loodusteaduste ajaloo komisjon"},"content":{"rendered":"<p>Looduseteaduste ajaloo komisjon asutati 23.09.1960 loodusteaduste ajaloo alal toimuva uurimist\u00f6\u00f6 koordineerimiseks ja suunamiseks.<\/p>\n<p>Komisjoni peamisteks \u00fclesanneteks on loodusteaduste ajalugu k\u00e4sitleva kirjanudse v\u00e4ljaandmine. T\u00e4naseks (november 2011) on sarjas &#8220;Teaduse ajaloo lehek\u00fclgi Eestis&#8221; avaldatud kolmteist kogumikku, viimane 2004.a.<\/p>\n","protected":false},"excerpt":{"rendered":"<p>Looduseteaduste ajaloo komisjon asutati 23.09.1960 loodusteaduste ajaloo alal toimuva uurimist\u00f6\u00f6 koordineerimiseks ja suunamiseks. Komisjoni peamisteks \u00fclesanneteks on loodusteaduste ajalugu k\u00e4sitleva kirjanudse v\u00e4ljaandmine. T\u00e4naseks (november 2011) on sarjas &#8220;Teaduse ajaloo lehek\u00fclgi Eestis&#8221; avaldatud kolmteist kogumikku, viimane 2004.a.<\/p>\n","protected":false},"author":1,"featured_media":0,"parent":0,"menu_order":0,"comment_status":"closed","ping_status":"closed","template":"","meta":{"footnotes":""},"class_list":["post-172","page","type-page","status-publish","hentry"],"_links":{"self":[{"href":"https:\/\/vana.elus.ee\/index.php?rest_route=\/wp\/v2\/pages\/172","targetHints":{"allow":["GET"]}}],"collection":[{"href":"https:\/\/vana.elus.ee\/index.php?rest_route=\/wp\/v2\/pages"}],"about":[{"href":"https:\/\/vana.elus.ee\/index.php?rest_route=\/wp\/v2\/types\/page"}],"author":[{"embeddable":true,"href":"https:\/\/vana.elus.ee\/index.php?rest_route=\/wp\/v2\/users\/1"}],"replies":[{"embeddable":true,"href":"https:\/\/vana.elus.ee\/index.php?rest_route=%2Fwp%2Fv2%2Fcomments&post=172"}],"version-history":[{"count":1,"href":"https:\/\/vana.elus.ee\/index.php?rest_route=\/wp\/v2\/pages\/172\/revisions"}],"predecessor-version":[{"id":174,"href":"https:\/\/vana.elus.ee\/index.php?rest_route=\/wp\/v2\/pages\/172\/revisions\/174"}],"wp:attachment":[{"href":"https:\/\/vana.elus.ee\/index.php?rest_route=%2Fwp%2Fv2%2Fmedia&parent=172"}],"curies":[{"name":"wp","href":"https:\/\/api.w.org\/{rel}","templated":true}]}}