{"id":169,"date":"2015-10-02T13:37:58","date_gmt":"2015-10-02T10:37:58","guid":{"rendered":"https:\/\/vana.elus.ee\/?page_id=169"},"modified":"2015-10-02T13:37:58","modified_gmt":"2015-10-02T10:37:58","slug":"vaatlusvorkude-komisjon","status":"publish","type":"page","link":"https:\/\/vana.elus.ee\/?page_id=169","title":{"rendered":"Vaatlusv\u00f5rkude komisjon"},"content":{"rendered":"<p>Vaatlusv\u00f5rkude komisjoni t\u00f6\u00f6 on v\u00f5rreldes vaatlusvihikute v\u00e4lja saatmise ja kogumisega muutunud. Alates 2009.a. on loodusehuvilistele kasutada Loodusvaatluste andmebaas, mis on m\u00f5eldud nii andmete kogumiseks kui ka nendest \u00fclevaate saamiseks: <a href=\"http:\/\/loodusvaatlused.eelis.ee\/\">http:\/\/loodusvaatlused.eelis.ee<\/a><\/p>\n","protected":false},"excerpt":{"rendered":"<p>Vaatlusv\u00f5rkude komisjoni t\u00f6\u00f6 on v\u00f5rreldes vaatlusvihikute v\u00e4lja saatmise ja kogumisega muutunud. Alates 2009.a. on loodusehuvilistele kasutada Loodusvaatluste andmebaas, mis on m\u00f5eldud nii andmete kogumiseks kui ka nendest \u00fclevaate saamiseks: http:\/\/loodusvaatlused.eelis.ee<\/p>\n","protected":false},"author":1,"featured_media":0,"parent":0,"menu_order":0,"comment_status":"closed","ping_status":"closed","template":"","meta":{"footnotes":""},"class_list":["post-169","page","type-page","status-publish","hentry"],"_links":{"self":[{"href":"https:\/\/vana.elus.ee\/index.php?rest_route=\/wp\/v2\/pages\/169","targetHints":{"allow":["GET"]}}],"collection":[{"href":"https:\/\/vana.elus.ee\/index.php?rest_route=\/wp\/v2\/pages"}],"about":[{"href":"https:\/\/vana.elus.ee\/index.php?rest_route=\/wp\/v2\/types\/page"}],"author":[{"embeddable":true,"href":"https:\/\/vana.elus.ee\/index.php?rest_route=\/wp\/v2\/users\/1"}],"replies":[{"embeddable":true,"href":"https:\/\/vana.elus.ee\/index.php?rest_route=%2Fwp%2Fv2%2Fcomments&post=169"}],"version-history":[{"count":1,"href":"https:\/\/vana.elus.ee\/index.php?rest_route=\/wp\/v2\/pages\/169\/revisions"}],"predecessor-version":[{"id":171,"href":"https:\/\/vana.elus.ee\/index.php?rest_route=\/wp\/v2\/pages\/169\/revisions\/171"}],"wp:attachment":[{"href":"https:\/\/vana.elus.ee\/index.php?rest_route=%2Fwp%2Fv2%2Fmedia&parent=169"}],"curies":[{"name":"wp","href":"https:\/\/api.w.org\/{rel}","templated":true}]}}