{"id":160,"date":"2015-10-02T13:36:44","date_gmt":"2015-10-02T10:36:44","guid":{"rendered":"https:\/\/vana.elus.ee\/?page_id=160"},"modified":"2017-11-21T17:28:23","modified_gmt":"2017-11-21T14:28:23","slug":"raamatukogukomisjon","status":"publish","type":"page","link":"https:\/\/vana.elus.ee\/?page_id=160","title":{"rendered":"Raamatukogukomisjon"},"content":{"rendered":"<p>Raamatukogukomisjoni koosseis:<\/p>\n<p>Toomas Kukk, esimees<\/p>\n<p>Liikmed: Margus Ots, Merit Otsus,\u00a0 Ehte Puhang,\u00a0Fred Puss<\/p>\n<p>Raamatukogukomisjoni loomise 1095. aastal tingis asjaolu, et seltsi j\u00e4rjest suurenev fond hakkas tollasel seltsi asjaajajal ning ajutiselt t\u00f6\u00f6le v\u00f5etud abij\u00f5ududel \u00fcle j\u00f5u k\u00e4ima. Fondide korrastamise, katalogiseerimise, teiste teaduslike seltside ja asutustega vahetuse organiseerimine ning seltsi juhatusele raamatukogu vajadusteks minevate kulutuste kohta ettepanekute tegemine olidki komisjoni \u00fclesanneteks.<\/p>\n","protected":false},"excerpt":{"rendered":"<p>Raamatukogukomisjoni koosseis: Toomas Kukk, esimees Liikmed: Margus Ots, Merit Otsus,\u00a0 Ehte Puhang,\u00a0Fred Puss Raamatukogukomisjoni loomise 1095. aastal tingis asjaolu, et seltsi j\u00e4rjest suurenev fond hakkas tollasel seltsi asjaajajal ning ajutiselt t\u00f6\u00f6le v\u00f5etud abij\u00f5ududel \u00fcle j\u00f5u k\u00e4ima. Fondide korrastamise, katalogiseerimise, teiste teaduslike seltside ja asutustega vahetuse organiseerimine ning seltsi juhatusele raamatukogu vajadusteks minevate kulutuste kohta ettepanekute &hellip; <a href=\"https:\/\/vana.elus.ee\/?page_id=160\" class=\"more-link\">Continue reading <span class=\"screen-reader-text\">Raamatukogukomisjon<\/span><\/a><\/p>\n","protected":false},"author":1,"featured_media":0,"parent":0,"menu_order":0,"comment_status":"closed","ping_status":"closed","template":"","meta":{"footnotes":""},"class_list":["post-160","page","type-page","status-publish","hentry"],"_links":{"self":[{"href":"https:\/\/vana.elus.ee\/index.php?rest_route=\/wp\/v2\/pages\/160","targetHints":{"allow":["GET"]}}],"collection":[{"href":"https:\/\/vana.elus.ee\/index.php?rest_route=\/wp\/v2\/pages"}],"about":[{"href":"https:\/\/vana.elus.ee\/index.php?rest_route=\/wp\/v2\/types\/page"}],"author":[{"embeddable":true,"href":"https:\/\/vana.elus.ee\/index.php?rest_route=\/wp\/v2\/users\/1"}],"replies":[{"embeddable":true,"href":"https:\/\/vana.elus.ee\/index.php?rest_route=%2Fwp%2Fv2%2Fcomments&post=160"}],"version-history":[{"count":4,"href":"https:\/\/vana.elus.ee\/index.php?rest_route=\/wp\/v2\/pages\/160\/revisions"}],"predecessor-version":[{"id":612,"href":"https:\/\/vana.elus.ee\/index.php?rest_route=\/wp\/v2\/pages\/160\/revisions\/612"}],"wp:attachment":[{"href":"https:\/\/vana.elus.ee\/index.php?rest_route=%2Fwp%2Fv2%2Fmedia&parent=160"}],"curies":[{"name":"wp","href":"https:\/\/api.w.org\/{rel}","templated":true}]}}