{"id":154,"date":"2015-10-02T13:35:58","date_gmt":"2015-10-02T10:35:58","guid":{"rendered":"https:\/\/vana.elus.ee\/?page_id=154"},"modified":"2021-12-16T15:18:02","modified_gmt":"2021-12-16T12:18:02","slug":"looduskaitse-umarlaud","status":"publish","type":"page","link":"https:\/\/vana.elus.ee\/?page_id=154","title":{"rendered":"Looduskaitse \u00fcmarlaud"},"content":{"rendered":"<p>Esimees: Hannes Rohtsalu<br \/>\ne-mail: hannes.rohtsalu(at)ut.ee<\/p>\n<p>Looduskaitse \u00fcmarlaud on ELUSi t\u00f6\u00f6vorm, millel ei ole fikseeritud liikmeskonda ja kus arutatakse olulisi looduskaitsega seotud p\u00e4evaprobleeme ning teaduslikke k\u00fcsimusi.<\/p>\n","protected":false},"excerpt":{"rendered":"<p>Esimees: Hannes Rohtsalu e-mail: hannes.rohtsalu(at)ut.ee Looduskaitse \u00fcmarlaud on ELUSi t\u00f6\u00f6vorm, millel ei ole fikseeritud liikmeskonda ja kus arutatakse olulisi looduskaitsega seotud p\u00e4evaprobleeme ning teaduslikke k\u00fcsimusi.<\/p>\n","protected":false},"author":1,"featured_media":0,"parent":0,"menu_order":0,"comment_status":"closed","ping_status":"closed","template":"","meta":{"footnotes":""},"class_list":["post-154","page","type-page","status-publish","hentry"],"_links":{"self":[{"href":"https:\/\/vana.elus.ee\/index.php?rest_route=\/wp\/v2\/pages\/154","targetHints":{"allow":["GET"]}}],"collection":[{"href":"https:\/\/vana.elus.ee\/index.php?rest_route=\/wp\/v2\/pages"}],"about":[{"href":"https:\/\/vana.elus.ee\/index.php?rest_route=\/wp\/v2\/types\/page"}],"author":[{"embeddable":true,"href":"https:\/\/vana.elus.ee\/index.php?rest_route=\/wp\/v2\/users\/1"}],"replies":[{"embeddable":true,"href":"https:\/\/vana.elus.ee\/index.php?rest_route=%2Fwp%2Fv2%2Fcomments&post=154"}],"version-history":[{"count":3,"href":"https:\/\/vana.elus.ee\/index.php?rest_route=\/wp\/v2\/pages\/154\/revisions"}],"predecessor-version":[{"id":1218,"href":"https:\/\/vana.elus.ee\/index.php?rest_route=\/wp\/v2\/pages\/154\/revisions\/1218"}],"wp:attachment":[{"href":"https:\/\/vana.elus.ee\/index.php?rest_route=%2Fwp%2Fv2%2Fmedia&parent=154"}],"curies":[{"name":"wp","href":"https:\/\/api.w.org\/{rel}","templated":true}]}}