{"id":151,"date":"2015-10-02T13:35:30","date_gmt":"2015-10-02T10:35:30","guid":{"rendered":"https:\/\/vana.elus.ee\/?page_id=151"},"modified":"2015-10-02T13:35:30","modified_gmt":"2015-10-02T10:35:30","slug":"okoloogia-eestikeelse-terminoloogia-komisjon","status":"publish","type":"page","link":"https:\/\/vana.elus.ee\/?page_id=151","title":{"rendered":"\u00d6koloogia eestikeelse terminoloogia komisjon"},"content":{"rendered":"<p>Esimees: Marek Sammul<br \/>\nEestikeelse \u00f6koloogia terminoloogia komisjon asutati 2008. aastal Eesti LUSi presiidiumi otsusega presiidiumi 18. aprilli koosolekul.<br \/>\n2008. aastal peeti l\u00e4bir\u00e4\u00e4kimisi komisjoni koosseisu moodustamiseks ning arutati komisjoni t\u00f6\u00f6korraldust ja t\u00f6\u00f6 \u00fcldp\u00f5him\u00f5tteid.<\/p>\n","protected":false},"excerpt":{"rendered":"<p>Esimees: Marek Sammul Eestikeelse \u00f6koloogia terminoloogia komisjon asutati 2008. aastal Eesti LUSi presiidiumi otsusega presiidiumi 18. aprilli koosolekul. 2008. aastal peeti l\u00e4bir\u00e4\u00e4kimisi komisjoni koosseisu moodustamiseks ning arutati komisjoni t\u00f6\u00f6korraldust ja t\u00f6\u00f6 \u00fcldp\u00f5him\u00f5tteid.<\/p>\n","protected":false},"author":1,"featured_media":0,"parent":0,"menu_order":0,"comment_status":"closed","ping_status":"closed","template":"","meta":{"footnotes":""},"class_list":["post-151","page","type-page","status-publish","hentry"],"_links":{"self":[{"href":"https:\/\/vana.elus.ee\/index.php?rest_route=\/wp\/v2\/pages\/151","targetHints":{"allow":["GET"]}}],"collection":[{"href":"https:\/\/vana.elus.ee\/index.php?rest_route=\/wp\/v2\/pages"}],"about":[{"href":"https:\/\/vana.elus.ee\/index.php?rest_route=\/wp\/v2\/types\/page"}],"author":[{"embeddable":true,"href":"https:\/\/vana.elus.ee\/index.php?rest_route=\/wp\/v2\/users\/1"}],"replies":[{"embeddable":true,"href":"https:\/\/vana.elus.ee\/index.php?rest_route=%2Fwp%2Fv2%2Fcomments&post=151"}],"version-history":[{"count":1,"href":"https:\/\/vana.elus.ee\/index.php?rest_route=\/wp\/v2\/pages\/151\/revisions"}],"predecessor-version":[{"id":153,"href":"https:\/\/vana.elus.ee\/index.php?rest_route=\/wp\/v2\/pages\/151\/revisions\/153"}],"wp:attachment":[{"href":"https:\/\/vana.elus.ee\/index.php?rest_route=%2Fwp%2Fv2%2Fmedia&parent=151"}],"curies":[{"name":"wp","href":"https:\/\/api.w.org\/{rel}","templated":true}]}}