{"id":148,"date":"2015-10-02T13:35:06","date_gmt":"2015-10-02T10:35:06","guid":{"rendered":"https:\/\/vana.elus.ee\/?page_id=148"},"modified":"2015-10-02T13:35:06","modified_gmt":"2015-10-02T10:35:06","slug":"loodushariduse-komisjon","status":"publish","type":"page","link":"https:\/\/vana.elus.ee\/?page_id=148","title":{"rendered":"Loodushariduse komisjon"},"content":{"rendered":"<p>Esimees:<br \/>\ne-mail:<\/p>\n<p>Asutati 30. jaanuaril 2003. aastal Ivar Puura eestvedamisel.<br \/>\nKomisjoni eesm\u00e4rk on olla akadeemiliseks n\u00f5ustajaks haridusk\u00fcsimustes.<\/p>\n","protected":false},"excerpt":{"rendered":"<p>Esimees: e-mail: Asutati 30. jaanuaril 2003. aastal Ivar Puura eestvedamisel. Komisjoni eesm\u00e4rk on olla akadeemiliseks n\u00f5ustajaks haridusk\u00fcsimustes.<\/p>\n","protected":false},"author":1,"featured_media":0,"parent":0,"menu_order":0,"comment_status":"closed","ping_status":"closed","template":"","meta":{"footnotes":""},"class_list":["post-148","page","type-page","status-publish","hentry"],"_links":{"self":[{"href":"https:\/\/vana.elus.ee\/index.php?rest_route=\/wp\/v2\/pages\/148","targetHints":{"allow":["GET"]}}],"collection":[{"href":"https:\/\/vana.elus.ee\/index.php?rest_route=\/wp\/v2\/pages"}],"about":[{"href":"https:\/\/vana.elus.ee\/index.php?rest_route=\/wp\/v2\/types\/page"}],"author":[{"embeddable":true,"href":"https:\/\/vana.elus.ee\/index.php?rest_route=\/wp\/v2\/users\/1"}],"replies":[{"embeddable":true,"href":"https:\/\/vana.elus.ee\/index.php?rest_route=%2Fwp%2Fv2%2Fcomments&post=148"}],"version-history":[{"count":1,"href":"https:\/\/vana.elus.ee\/index.php?rest_route=\/wp\/v2\/pages\/148\/revisions"}],"predecessor-version":[{"id":150,"href":"https:\/\/vana.elus.ee\/index.php?rest_route=\/wp\/v2\/pages\/148\/revisions\/150"}],"wp:attachment":[{"href":"https:\/\/vana.elus.ee\/index.php?rest_route=%2Fwp%2Fv2%2Fmedia&parent=148"}],"curies":[{"name":"wp","href":"https:\/\/api.w.org\/{rel}","templated":true}]}}