{"id":145,"date":"2015-10-02T13:34:38","date_gmt":"2015-10-02T10:34:38","guid":{"rendered":"https:\/\/vana.elus.ee\/?page_id=145"},"modified":"2018-10-16T23:03:07","modified_gmt":"2018-10-16T20:03:07","slug":"ilmahuviliste-sektsioon","status":"publish","type":"page","link":"https:\/\/vana.elus.ee\/?page_id=145","title":{"rendered":"Ilmahuviliste sektsioon"},"content":{"rendered":"<p>Ilmahuviliste sektsioon asutati 24.04.2002 J\u00f5geval. Sektsioon \u00fchendas elukutselisi ilmavaatlejaid ja entusiaste-ilmaennustajaid.<br \/>\nKuni 2009. aastani juhtis ilmahuviliste sektsiooni Ain Kallis, aasta l\u00f5pus v\u00f5ttis selle enda peale Jaak Jaagus.<\/p>\n<p>Ilmahuviliste sektsioon l\u00f5petas oma t\u00f6\u00f6\u00a023. m\u00e4rtsil 2018, mil loodi Eesti Meteoroloogia Selts:\u00a0https:\/\/meteoroloogia.ee\/<\/p>\n","protected":false},"excerpt":{"rendered":"<p>Ilmahuviliste sektsioon asutati 24.04.2002 J\u00f5geval. Sektsioon \u00fchendas elukutselisi ilmavaatlejaid ja entusiaste-ilmaennustajaid. Kuni 2009. aastani juhtis ilmahuviliste sektsiooni Ain Kallis, aasta l\u00f5pus v\u00f5ttis selle enda peale Jaak Jaagus. Ilmahuviliste sektsioon l\u00f5petas oma t\u00f6\u00f6\u00a023. m\u00e4rtsil 2018, mil loodi Eesti Meteoroloogia Selts:\u00a0https:\/\/meteoroloogia.ee\/<\/p>\n","protected":false},"author":1,"featured_media":0,"parent":0,"menu_order":0,"comment_status":"closed","ping_status":"closed","template":"","meta":{"footnotes":""},"class_list":["post-145","page","type-page","status-publish","hentry"],"_links":{"self":[{"href":"https:\/\/vana.elus.ee\/index.php?rest_route=\/wp\/v2\/pages\/145","targetHints":{"allow":["GET"]}}],"collection":[{"href":"https:\/\/vana.elus.ee\/index.php?rest_route=\/wp\/v2\/pages"}],"about":[{"href":"https:\/\/vana.elus.ee\/index.php?rest_route=\/wp\/v2\/types\/page"}],"author":[{"embeddable":true,"href":"https:\/\/vana.elus.ee\/index.php?rest_route=\/wp\/v2\/users\/1"}],"replies":[{"embeddable":true,"href":"https:\/\/vana.elus.ee\/index.php?rest_route=%2Fwp%2Fv2%2Fcomments&post=145"}],"version-history":[{"count":4,"href":"https:\/\/vana.elus.ee\/index.php?rest_route=\/wp\/v2\/pages\/145\/revisions"}],"predecessor-version":[{"id":677,"href":"https:\/\/vana.elus.ee\/index.php?rest_route=\/wp\/v2\/pages\/145\/revisions\/677"}],"wp:attachment":[{"href":"https:\/\/vana.elus.ee\/index.php?rest_route=%2Fwp%2Fv2%2Fmedia&parent=145"}],"curies":[{"name":"wp","href":"https:\/\/api.w.org\/{rel}","templated":true}]}}