{"id":136,"date":"2015-10-02T13:32:53","date_gmt":"2015-10-02T10:32:53","guid":{"rendered":"https:\/\/vana.elus.ee\/?page_id=136"},"modified":"2025-06-25T17:02:31","modified_gmt":"2025-06-25T14:02:31","slug":"mukoloogiauhing","status":"publish","type":"page","link":"https:\/\/vana.elus.ee\/?page_id=136","title":{"rendered":"M\u00fckoloogia\u00fching"},"content":{"rendered":"<p>Esimees: Kadri P\u00e4rtel (e-mail: kadri.partel@ut.ee)<br \/>\nAseesimees: Ave Suija<br \/>\nSekret\u00e4r: Anne-Liia Maido (<a href=\"https:\/\/mukoloogiauhing.ut.ee\/kontakt\/anne-liia.maido@ut.ee\">anne-liia.maido@ut.ee<\/a>)<\/p>\n<p>Koduleht:\u00a0<a href=\"https:\/\/mukoloogiauhing.ut.ee\/avaleht\">Eesti m\u00fckoloogia\u00fching (ut.ee)<\/a><\/p>\n<p>M\u00fckoloogiasektsioon asutati Eesti Looduseuurijate Seltsi juurde 23. detsembril 1963. aastal, asutajaliikmeid oli 15. Kui tol ajal v\u00f5is m\u00fckoloogia eristamine botaanikast tunduda ehk pretensioonikaski, siis t\u00e4nap\u00e4evases eluslooduse s\u00fcsteemis pole seened (koos lihheniseerunud seente ehk samblikega) mitte taimede, vaid hoopis loomade s\u00f5sarr\u00fchm. See n\u00e4itab, kui kiiresti on arenenud meie teadmised seentest ning elusloodusest \u00fcldse t\u00e4nu uute teaduslike meetodite (kladistika, molekulaarbioloogia jt.) kasutuselev\u00f5tuga.<br \/>\nErakorralisel ELUSi m\u00fckoloogiasektsiooni koosolekul 16. aprillil 2000. a. otsustati m\u00fckoloogiasektsioon \u00fcmber nimetada m\u00fckoloogia\u00fchinguks.<br \/>\nM\u00fckoloogia\u00fchingusse v\u00f5ivad kuuluda k\u00f5ik Eesti Looduseuurijate Seltsi liikmed ja usaldusmehed, kes on avaldanud selleks soovi \u00fchingu sekret\u00e4rile ning v\u00f5tavad osa \u00fchingu t\u00f6\u00f6st.<br \/>\nT\u00e4nap\u00e4eval leiavad m\u00fckoloogia\u00fchingus regulaarselt aset j\u00e4rgmised \u00fcritused:<br \/>\nKevadel ja s\u00fcgisel toimub \u00fchingu laager m\u00f5nes looduslikult huvitavas v\u00f5i seente poolest v\u00e4he uuritud Eesti piirkonnas. Laagrites osalevad nii elukutselised kui ka amat\u00f6\u00f6ridest seeneuurijad, samuti Eesti \u00fclikoolide tudengid ja kraadi\u00f5ppurid.<br \/>\nDetsembri teisel n\u00e4dalavahetusel korraldab \u00fching \u00fchep\u00e4evase seminari \u00fcldnimetusega &#8216;Actiones&#8217;, kus esitatakse m\u00f5ned teaduslikud ettekanded ning tehakse kokkuv\u00f5tteid l\u00f5ppevast aastast ja plaane uueks aastaks.<br \/>\n\u00dchingu liikmed osalevad k\u00f5ikjal Eestis seenen\u00e4ituste korraldamisel.<br \/>\n\u00dching annab ELUSi egiidi all v\u00e4lja rahvusvahelist ajakirja <a href=\"http:\/\/www.ut.ee\/ial5\/fce\/folia.html\" target=\"_blank\" rel=\"noopener\">Folia Cryptogamica Estonica<\/a>, mis ilmub tavaliselt kord aastas.<\/p>\n","protected":false},"excerpt":{"rendered":"<p>Esimees: Kadri P\u00e4rtel (e-mail: kadri.partel@ut.ee) Aseesimees: Ave Suija Sekret\u00e4r: Anne-Liia Maido (anne-liia.maido@ut.ee) Koduleht:\u00a0Eesti m\u00fckoloogia\u00fching (ut.ee) M\u00fckoloogiasektsioon asutati Eesti Looduseuurijate Seltsi juurde 23. detsembril 1963. aastal, asutajaliikmeid oli 15. Kui tol ajal v\u00f5is m\u00fckoloogia eristamine botaanikast tunduda ehk pretensioonikaski, siis t\u00e4nap\u00e4evases eluslooduse s\u00fcsteemis pole seened (koos lihheniseerunud seente ehk samblikega) mitte taimede, vaid hoopis loomade s\u00f5sarr\u00fchm. &hellip; <a href=\"https:\/\/vana.elus.ee\/?page_id=136\" class=\"more-link\">Continue reading <span class=\"screen-reader-text\">M\u00fckoloogia\u00fching<\/span><\/a><\/p>\n","protected":false},"author":1,"featured_media":0,"parent":0,"menu_order":0,"comment_status":"closed","ping_status":"closed","template":"","meta":{"footnotes":""},"class_list":["post-136","page","type-page","status-publish","hentry"],"_links":{"self":[{"href":"https:\/\/vana.elus.ee\/index.php?rest_route=\/wp\/v2\/pages\/136","targetHints":{"allow":["GET"]}}],"collection":[{"href":"https:\/\/vana.elus.ee\/index.php?rest_route=\/wp\/v2\/pages"}],"about":[{"href":"https:\/\/vana.elus.ee\/index.php?rest_route=\/wp\/v2\/types\/page"}],"author":[{"embeddable":true,"href":"https:\/\/vana.elus.ee\/index.php?rest_route=\/wp\/v2\/users\/1"}],"replies":[{"embeddable":true,"href":"https:\/\/vana.elus.ee\/index.php?rest_route=%2Fwp%2Fv2%2Fcomments&post=136"}],"version-history":[{"count":7,"href":"https:\/\/vana.elus.ee\/index.php?rest_route=\/wp\/v2\/pages\/136\/revisions"}],"predecessor-version":[{"id":2314,"href":"https:\/\/vana.elus.ee\/index.php?rest_route=\/wp\/v2\/pages\/136\/revisions\/2314"}],"wp:attachment":[{"href":"https:\/\/vana.elus.ee\/index.php?rest_route=%2Fwp%2Fv2%2Fmedia&parent=136"}],"curies":[{"name":"wp","href":"https:\/\/api.w.org\/{rel}","templated":true}]}}