{"id":133,"date":"2015-10-02T13:32:29","date_gmt":"2015-10-02T10:32:29","guid":{"rendered":"https:\/\/vana.elus.ee\/?page_id=133"},"modified":"2015-10-02T13:32:29","modified_gmt":"2015-10-02T10:32:29","slug":"antropoloogiasektsioon","status":"publish","type":"page","link":"https:\/\/vana.elus.ee\/?page_id=133","title":{"rendered":"Antropoloogiasektsioon"},"content":{"rendered":"<p>Esimees: Gudrun Veldre<br \/>\ne-mail: gudrun.veldre(at)ut.ee<\/p>\n<p>Antropoloogia sektsioon on Looduseuurijate Seltsi \u00fcks v\u00e4iksematest sektsioonidest, loodud 1939.a. T\u00e4nu sektsiooni asutajaliikmele ja kauaaegsele juhatajale prof. Juhan Aulile ning edaspidisele sektsiooni juhatajale, prof. Auli \u00f5pilasele biol. kand. Leiu Heapostile, on sektsioon palju teinud eesti rahva ja ka naaberrahvaste, eriti soome-ugri rahvaste antropoloogiliseks uurimiseks. Antropoloogia sektsioon on ainus koht Eestis, mis koondab inimesi, kes tegelevad eestlaste f\u00fc\u00fcsilise antropoloogiaga mitmest aspektist (nagu somatoloogia, dermatogl\u00fc\u00fcfika, populatsioonigeneetika, odontoloogia, paleoantropoloogia, meditsiiniantropoloogia, spordiantropoloogia).<br \/>\nSektsiooni \u00fclesandeks on uurida eestlaste morfoloogilist varieeruvust, populatsioonigeneetilist struktuuri ja eesti rahva p\u00e4ritolu k\u00fcsimusi, etnogeneesi. Praktikas on kasutusele v\u00f5etud konstitutsionaalne uurimismeetod kardioloogias, s\u00fcnnitusabis ja toitumise uurimisel.<br \/>\nLUSi toetusel on kogutud dermatogl\u00fc\u00fcfilist materjali Eesti erinevatest piirkondadest, populatsioonigeneetilist materjali (eelk\u00f5ige seroloogilist) nii eestlastelt kui meie h\u00f5imurahvastelt. Antropoloogilisi uurimistulemusi, samuti muid antropoloogilisi probleeme on k\u00e4sitletud ettekandekoosolekutel. Siin on esinenud ka k\u00fclalisesinejad naaberteadusaladelt &#8211; ps\u00fchholoogid, filosoofid, meedikud jt. spetsialistid. Looduseuurijate Seltsi v\u00e4ljaannetes on publitseeritud antropoloogiaalaseid t\u00f6id. \u00dcks ELUSi aastaraamat on komplekteeritud antropoloogilistest t\u00f6\u00f6dest. On l\u00e4bi viidud antropoloogia-alaseid konverentse. Antropoloogiasektsiooni liikmete eestv\u00f5ttel on koostatud rahvusvahelisi T\u00dc antropoloogiaalaste t\u00f6\u00f6de kogumikke (praegu &#8220;Papers on Anthropology&#8221; nime all) ning mitmeid aastaid anti v\u00e4lja Eesti Antropomeetriaregistri Aastaraamatut.<br \/>\nAntropoloogia sektsiooni liikmete eestv\u00f5tmisel alustati T\u00dc mitmes teaduskonnas antropoloogiaalaste valikkursuste lugemist.<\/p>\n","protected":false},"excerpt":{"rendered":"<p>Esimees: Gudrun Veldre e-mail: gudrun.veldre(at)ut.ee Antropoloogia sektsioon on Looduseuurijate Seltsi \u00fcks v\u00e4iksematest sektsioonidest, loodud 1939.a. T\u00e4nu sektsiooni asutajaliikmele ja kauaaegsele juhatajale prof. Juhan Aulile ning edaspidisele sektsiooni juhatajale, prof. Auli \u00f5pilasele biol. kand. Leiu Heapostile, on sektsioon palju teinud eesti rahva ja ka naaberrahvaste, eriti soome-ugri rahvaste antropoloogiliseks uurimiseks. Antropoloogia sektsioon on ainus koht Eestis, &hellip; <a href=\"https:\/\/vana.elus.ee\/?page_id=133\" class=\"more-link\">Continue reading <span class=\"screen-reader-text\">Antropoloogiasektsioon<\/span><\/a><\/p>\n","protected":false},"author":1,"featured_media":0,"parent":0,"menu_order":0,"comment_status":"closed","ping_status":"closed","template":"","meta":{"footnotes":""},"class_list":["post-133","page","type-page","status-publish","hentry"],"_links":{"self":[{"href":"https:\/\/vana.elus.ee\/index.php?rest_route=\/wp\/v2\/pages\/133","targetHints":{"allow":["GET"]}}],"collection":[{"href":"https:\/\/vana.elus.ee\/index.php?rest_route=\/wp\/v2\/pages"}],"about":[{"href":"https:\/\/vana.elus.ee\/index.php?rest_route=\/wp\/v2\/types\/page"}],"author":[{"embeddable":true,"href":"https:\/\/vana.elus.ee\/index.php?rest_route=\/wp\/v2\/users\/1"}],"replies":[{"embeddable":true,"href":"https:\/\/vana.elus.ee\/index.php?rest_route=%2Fwp%2Fv2%2Fcomments&post=133"}],"version-history":[{"count":1,"href":"https:\/\/vana.elus.ee\/index.php?rest_route=\/wp\/v2\/pages\/133\/revisions"}],"predecessor-version":[{"id":135,"href":"https:\/\/vana.elus.ee\/index.php?rest_route=\/wp\/v2\/pages\/133\/revisions\/135"}],"wp:attachment":[{"href":"https:\/\/vana.elus.ee\/index.php?rest_route=%2Fwp%2Fv2%2Fmedia&parent=133"}],"curies":[{"name":"wp","href":"https:\/\/api.w.org\/{rel}","templated":true}]}}