{"id":130,"date":"2015-10-02T13:32:01","date_gmt":"2015-10-02T10:32:01","guid":{"rendered":"https:\/\/vana.elus.ee\/?page_id=130"},"modified":"2024-10-14T11:12:02","modified_gmt":"2024-10-14T08:12:02","slug":"geoloogiasektsioon","status":"publish","type":"page","link":"https:\/\/vana.elus.ee\/?page_id=130","title":{"rendered":"Paleontoloogia\u00fching (geoloogiasektsioon)"},"content":{"rendered":"<p><strong>31.01.2024. a nimetati ajalooline geoloogiasekstioon \u00fcmber paleontoloogia\u00fchinguks<\/strong>. \u00dchingu kontaktisik on Karin Truuver (karin.truuver@gmail.com). \u00dchingul on meililist paleo@vana.elus.ee, millega saab liituda, kirjutades soovist\u00a0<em>secretarius@vana.elus.ee.<\/em><\/p>\n<p>Info ajaloolise geoloogiasektsiooni kohta:<\/p>\n<p>Oive Tinn &#8211; esimees (e-mail: oive.tinn(at)ut.ee)<br \/>\nLiina Laumets &#8211; aseesimees (e-mail: liina.laumets(at)ut.ee)<br \/>\nVeiko Karu &#8211; aseesimees<br \/>\nLiisa Lang &#8211; juhatuse liige<br \/>\nLeeli Amon &#8211; juhatuse liige<\/p>\n<p>Geoloogiasektsioon (asutatud 1931) \u00fchendab ainult professionaalseid geolooge.<br \/>\nSektsiooni peamiseks eesm\u00e4rgiks on geoloogia erinevate valdkondadega tegelevate teadlaste \u00fchendamine. Sektsiooni initsiatiivil on ettevalmistamisel geoloogia punane raamat \u00abEesti geoloogiap\u00e4rand\u00bb. Raamatu eesm\u00e4rgiks on arvele v\u00f5tta ja kirjeldada k\u00f5iki geoloogilisi objekte, mis tuleksid kaitse alla v\u00f5tta. Teiseks sektsiooni poolt toetatavaks uurimisvaldkonnaks on Eesti meteoriidikraatrid.<br \/>\nSektsiooni peamiseks tegevuseks on siiski teaduslike loengute pidamine. Neist populaarsemad on olnud sedimentoloogia ja alusp\u00f5hja geoloogia loengud.<br \/>\nGeoloogiasektsiooni liikmed on juhatanud geoloogilisi ekskursioone, juhendanud noori geolooge, kirjutanud populaarteaduslikke artikleid ja raamatuid.<\/p>\n","protected":false},"excerpt":{"rendered":"<p>31.01.2024. a nimetati ajalooline geoloogiasekstioon \u00fcmber paleontoloogia\u00fchinguks. \u00dchingu kontaktisik on Karin Truuver (karin.truuver@gmail.com). \u00dchingul on meililist paleo@vana.elus.ee, millega saab liituda, kirjutades soovist\u00a0secretarius@vana.elus.ee. Info ajaloolise geoloogiasektsiooni kohta: Oive Tinn &#8211; esimees (e-mail: oive.tinn(at)ut.ee) Liina Laumets &#8211; aseesimees (e-mail: liina.laumets(at)ut.ee) Veiko Karu &#8211; aseesimees Liisa Lang &#8211; juhatuse liige Leeli Amon &#8211; juhatuse liige Geoloogiasektsioon (asutatud 1931) &hellip; <a href=\"https:\/\/vana.elus.ee\/?page_id=130\" class=\"more-link\">Continue reading <span class=\"screen-reader-text\">Paleontoloogia\u00fching (geoloogiasektsioon)<\/span><\/a><\/p>\n","protected":false},"author":1,"featured_media":0,"parent":0,"menu_order":0,"comment_status":"closed","ping_status":"closed","template":"","meta":{"footnotes":""},"class_list":["post-130","page","type-page","status-publish","hentry"],"_links":{"self":[{"href":"https:\/\/vana.elus.ee\/index.php?rest_route=\/wp\/v2\/pages\/130","targetHints":{"allow":["GET"]}}],"collection":[{"href":"https:\/\/vana.elus.ee\/index.php?rest_route=\/wp\/v2\/pages"}],"about":[{"href":"https:\/\/vana.elus.ee\/index.php?rest_route=\/wp\/v2\/types\/page"}],"author":[{"embeddable":true,"href":"https:\/\/vana.elus.ee\/index.php?rest_route=\/wp\/v2\/users\/1"}],"replies":[{"embeddable":true,"href":"https:\/\/vana.elus.ee\/index.php?rest_route=%2Fwp%2Fv2%2Fcomments&post=130"}],"version-history":[{"count":3,"href":"https:\/\/vana.elus.ee\/index.php?rest_route=\/wp\/v2\/pages\/130\/revisions"}],"predecessor-version":[{"id":2211,"href":"https:\/\/vana.elus.ee\/index.php?rest_route=\/wp\/v2\/pages\/130\/revisions\/2211"}],"wp:attachment":[{"href":"https:\/\/vana.elus.ee\/index.php?rest_route=%2Fwp%2Fv2%2Fmedia&parent=130"}],"curies":[{"name":"wp","href":"https:\/\/api.w.org\/{rel}","templated":true}]}}