{"id":127,"date":"2015-10-02T13:31:36","date_gmt":"2015-10-02T10:31:36","guid":{"rendered":"https:\/\/vana.elus.ee\/?page_id=127"},"modified":"2015-10-02T13:31:36","modified_gmt":"2015-10-02T10:31:36","slug":"metsandussektsioon","status":"publish","type":"page","link":"https:\/\/vana.elus.ee\/?page_id=127","title":{"rendered":"Metsandussektsioon"},"content":{"rendered":"<p>Esimees: Marek Metslaid<br \/>\nAseesimees: Heino Kasesalu<br \/>\nSekret\u00e4r: Malle Kurm (e-mail: malle.kurm(at)emu.ee)<\/p>\n<p>Eesti Looduseuurijate Seltsi metsasektsioon moodustati 1947. a.<br \/>\nSektsiooni peamine \u00fclesanne on olnud metsateadlaste ja k\u00f5rgharidusega metsaspetsialistide \u00fchte organisatsiooni liitmine. Sektsioon on organis eerinud ettekandekoosolekuid ja konverentse aktuaalsete metsaprobleemide arutamiseks.<br \/>\nSektsiooni liikmeteks on metsateadlased ja \u00fcli\u00f5pilased EPM\u00dc metsandusega seotud instituutidest. Metsandusele kaasa aitamiseks on sektsioon tegelnud ka metsandusliku uurimist\u00f6\u00f6 organiseerimisega. Sektsiooni liikmete uurimiste emadeks on olnud metsa\u00f6koloogia, metsat\u00fcpoloogia, dendroloogia, selektsiooni, hooldusraiete jm. probleemid.<\/p>\n","protected":false},"excerpt":{"rendered":"<p>Esimees: Marek Metslaid Aseesimees: Heino Kasesalu Sekret\u00e4r: Malle Kurm (e-mail: malle.kurm(at)emu.ee) Eesti Looduseuurijate Seltsi metsasektsioon moodustati 1947. a. Sektsiooni peamine \u00fclesanne on olnud metsateadlaste ja k\u00f5rgharidusega metsaspetsialistide \u00fchte organisatsiooni liitmine. Sektsioon on organis eerinud ettekandekoosolekuid ja konverentse aktuaalsete metsaprobleemide arutamiseks. Sektsiooni liikmeteks on metsateadlased ja \u00fcli\u00f5pilased EPM\u00dc metsandusega seotud instituutidest. Metsandusele kaasa aitamiseks on sektsioon &hellip; <a href=\"https:\/\/vana.elus.ee\/?page_id=127\" class=\"more-link\">Continue reading <span class=\"screen-reader-text\">Metsandussektsioon<\/span><\/a><\/p>\n","protected":false},"author":1,"featured_media":0,"parent":0,"menu_order":0,"comment_status":"closed","ping_status":"closed","template":"","meta":{"footnotes":""},"class_list":["post-127","page","type-page","status-publish","hentry"],"_links":{"self":[{"href":"https:\/\/vana.elus.ee\/index.php?rest_route=\/wp\/v2\/pages\/127","targetHints":{"allow":["GET"]}}],"collection":[{"href":"https:\/\/vana.elus.ee\/index.php?rest_route=\/wp\/v2\/pages"}],"about":[{"href":"https:\/\/vana.elus.ee\/index.php?rest_route=\/wp\/v2\/types\/page"}],"author":[{"embeddable":true,"href":"https:\/\/vana.elus.ee\/index.php?rest_route=\/wp\/v2\/users\/1"}],"replies":[{"embeddable":true,"href":"https:\/\/vana.elus.ee\/index.php?rest_route=%2Fwp%2Fv2%2Fcomments&post=127"}],"version-history":[{"count":1,"href":"https:\/\/vana.elus.ee\/index.php?rest_route=\/wp\/v2\/pages\/127\/revisions"}],"predecessor-version":[{"id":129,"href":"https:\/\/vana.elus.ee\/index.php?rest_route=\/wp\/v2\/pages\/127\/revisions\/129"}],"wp:attachment":[{"href":"https:\/\/vana.elus.ee\/index.php?rest_route=%2Fwp%2Fv2%2Fmedia&parent=127"}],"curies":[{"name":"wp","href":"https:\/\/api.w.org\/{rel}","templated":true}]}}