{"id":124,"date":"2015-10-02T13:31:11","date_gmt":"2015-10-02T10:31:11","guid":{"rendered":"https:\/\/vana.elus.ee\/?page_id=124"},"modified":"2015-10-02T13:31:11","modified_gmt":"2015-10-02T10:31:11","slug":"entomoloogiasektsioon","status":"publish","type":"page","link":"https:\/\/vana.elus.ee\/?page_id=124","title":{"rendered":"Entomoloogiasektsioon"},"content":{"rendered":"<p>Abiesimees: Kaljo Voolma<br \/>\nSekret\u00e4r:<\/p>\n<p>Entomoloogiasektsioon asutati 1937.a, et \u00fchendada kutselisi ja asjaarmastajaid entomolooge. Seda eesm\u00e4rki silmas pidades on sektsioon t\u00f6\u00f6tanud k\u00e4esoleva ajani.<br \/>\nEntomoloogiasektsiooni juhib kolmeliikmeline juhatus eesotsas esimehega. Sektsiooni tegevuses on olnud perioode, kus liikmete arv on olnud \u00fcle 50, enamasti on see v\u00e4iksem. Liikmete p\u00f5hitegevuseks on olnud Eesti ala putukate liigilise koosseisu, leviku ja fenoloogia uurimine. K\u00f5ige agaramalt on uuritud liblikaid ja mardikaid. Aastas peetakse keskmiselt 6 &#8211; 8 t\u00f6\u00f6koosolekut, kus tehakse kokkuv\u00f5tteid tehtud t\u00f6\u00f6st ja t\u00e4iendatakse oma teadmisi.<br \/>\n1959-1971. a. anti v\u00e4lja \u00abFaunistilisi m\u00e4rkmeid\u00bb, mida kokku ilmus 4 numbrit. 1980-1985 andis sektsioon v\u00e4lja oma infolehte \u00abEntomoloogiasektsiooni teated\u00bb, mida ilmus 5 numbrit. Alates 1982. a. on avaldatud aperioodilist v\u00e4ljaannet \u00abLepidopteroloogiline Informatsioon\u00bb, mis alates 12 numbrist hakkas ilmuma pealkirja all \u00abLepinfo\u00bb. K\u00e4esoleval ajal ilmub see ajakiri koost\u00f6\u00f6s Eesti Lepidopteroloogide Seltiga.<\/p>\n","protected":false},"excerpt":{"rendered":"<p>Abiesimees: Kaljo Voolma Sekret\u00e4r: Entomoloogiasektsioon asutati 1937.a, et \u00fchendada kutselisi ja asjaarmastajaid entomolooge. Seda eesm\u00e4rki silmas pidades on sektsioon t\u00f6\u00f6tanud k\u00e4esoleva ajani. Entomoloogiasektsiooni juhib kolmeliikmeline juhatus eesotsas esimehega. Sektsiooni tegevuses on olnud perioode, kus liikmete arv on olnud \u00fcle 50, enamasti on see v\u00e4iksem. Liikmete p\u00f5hitegevuseks on olnud Eesti ala putukate liigilise koosseisu, leviku ja &hellip; <a href=\"https:\/\/vana.elus.ee\/?page_id=124\" class=\"more-link\">Continue reading <span class=\"screen-reader-text\">Entomoloogiasektsioon<\/span><\/a><\/p>\n","protected":false},"author":1,"featured_media":0,"parent":0,"menu_order":0,"comment_status":"closed","ping_status":"closed","template":"","meta":{"footnotes":""},"class_list":["post-124","page","type-page","status-publish","hentry"],"_links":{"self":[{"href":"https:\/\/vana.elus.ee\/index.php?rest_route=\/wp\/v2\/pages\/124","targetHints":{"allow":["GET"]}}],"collection":[{"href":"https:\/\/vana.elus.ee\/index.php?rest_route=\/wp\/v2\/pages"}],"about":[{"href":"https:\/\/vana.elus.ee\/index.php?rest_route=\/wp\/v2\/types\/page"}],"author":[{"embeddable":true,"href":"https:\/\/vana.elus.ee\/index.php?rest_route=\/wp\/v2\/users\/1"}],"replies":[{"embeddable":true,"href":"https:\/\/vana.elus.ee\/index.php?rest_route=%2Fwp%2Fv2%2Fcomments&post=124"}],"version-history":[{"count":1,"href":"https:\/\/vana.elus.ee\/index.php?rest_route=\/wp\/v2\/pages\/124\/revisions"}],"predecessor-version":[{"id":126,"href":"https:\/\/vana.elus.ee\/index.php?rest_route=\/wp\/v2\/pages\/124\/revisions\/126"}],"wp:attachment":[{"href":"https:\/\/vana.elus.ee\/index.php?rest_route=%2Fwp%2Fv2%2Fmedia&parent=124"}],"curies":[{"name":"wp","href":"https:\/\/api.w.org\/{rel}","templated":true}]}}