{"id":121,"date":"2015-10-02T13:30:48","date_gmt":"2015-10-02T10:30:48","guid":{"rendered":"https:\/\/vana.elus.ee\/?page_id=121"},"modified":"2024-10-16T10:54:45","modified_gmt":"2024-10-16T07:54:45","slug":"botaanikasektsioon","status":"publish","type":"page","link":"https:\/\/vana.elus.ee\/?page_id=121","title":{"rendered":"Eesti botaanika\u00fching"},"content":{"rendered":"<p><a href=\"https:\/\/vana.elus.ee\/wp-content\/uploads\/2022\/06\/EESTI-BOTAANIKA\u00dcHING-logo-pikk1.jpg\"><img loading=\"lazy\" decoding=\"async\" class=\"alignnone size-full wp-image-1682\" src=\"https:\/\/vana.elus.ee\/wp-content\/uploads\/2022\/06\/EESTI-BOTAANIKA\u00dcHING-logo-pikk1.jpg\" alt=\"\" width=\"2417\" height=\"525\" srcset=\"https:\/\/vana.elus.ee\/wp-content\/uploads\/2022\/06\/EESTI-BOTAANIKA\u00dcHING-logo-pikk1.jpg 2417w, https:\/\/vana.elus.ee\/wp-content\/uploads\/2022\/06\/EESTI-BOTAANIKA\u00dcHING-logo-pikk1-300x65.jpg 300w, https:\/\/vana.elus.ee\/wp-content\/uploads\/2022\/06\/EESTI-BOTAANIKA\u00dcHING-logo-pikk1-768x167.jpg 768w, https:\/\/vana.elus.ee\/wp-content\/uploads\/2022\/06\/EESTI-BOTAANIKA\u00dcHING-logo-pikk1-1024x222.jpg 1024w\" sizes=\"auto, (max-width: 2417px) 100vw, 2417px\" \/><\/a><\/p>\n<p>Esimees: Meelis P\u00e4rtel (meelis.partel@ut.ee)<br \/>\nJuhatuse liikmed: Kai Vellak, Silvia Pihu, Toomas Kukk, Tiiu Kupper, Jaak P\u00e4rtel, Ene Kook.<\/p>\n<p>Tegevuse kohta ilmub jooksvalt infot facebooki lehel:\u00a0<a href=\"https:\/\/www.facebook.com\/botaanikayhing\">https:\/\/www.facebook.com\/botaanikayhing<\/a><\/p>\n<p>Botaanika\u00fching toob kokku nii teadlased kui ka harrastusbotaanikud, et laiendada teadmisi taimede kohta oma liikmete hulgas ja Eestis \u00fcldiselt. Botaanika\u00fching korraldab \u00f5ppep\u00e4evi ja ekskursioone erinevate taimer\u00fchmade ja piirkondade paremaks tundmiseks, annab juhiseid taimede m\u00e4\u00e4ramiseks ja vaatluste tegemiseks, vahendab botaanilisi reisimuljeid. Erilist t\u00e4helepanu p\u00f6\u00f6ratakse haruldaste taimeliikide olukorrale Eestis, tutvustatakse nende uusi leiukohti ning samuti Eestile uute liikide leide.<\/p>\n<p>Mitmed botaanika\u00fching liikmed osalevad ka P\u00e4randkoosluste Kaitse \u00dchingu (PK\u00dc) tegemistes nagu pool-looduslike koosluste inventeerimisel, kaitsekorralduskavade koostamisel, talgutel. Samuti ollakse seotud Eesti Orhideekaitse Klubi ning botaanika terminoloogia komisjoni t\u00f6\u00f6ga.<\/p>\n<p>Aastatel 1989 \u2013 1997 anti v\u00e4lja harrastusbotaanikute ajakirja \u00abRukkilill\u00bb. Alates 1998. aastast \u00fcllitavad \u00fchingu br\u00fcoloogid internetiajakirja \u00abSamblas\u00f5ber\u00bb, mis tutvustab lihtsas vormis nii harrastus- kui teaduskraadiga samblauurijate t\u00f6id ja tegemisi; annab \u00fclevaate Eestile haruldaste ja uute liikide leidudest, kogude t\u00e4iendamisest ning uuematest br\u00fcoloogilistest kirjutistest. Ajakiri ilmub kord aastas ja on leitav siin: <a href=\"https:\/\/sisu.ut.ee\/samblasober\/ajakiri-samblas%C3%B5ber\">\u00abSamblas\u00f5ber\u00bb | Eesti samblas\u00f5brad (ut.ee)<\/a><\/p>\n<p>Rohkem infot samblas\u00f5prade kevadmatkade kohta siin:\u00a0<a href=\"https:\/\/sisu.ut.ee\/samblasober\/avaleht\">Eesti samblas\u00f5brad (ut.ee)<\/a><\/p>\n<p>Nimi &#8220;Eesti botaanika\u00fching&#8221; v\u00f5eti kasutusse 20. aprillil 2022 toimunud koosolekul, aga \u00fching j\u00e4tkab 29. novembril 1928 asutatud LUSi botaanikasektsiooni tegevust ja kuulub juriidiliselt endiselt LUSi koosseisu.<\/p>\n","protected":false},"excerpt":{"rendered":"<p>Esimees: Meelis P\u00e4rtel (meelis.partel@ut.ee) Juhatuse liikmed: Kai Vellak, Silvia Pihu, Toomas Kukk, Tiiu Kupper, Jaak P\u00e4rtel, Ene Kook. Tegevuse kohta ilmub jooksvalt infot facebooki lehel:\u00a0https:\/\/www.facebook.com\/botaanikayhing Botaanika\u00fching toob kokku nii teadlased kui ka harrastusbotaanikud, et laiendada teadmisi taimede kohta oma liikmete hulgas ja Eestis \u00fcldiselt. Botaanika\u00fching korraldab \u00f5ppep\u00e4evi ja ekskursioone erinevate taimer\u00fchmade ja piirkondade paremaks tundmiseks, &hellip; <a href=\"https:\/\/vana.elus.ee\/?page_id=121\" class=\"more-link\">Continue reading <span class=\"screen-reader-text\">Eesti botaanika\u00fching<\/span><\/a><\/p>\n","protected":false},"author":1,"featured_media":0,"parent":0,"menu_order":0,"comment_status":"closed","ping_status":"closed","template":"","meta":{"footnotes":""},"class_list":["post-121","page","type-page","status-publish","hentry"],"_links":{"self":[{"href":"https:\/\/vana.elus.ee\/index.php?rest_route=\/wp\/v2\/pages\/121","targetHints":{"allow":["GET"]}}],"collection":[{"href":"https:\/\/vana.elus.ee\/index.php?rest_route=\/wp\/v2\/pages"}],"about":[{"href":"https:\/\/vana.elus.ee\/index.php?rest_route=\/wp\/v2\/types\/page"}],"author":[{"embeddable":true,"href":"https:\/\/vana.elus.ee\/index.php?rest_route=\/wp\/v2\/users\/1"}],"replies":[{"embeddable":true,"href":"https:\/\/vana.elus.ee\/index.php?rest_route=%2Fwp%2Fv2%2Fcomments&post=121"}],"version-history":[{"count":9,"href":"https:\/\/vana.elus.ee\/index.php?rest_route=\/wp\/v2\/pages\/121\/revisions"}],"predecessor-version":[{"id":2212,"href":"https:\/\/vana.elus.ee\/index.php?rest_route=\/wp\/v2\/pages\/121\/revisions\/2212"}],"wp:attachment":[{"href":"https:\/\/vana.elus.ee\/index.php?rest_route=%2Fwp%2Fv2%2Fmedia&parent=121"}],"curies":[{"name":"wp","href":"https:\/\/api.w.org\/{rel}","templated":true}]}}