{"id":118,"date":"2015-10-02T13:30:20","date_gmt":"2015-10-02T10:30:20","guid":{"rendered":"https:\/\/vana.elus.ee\/?page_id=118"},"modified":"2020-04-02T00:23:38","modified_gmt":"2020-04-01T21:23:38","slug":"jakob-von-uexkulli-keskus","status":"publish","type":"page","link":"https:\/\/vana.elus.ee\/?page_id=118","title":{"rendered":"Jakob von Uexk\u00fclli keskus"},"content":{"rendered":"<p>Juhataja: Raul Markus Vaiksoo (markus.vaiksoo@gmail.com)<br \/>\nJuhatuse liikmed:\u00a0Riin Magnus, Kalevi Kull, Nelly M\u00e4ekivi<\/p>\n<p>Jakob von Uexk\u00fclli Keskus on asutatud 16. novembril 1993 ELUSi haruseltsina. Keskus kasvas v\u00e4lja ELUSi Teoreetilise Bioloogia sektsioonist, tihedates sidemetes ollakse juba algusaastatest ka T\u00dc semiootika osakonnaga.<br \/>\nLisaks baltisaksa loodusteadlase, biosemiootika rajaja Jakob von Uexk\u00fclli p\u00e4randi uurimisele, s\u00e4ilitamisele ja tutvustamisele on keskuse tegevuse ja huvi keskmes bioloogia filosoofilised probleemid. Uexk\u00fclli Keskus on korraldanud rahvusvahelisi teaduskonverentse, teaduslikke seminare (augustisessioonid), ettekandekoosolekuid ja n\u00f5up\u00e4evi, noorte loodusfoto konkursse, pidanud sidet teiste riikide uurijatega ja huvilistega ning andnud v\u00e4lja stipendiumi Uexk\u00fclli p\u00e4randit uurivale tudengile. Keskuse tegevust korraldab seitsmeliikmeline juhatus ning t\u00f6\u00f6ks annab n\u00f5u rahvusvaheline n\u00f5ukogu. Keskusel on oma ruum ELUS&#8217;i majas, kus asub t\u00f6\u00f6koht uurijale ja arhiivraamatukogu, mis sisaldab Jakob von Uexk\u00fclli kirjavahetust, teoseid ja artikleid, samuti tema kohta kirjutatud ning tema uurimisvaldkondadega seonduvaid t\u00f6id.<\/p>\n<p><a href=\"http:\/\/www.zbi.ee\/uexkull\/\" target=\"_blank\" rel=\"noopener\">Jakob von Uexk\u00fclli Keskuse kodulehek\u00fclg<\/a><br \/>\n<a href=\"http:\/\/www.math.uni-hamburg.de\/spag\/ign\/uexkuell.htm\" target=\"_blank\" rel=\"noopener\">Jakob von Uexk\u00fclli arhiiv<\/a><\/p>\n","protected":false},"excerpt":{"rendered":"<p>Juhataja: Raul Markus Vaiksoo (markus.vaiksoo@gmail.com) Juhatuse liikmed:\u00a0Riin Magnus, Kalevi Kull, Nelly M\u00e4ekivi Jakob von Uexk\u00fclli Keskus on asutatud 16. novembril 1993 ELUSi haruseltsina. Keskus kasvas v\u00e4lja ELUSi Teoreetilise Bioloogia sektsioonist, tihedates sidemetes ollakse juba algusaastatest ka T\u00dc semiootika osakonnaga. Lisaks baltisaksa loodusteadlase, biosemiootika rajaja Jakob von Uexk\u00fclli p\u00e4randi uurimisele, s\u00e4ilitamisele ja tutvustamisele on keskuse tegevuse &hellip; <a href=\"https:\/\/vana.elus.ee\/?page_id=118\" class=\"more-link\">Continue reading <span class=\"screen-reader-text\">Jakob von Uexk\u00fclli keskus<\/span><\/a><\/p>\n","protected":false},"author":1,"featured_media":0,"parent":0,"menu_order":0,"comment_status":"closed","ping_status":"closed","template":"","meta":{"footnotes":""},"class_list":["post-118","page","type-page","status-publish","hentry"],"_links":{"self":[{"href":"https:\/\/vana.elus.ee\/index.php?rest_route=\/wp\/v2\/pages\/118","targetHints":{"allow":["GET"]}}],"collection":[{"href":"https:\/\/vana.elus.ee\/index.php?rest_route=\/wp\/v2\/pages"}],"about":[{"href":"https:\/\/vana.elus.ee\/index.php?rest_route=\/wp\/v2\/types\/page"}],"author":[{"embeddable":true,"href":"https:\/\/vana.elus.ee\/index.php?rest_route=\/wp\/v2\/users\/1"}],"replies":[{"embeddable":true,"href":"https:\/\/vana.elus.ee\/index.php?rest_route=%2Fwp%2Fv2%2Fcomments&post=118"}],"version-history":[{"count":4,"href":"https:\/\/vana.elus.ee\/index.php?rest_route=\/wp\/v2\/pages\/118\/revisions"}],"predecessor-version":[{"id":873,"href":"https:\/\/vana.elus.ee\/index.php?rest_route=\/wp\/v2\/pages\/118\/revisions\/873"}],"wp:attachment":[{"href":"https:\/\/vana.elus.ee\/index.php?rest_route=%2Fwp%2Fv2%2Fmedia&parent=118"}],"curies":[{"name":"wp","href":"https:\/\/api.w.org\/{rel}","templated":true}]}}