{"id":115,"date":"2015-10-02T13:29:51","date_gmt":"2015-10-02T10:29:51","guid":{"rendered":"https:\/\/vana.elus.ee\/?page_id=115"},"modified":"2015-10-02T13:29:51","modified_gmt":"2015-10-02T10:29:51","slug":"eesti-malakoloogia-uhing","status":"publish","type":"page","link":"https:\/\/vana.elus.ee\/?page_id=115","title":{"rendered":"Eesti Malakoloogia \u00dching"},"content":{"rendered":"<p>Esinaine: Annelie Ehlvest<br \/>\ne-mail: anneli.ehlvest(at)teec.ee<\/p>\n<p>Eesti Malakoloogia \u00dching (EM\u00dc) asutati 6. juulil 1996 Narva-J\u00f5esuus. Eesti Looduseuurijate Seltsi juhatus v\u00f5ttis EM\u00dc 29. oktoobril 1996. a. vastu LUS&#8217;i sektsiooni \u00f5igustes. Selle kuup\u00e4eva seisuga oli \u00fchingus 17 registreerunud liiget. Nimekiri on avatud ja ootab uusi sooviavaldusi k\u00f5igilt huvilistelt.<\/p>\n<p>\u00dchingu peamiseks eesm\u00e4rgiks on koondada k\u00f5ikjal \u00fcle Eesti paiknevad malakoloogid, limuste (tigude, n\u00e4lkjate, karpide ) huvilised ja s\u00f5brad selleks, et \u00fchendada nende teadmised kodumaa malakofauna paremaks tundma\u00f5ppimiseks, teadmiste ja kogemuste vahetamiseks ja levitamiseks, limuste kaitseks ja samuti m\u00f5nede neist toredatest loomakestest p\u00f5hjustatud probleemide lahkamiseks-lahendamiseks. \u00dchingu initsiaatorid n\u00e4evad \u00fche p\u00f5hi\u00fclesandena Eesti limuste nimekirja uuendamist ja publitseerimist, samuti eestikeelse m\u00e4\u00e4raja koostamist.<\/p>\n<p>EM\u00dc ei ole iseseisev juriidiline isik ega taotle seda \u00f5igust, vaid tegutseb t\u00e4ies vastavuses LUS&#8217;i p\u00f5hikirjaga.<\/p>\n","protected":false},"excerpt":{"rendered":"<p>Esinaine: Annelie Ehlvest e-mail: anneli.ehlvest(at)teec.ee Eesti Malakoloogia \u00dching (EM\u00dc) asutati 6. juulil 1996 Narva-J\u00f5esuus. Eesti Looduseuurijate Seltsi juhatus v\u00f5ttis EM\u00dc 29. oktoobril 1996. a. vastu LUS&#8217;i sektsiooni \u00f5igustes. Selle kuup\u00e4eva seisuga oli \u00fchingus 17 registreerunud liiget. Nimekiri on avatud ja ootab uusi sooviavaldusi k\u00f5igilt huvilistelt. \u00dchingu peamiseks eesm\u00e4rgiks on koondada k\u00f5ikjal \u00fcle Eesti paiknevad malakoloogid, &hellip; <a href=\"https:\/\/vana.elus.ee\/?page_id=115\" class=\"more-link\">Continue reading <span class=\"screen-reader-text\">Eesti Malakoloogia \u00dching<\/span><\/a><\/p>\n","protected":false},"author":1,"featured_media":0,"parent":0,"menu_order":0,"comment_status":"closed","ping_status":"closed","template":"","meta":{"footnotes":""},"class_list":["post-115","page","type-page","status-publish","hentry"],"_links":{"self":[{"href":"https:\/\/vana.elus.ee\/index.php?rest_route=\/wp\/v2\/pages\/115","targetHints":{"allow":["GET"]}}],"collection":[{"href":"https:\/\/vana.elus.ee\/index.php?rest_route=\/wp\/v2\/pages"}],"about":[{"href":"https:\/\/vana.elus.ee\/index.php?rest_route=\/wp\/v2\/types\/page"}],"author":[{"embeddable":true,"href":"https:\/\/vana.elus.ee\/index.php?rest_route=\/wp\/v2\/users\/1"}],"replies":[{"embeddable":true,"href":"https:\/\/vana.elus.ee\/index.php?rest_route=%2Fwp%2Fv2%2Fcomments&post=115"}],"version-history":[{"count":1,"href":"https:\/\/vana.elus.ee\/index.php?rest_route=\/wp\/v2\/pages\/115\/revisions"}],"predecessor-version":[{"id":117,"href":"https:\/\/vana.elus.ee\/index.php?rest_route=\/wp\/v2\/pages\/115\/revisions\/117"}],"wp:attachment":[{"href":"https:\/\/vana.elus.ee\/index.php?rest_route=%2Fwp%2Fv2%2Fmedia&parent=115"}],"curies":[{"name":"wp","href":"https:\/\/api.w.org\/{rel}","templated":true}]}}