{"id":112,"date":"2015-10-02T13:29:26","date_gmt":"2015-10-02T10:29:26","guid":{"rendered":"https:\/\/vana.elus.ee\/?page_id=112"},"modified":"2021-09-15T16:18:27","modified_gmt":"2021-09-15T13:18:27","slug":"eesti-terioloogia-selts","status":"publish","type":"page","link":"https:\/\/vana.elus.ee\/?page_id=112","title":{"rendered":"Eesti Terioloogia Selts"},"content":{"rendered":"<p>Esimees: Oliver Kalda<br \/>\ne-mail: oliver.kalda@gmail.com<\/p>\n<p>Koduleht: <a href=\"http:\/\/www.terio.ee\/\">http:\/\/www.terio.ee\/<\/a><\/p>\n<p>Eesti Terioloogia Selts (ETS) asutati 1980. aastal tollase N\u00f5ukogude Liidu Terioloogia Seltsi ja Eesti Looduseuurijate Seltsi haruna. Alates 1991. aastast on selts iseseisev \u00fcksus Eesti Looduseuurijate Seltsi sektsioonina.<br \/>\nErinevatel aegadel on Eesti Terioloogia Selts \u00fchendanud 20 kuni 40 professionaalset ja amat\u00f6\u00f6rterioloogi kogu Eestist. Enamik neist t\u00f6\u00f6tab Tallinna ja Tartu teadusasutuste juures (Tartu \u00dclikool, Eesti Metsainstituut, Tallinna loomaaed, Eesti Loodusmuuseum).<br \/>\nSeltsi \u00fcheks peamiseks \u00fclesandeks on lihtsustada informatsiooni vahetust terioloogide vahel. Selleks peetakse regulaarseid t\u00f6\u00f6koosolekuid. Peamiseks tegevuseks on Eesti imetajate uurimine. Paljude aastate jooksul on spetsiaalne komitee t\u00f6\u00f6tanud \u00abEesti imetajate levikuatlase\u00bb koostamisel.<br \/>\nETS on organiseerinud Terioloogia S\u00fcgiskooli vormis konverentse ning ka Rahvusvahelise Balti Terioloogide Konverentsi.<br \/>\nEesti Terioloogia Selts publitseerib aperioodilisi v\u00e4ljaandeid \u00abEesti ulukid\u00bb ja \u00abFolia Theriologica Estonica\u00bb.<\/p>\n","protected":false},"excerpt":{"rendered":"<p>Esimees: Oliver Kalda e-mail: oliver.kalda@gmail.com Koduleht: http:\/\/www.terio.ee\/ Eesti Terioloogia Selts (ETS) asutati 1980. aastal tollase N\u00f5ukogude Liidu Terioloogia Seltsi ja Eesti Looduseuurijate Seltsi haruna. Alates 1991. aastast on selts iseseisev \u00fcksus Eesti Looduseuurijate Seltsi sektsioonina. Erinevatel aegadel on Eesti Terioloogia Selts \u00fchendanud 20 kuni 40 professionaalset ja amat\u00f6\u00f6rterioloogi kogu Eestist. Enamik neist t\u00f6\u00f6tab Tallinna ja &hellip; <a href=\"https:\/\/vana.elus.ee\/?page_id=112\" class=\"more-link\">Continue reading <span class=\"screen-reader-text\">Eesti Terioloogia Selts<\/span><\/a><\/p>\n","protected":false},"author":1,"featured_media":0,"parent":0,"menu_order":0,"comment_status":"closed","ping_status":"closed","template":"","meta":{"footnotes":""},"class_list":["post-112","page","type-page","status-publish","hentry"],"_links":{"self":[{"href":"https:\/\/vana.elus.ee\/index.php?rest_route=\/wp\/v2\/pages\/112","targetHints":{"allow":["GET"]}}],"collection":[{"href":"https:\/\/vana.elus.ee\/index.php?rest_route=\/wp\/v2\/pages"}],"about":[{"href":"https:\/\/vana.elus.ee\/index.php?rest_route=\/wp\/v2\/types\/page"}],"author":[{"embeddable":true,"href":"https:\/\/vana.elus.ee\/index.php?rest_route=\/wp\/v2\/users\/1"}],"replies":[{"embeddable":true,"href":"https:\/\/vana.elus.ee\/index.php?rest_route=%2Fwp%2Fv2%2Fcomments&post=112"}],"version-history":[{"count":7,"href":"https:\/\/vana.elus.ee\/index.php?rest_route=\/wp\/v2\/pages\/112\/revisions"}],"predecessor-version":[{"id":1065,"href":"https:\/\/vana.elus.ee\/index.php?rest_route=\/wp\/v2\/pages\/112\/revisions\/1065"}],"wp:attachment":[{"href":"https:\/\/vana.elus.ee\/index.php?rest_route=%2Fwp%2Fv2%2Fmedia&parent=112"}],"curies":[{"name":"wp","href":"https:\/\/api.w.org\/{rel}","templated":true}]}}