{"id":109,"date":"2015-10-02T13:28:47","date_gmt":"2015-10-02T10:28:47","guid":{"rendered":"https:\/\/vana.elus.ee\/?page_id=109"},"modified":"2015-10-02T13:28:47","modified_gmt":"2015-10-02T10:28:47","slug":"eesti-okoloogiakogu","status":"publish","type":"page","link":"https:\/\/vana.elus.ee\/?page_id=109","title":{"rendered":"Eesti \u00d6koloogiakogu"},"content":{"rendered":"<p>Eesti \u00d6koloogiakogu asutati 1983. aastal kui Eesti Looduseuurijate Seltsi ja Eesti Looduskaitse\u00fchingu Seltsi \u00fchine t\u00fctarorganisatsioon. Kindla liikmeskonnata (okokogu@lists.ut.ee) kogu peamiseks tegevuseks on olnud mitmesuguste \u00f6koloogiliste teemade arutamine t\u00f6\u00f6kohtumistel, Eesti \u00d6koloogiap\u00e4evadel ja Eesti \u00d6koloogiakonverentsidel.<\/p>\n<p>\u00d6koloogiakogu juhatus alates 2010:<br \/>\nToomas Frey &#8211; auesimees (e-mail: toomas.frey(at)teec.ee)<br \/>\n\u00dclo Mander &#8211; esimees (e-mail: ulo.mander(at)ut.ee)<br \/>\nArvo Iital<br \/>\nTiiu Koff<br \/>\nGeorg Martin<br \/>\nRaivo M\u00e4nd<br \/>\nTiina N\u00f5ges<br \/>\nT\u00f5nu Oja<br \/>\nHanno Zingel<br \/>\nMartin Zobel<\/p>\n<p>Eesti \u00d6koloogiakonverentside korraldamise m\u00f5te tekkis juba enam kui 25 aastat tagasi ja selle aja jooksul on \u00fcldjuhul peetud igal kolmandal aastal konverents. Nende temaatika on olnud seotud eelk\u00f5ige Eestiga ja igal konverentsil on olnud ka oma eelisteema:<br \/>\nI Uurimused Eesti looduslikes \u00f6kos\u00fcsteemides 11. &#8211; 13. XII 1978<br \/>\nII Keskkonnakaitse \u00f6koloogilised aspektid 08. &#8211; 10. IV 1982<br \/>\nIII Rakendus\u00f6koloogia k\u00fcsimusi Eestis 11. &#8211; 13. IV 1985<br \/>\nIV \u00d6koloogia ja \u00fchiskond 23. &#8211; 25. III 1988<br \/>\nV \u00d6koloogia ja energeetika 24. &#8211; 26. IV 1991<br \/>\nVI Alalhoidlik areng ja looduskeskne elulaad 24. &#8211; 25. IV 1994<br \/>\nVII Ajalised muutused Eesti eluslooduses ja keskkonnas 08. &#8211; 09. V 1997<br \/>\nVIII Loodusteaduslikud \u00fclevaated Eesti Maa P\u00e4eval 26. &#8211; 27. IV 2000<br \/>\nIX Eesti \u00f6koloogia globaliseeruvas maailmas 11. &#8211; 12. IV 2003<br \/>\n\u00d6koloogiakonverentside materjalid on tr\u00fckitud kokku 10 raamatuna (I konverentsil 2 k\u00f6ites) j\u00e4tkuva \u00fcldpealkirjaga Kaasaegse \u00f6koloogia probleemid ning allpealkirjaga, nagu n\u00e4itab vastava konverentsi eelisteema.<br \/>\nEesti \u00d6koloogiap\u00e4evi peetakse konverentside vaheaastatel alates 1984 (materjalid tr\u00fckitud alates 1999):<br \/>\nI Kas \u00f6koloogial on oma seadused? 17. II 1984<br \/>\nII \u00d6koloogia ja globaalprobleemid 14. II 1986<br \/>\nIII Happevihmad meil ja mujal 12. II 1987<br \/>\nIV V\u00e4ikerahvas vajab kaitset 14. II 1989<br \/>\nV Rahvusvaheline Maa P\u00e4ev 21. IV 1990<br \/>\nVI Loodusseire 24. IV 1992<br \/>\nVII Looduskasutus privatiseerimise tingimustes 02. III 1993<br \/>\nVIII Eesti Riiklik Seireprogramm 22. IV 1995<br \/>\nIX Eesti Keskkonnastrateegia 04. X. 1996<br \/>\nX V\u00e4rsked m\u00f5tted Eesti \u00f6koloogias 08. V 1998<br \/>\nXI Loodusliku mitmekesisuse kaitse viisid ja vahendid 20. IV 1999<br \/>\nXII Eesti loodus ja Euroopa Liit 27. IV 2001<br \/>\nXIII Eesti s\u00fcsinikubilansi \u00f6koloogiast ja \u00f6konoomikast 03. V 2002<br \/>\nXIV Raie ja uuendus Eesti metsas 16. IV 2004<br \/>\nXV Elurikkus ja \u00f6kos\u00fcsteemid 08-09.04.2010<\/p>\n","protected":false},"excerpt":{"rendered":"<p>Eesti \u00d6koloogiakogu asutati 1983. aastal kui Eesti Looduseuurijate Seltsi ja Eesti Looduskaitse\u00fchingu Seltsi \u00fchine t\u00fctarorganisatsioon. Kindla liikmeskonnata (okokogu@lists.ut.ee) kogu peamiseks tegevuseks on olnud mitmesuguste \u00f6koloogiliste teemade arutamine t\u00f6\u00f6kohtumistel, Eesti \u00d6koloogiap\u00e4evadel ja Eesti \u00d6koloogiakonverentsidel. \u00d6koloogiakogu juhatus alates 2010: Toomas Frey &#8211; auesimees (e-mail: toomas.frey(at)teec.ee) \u00dclo Mander &#8211; esimees (e-mail: ulo.mander(at)ut.ee) Arvo Iital Tiiu Koff Georg Martin &hellip; <a href=\"https:\/\/vana.elus.ee\/?page_id=109\" class=\"more-link\">Continue reading <span class=\"screen-reader-text\">Eesti \u00d6koloogiakogu<\/span><\/a><\/p>\n","protected":false},"author":1,"featured_media":0,"parent":0,"menu_order":0,"comment_status":"closed","ping_status":"closed","template":"","meta":{"footnotes":""},"class_list":["post-109","page","type-page","status-publish","hentry"],"_links":{"self":[{"href":"https:\/\/vana.elus.ee\/index.php?rest_route=\/wp\/v2\/pages\/109","targetHints":{"allow":["GET"]}}],"collection":[{"href":"https:\/\/vana.elus.ee\/index.php?rest_route=\/wp\/v2\/pages"}],"about":[{"href":"https:\/\/vana.elus.ee\/index.php?rest_route=\/wp\/v2\/types\/page"}],"author":[{"embeddable":true,"href":"https:\/\/vana.elus.ee\/index.php?rest_route=\/wp\/v2\/users\/1"}],"replies":[{"embeddable":true,"href":"https:\/\/vana.elus.ee\/index.php?rest_route=%2Fwp%2Fv2%2Fcomments&post=109"}],"version-history":[{"count":1,"href":"https:\/\/vana.elus.ee\/index.php?rest_route=\/wp\/v2\/pages\/109\/revisions"}],"predecessor-version":[{"id":111,"href":"https:\/\/vana.elus.ee\/index.php?rest_route=\/wp\/v2\/pages\/109\/revisions\/111"}],"wp:attachment":[{"href":"https:\/\/vana.elus.ee\/index.php?rest_route=%2Fwp%2Fv2%2Fmedia&parent=109"}],"curies":[{"name":"wp","href":"https:\/\/api.w.org\/{rel}","templated":true}]}}