{"id":106,"date":"2015-10-02T13:27:49","date_gmt":"2015-10-02T10:27:49","guid":{"rendered":"https:\/\/vana.elus.ee\/?page_id=106"},"modified":"2025-10-27T13:27:23","modified_gmt":"2025-10-27T10:27:23","slug":"sektsioonid","status":"publish","type":"page","link":"https:\/\/vana.elus.ee\/?page_id=106","title":{"rendered":"Sektsioonid"},"content":{"rendered":"<p>Suur osa seltsi t\u00f6\u00f6st ja tegevustest toimub sektsioonide kaudu, eriti hoogustus nende loomine 1920-datest aastatest alates, mil vastav s\u00e4te viidi sisse ka seltsi p\u00f5hikirja.<\/p>\n<p>Looduseuurijate Seltsi esimese all\u00fcksusena moodustati 1905. aastal j\u00e4rvekomisjon, samal aastal loodi ka raamatukogukomisjon, m\u00f5lemad tegutsevad siiani. Neile j\u00e4rgnevalt on loodud v\u00e4ga mitmeid ning v\u00e4ga erinevaid sektsioone, millest m\u00f5ned tegutsevad t\u00e4nap\u00e4evani, m\u00f5nede tegutsemisiga j\u00e4i aga \u00fcsna napiks.<\/p>\n<ul>\n<li>1905 J\u00e4rvekomisjon<\/li>\n<li>1905 Raamatukogukomisjon<\/li>\n<li>1905 aprill-oktoober Elamukomisjon<\/li>\n<li>1907-1914 Pedagoogiline komisjon<\/li>\n<li>1920-1976 Looduskaitsesektsioon<\/li>\n<li>1921-1991 Ornitoloogiasektsioon, alates 1991 tegutseb Eesti Ornitoloogia\u00fching<\/li>\n<li>1928 Botaanikasektsioon,<\/li>\n<li>1930-1963 Tallinna osakond<\/li>\n<li>1931 Geoloogia- ja geomorfoloogia sektsioon, 1935 nimetati \u00fcmber geoloogia- ja geograafia sektsiooniks, alates 1957 geoloogiasektsioon<\/li>\n<li>1936-1940 Kartograafiakomisjon<\/li>\n<li>1937 Entomoloogiasektsioon<\/li>\n<li>1939 Antropoloogiasektsioon<\/li>\n<li>1940 aprill-juuni F\u00fc\u00fcsika ja keemia sektsioon<\/li>\n<li>1947 Metsandussektsioon<\/li>\n<li>1955 Usaldusmeeste komisjon, \u00fchendati 1956 fenoloogiakomisjoniga<\/li>\n<li>1956-1993 Fenoloogiakomisjon, peale \u00fchinemist usaldusmeeste komisjoniga nimetati fenoloogia ja usaldusmeeste komisjon, 1966 aastast taas algse nimega<\/li>\n<li>1956-1963 Mullateaduste ja rakenduskeemia sektsioon<\/li>\n<li>1957-1995 T\u00e4ppisteaduste sektsioon<\/li>\n<li>1957-1960 Populaarteadusliku kirjanduse sektsioon<\/li>\n<li>1958-1964 Rahvaobservatoorium<\/li>\n<li>1957-1967 Rakendusbioloogiasektsioon, 1967 \u00fchendati biokeemiasektsiooniga<\/li>\n<li>1959-1979 Biokeemiasektsioon<\/li>\n<li>1959-1970 Noorte looduseuurijate sektsioon<\/li>\n<li>1960 Loodusteaduste ajaloo komisjon<\/li>\n<li>1962-2009 Bioloogiasektsioon<\/li>\n<li>1962-1995 Mikrobioloogiasektsioon<\/li>\n<li>1963 M\u00fckoloogiasektsioon<\/li>\n<li>1965-1976 Koolibioloogia komisjon<\/li>\n<li>1966-1977 \u00dcldbioloogia, geneetika ja selektsiooni sektsioon, 1977 reorganiseeriti teoreetilise bioloogia sektsiooniks<\/li>\n<li>1967-1976 Looduskaitse konsultatiivgrupp<\/li>\n<li>1976-1996 Reisikomisjon<\/li>\n<li>1977 Teoreetilise bioloogia sektsioon<\/li>\n<li>1980-1996 Taimef\u00fcsioloogia sektsioon<\/li>\n<li>1980 Terioloogiasektsioon, alates 1992 Eesti Terioloogia Selts<\/li>\n<li>1983 Eesti \u00d6koloogiakogu<\/li>\n<li>1989 Teaduslike roheliste \u00fchendus<\/li>\n<li>1989 Auliikmete kogu<\/li>\n<li>1993 Jakob von Uexk\u00fclli Keskus<\/li>\n<li>1996 Eesti Malakoloogia \u00dching<\/li>\n<li>1996 Ulukibioloogia Keskus<\/li>\n<li>1996 Maismaaselgrootute liigilise mitmekesisuse uurimise ja kaitse toimkond, tegutses edaspidi entomoloogiasektsiooni raames<\/li>\n<li>1996-2009 Informaatika t\u00f6\u00f6r\u00fchm<\/li>\n<li>2002 Ilmahuviliste sektsioon<\/li>\n<li>2003 Loodushariduse komisjon<\/li>\n<li>2008 \u00d6koloogia eesti keelse terminoloogia komisjon<\/li>\n<li>2025 Eesti eDNA selts<\/li>\n<\/ul>\n","protected":false},"excerpt":{"rendered":"<p>Suur osa seltsi t\u00f6\u00f6st ja tegevustest toimub sektsioonide kaudu, eriti hoogustus nende loomine 1920-datest aastatest alates, mil vastav s\u00e4te viidi sisse ka seltsi p\u00f5hikirja. Looduseuurijate Seltsi esimese all\u00fcksusena moodustati 1905. aastal j\u00e4rvekomisjon, samal aastal loodi ka raamatukogukomisjon, m\u00f5lemad tegutsevad siiani. Neile j\u00e4rgnevalt on loodud v\u00e4ga mitmeid ning v\u00e4ga erinevaid sektsioone, millest m\u00f5ned tegutsevad t\u00e4nap\u00e4evani, m\u00f5nede &hellip; <a href=\"https:\/\/vana.elus.ee\/?page_id=106\" class=\"more-link\">Continue reading <span class=\"screen-reader-text\">Sektsioonid<\/span><\/a><\/p>\n","protected":false},"author":1,"featured_media":0,"parent":0,"menu_order":0,"comment_status":"closed","ping_status":"closed","template":"","meta":{"footnotes":""},"class_list":["post-106","page","type-page","status-publish","hentry"],"_links":{"self":[{"href":"https:\/\/vana.elus.ee\/index.php?rest_route=\/wp\/v2\/pages\/106","targetHints":{"allow":["GET"]}}],"collection":[{"href":"https:\/\/vana.elus.ee\/index.php?rest_route=\/wp\/v2\/pages"}],"about":[{"href":"https:\/\/vana.elus.ee\/index.php?rest_route=\/wp\/v2\/types\/page"}],"author":[{"embeddable":true,"href":"https:\/\/vana.elus.ee\/index.php?rest_route=\/wp\/v2\/users\/1"}],"replies":[{"embeddable":true,"href":"https:\/\/vana.elus.ee\/index.php?rest_route=%2Fwp%2Fv2%2Fcomments&post=106"}],"version-history":[{"count":2,"href":"https:\/\/vana.elus.ee\/index.php?rest_route=\/wp\/v2\/pages\/106\/revisions"}],"predecessor-version":[{"id":2359,"href":"https:\/\/vana.elus.ee\/index.php?rest_route=\/wp\/v2\/pages\/106\/revisions\/2359"}],"wp:attachment":[{"href":"https:\/\/vana.elus.ee\/index.php?rest_route=%2Fwp%2Fv2%2Fmedia&parent=106"}],"curies":[{"name":"wp","href":"https:\/\/api.w.org\/{rel}","templated":true}]}}